{"id":55363,"date":"2022-11-21T09:11:35","date_gmt":"2022-11-21T08:11:35","guid":{"rendered":"https:\/\/www.eputec.de\/aspirateurs-a-air-comprime-exair\/aspirateur-pour-copeaux-chip-vac\/"},"modified":"2025-02-26T09:33:56","modified_gmt":"2025-02-26T08:33:56","slug":"aspirateur-pour-copeaux-chip-vac","status":"publish","type":"page","link":"https:\/\/www.eputec.de\/fr\/aspirateurs-a-air-comprime-exair\/aspirateur-pour-copeaux-chip-vac\/","title":{"rendered":"Aspirateur pour copeaux Chip Vac"},"content":{"rendered":"<p><div class=\"fusion-fullwidth fullwidth-box fusion-builder-row-1 fusion-flex-container has-pattern-background has-mask-background nonhundred-percent-fullwidth non-hundred-percent-height-scrolling\" style=\"--awb-border-radius-top-left:0px;--awb-border-radius-top-right:0px;--awb-border-radius-bottom-right:0px;--awb-border-radius-bottom-left:0px;--awb-flex-wrap:wrap;\" ><div class=\"fusion-builder-row fusion-row fusion-flex-align-items-flex-start fusion-flex-content-wrap\" style=\"max-width:1216.8px;margin-left: calc(-4% \/ 2 );margin-right: calc(-4% \/ 2 );\"><div class=\"fusion-layout-column fusion_builder_column fusion-builder-column-0 fusion_builder_column_1_1 1_1 fusion-flex-column\" style=\"--awb-bg-size:cover;--awb-width-large:100%;--awb-margin-top-large:15px;--awb-spacing-right-large:1.92%;--awb-margin-bottom-large:15px;--awb-spacing-left-large:1.92%;--awb-width-medium:100%;--awb-order-medium:0;--awb-spacing-right-medium:1.92%;--awb-spacing-left-medium:1.92%;--awb-width-small:100%;--awb-order-small:0;--awb-spacing-right-small:1.92%;--awb-spacing-left-small:1.92%;\"><div class=\"fusion-column-wrapper fusion-column-has-shadow fusion-flex-justify-content-flex-start fusion-content-layout-column\"><div class=\"fusion-text fusion-text-1\"><h2>Aspirateurs industriels pour copeaux \u2013 Des solutions puissantes et durables pour un nettoyage optimal<\/h2>\n<p>Un environnement de travail propre et s\u00e9curis\u00e9 est essentiel dans les industries o\u00f9 les copeaux m\u00e9talliques, plastiques ou autres d\u00e9bris solides s\u2019accumulent rapidement. Nos aspirateurs pour copeaux fonctionnent \u00e0 l\u2019air comprim\u00e9, offrant une aspiration puissante sans pi\u00e8ces mobiles susceptibles de s\u2019user. Robustes et faciles \u00e0 utiliser, ils s\u2019adaptent parfaitement aux exigences des ateliers et des sites industriels.<\/p>\n<p><a href=\"https:\/\/www.eputec.de\/fr\/aspirateurs-a-air-comprime-exair\/aspirateur-pour-copeaux-chip-vac\/chip-vac-aspirateur-sur-fut-aspirateur-de-copeaux\/\">L\u2019Aspirateur pour copeaux Chip Vac<\/a> est con\u00e7u pour aspirer efficacement les copeaux et mati\u00e8res solides directement dans un f\u00fbt, simplifiant ainsi la gestion des d\u00e9chets. Pour les applications n\u00e9cessitant une puissance accrue, le <a href=\"https:\/\/www.eputec.de\/fr\/aspirateurs-a-air-comprime-exair\/aspirateur-pour-copeaux-chip-vac\/aspirateur-de-copeaux-heavy-duty-dry-vac\/\">Heavy Duty Dry Vac<\/a> assure un d\u00e9bit d\u2019aspiration sup\u00e9rieur pour un nettoyage encore plus rapide et efficace. Que vous recherchiez un aspirateur \u00e0 copeaux standard ou un mod\u00e8le haute performance, nos solutions garantissent un entretien simplifi\u00e9 et une durabilit\u00e9 exceptionnelle.<\/p>\n<\/div><\/div><\/div><\/div><\/div><div class=\"fusion-fullwidth fullwidth-box fusion-builder-row-2 nonhundred-percent-fullwidth non-hundred-percent-height-scrolling\" style=\"--awb-background-position:left top;--awb-border-sizes-top:0px;--awb-border-sizes-bottom:0px;--awb-border-sizes-left:0px;--awb-border-sizes-right:0px;--awb-border-radius-top-left:0px;--awb-border-radius-top-right:0px;--awb-border-radius-bottom-right:0px;--awb-border-radius-bottom-left:0px;--awb-flex-wrap:wrap;\" ><div class=\"fusion-builder-row fusion-row\"><div class=\"fusion-layout-column fusion_builder_column fusion-builder-column-1 fusion_builder_column_1_2 1_2 fusion-one-half fusion-column-first\" style=\"--awb-bg-size:cover;width:48%; margin-right: 4%;\"><div class=\"fusion-column-wrapper fusion-flex-column-wrapper-legacy\"><div class=\"fusion-title title fusion-title-1 fusion-sep-none fusion-title-text fusion-title-size-two\" style=\"--awb-margin-top-small:0px;--awb-margin-right-small:0px;--awb-margin-bottom-small:20px;--awb-margin-left-small:0px;\"><h2 class=\"fusion-title-heading title-heading-left fusion-responsive-typography-calculated\" style=\"margin:0;--fontSize:21.6;--minFontSize:21.6;line-height:1.2;\"><a href=\"https:\/\/www.eputec.de\/fr\/aspirateurs-a-air-comprime-exair\/aspirateur-pour-copeaux-chip-vac\/chip-vac-aspirateur-sur-fut-aspirateur-de-copeaux\/\">Aspirateur de copeaux Chip Vac\u2122 &#8211; Aspirateur sur f\u00fbt pour copeaux<\/a><\/h2><\/div><div class=\"fusion-image-element in-legacy-container\" style=\"--awb-caption-title-font-family:var(--h2_typography-font-family);--awb-caption-title-font-weight:var(--h2_typography-font-weight);--awb-caption-title-font-style:var(--h2_typography-font-style);--awb-caption-title-size:var(--h2_typography-font-size);--awb-caption-title-transform:var(--h2_typography-text-transform);--awb-caption-title-line-height:var(--h2_typography-line-height);--awb-caption-title-letter-spacing:var(--h2_typography-letter-spacing);\"><span class=\" fusion-imageframe imageframe-none imageframe-1 hover-type-none\"><a class=\"fusion-no-lightbox\" href=\"https:\/\/www.eputec.de\/fr\/aspirateurs-a-air-comprime-exair\/aspirateur-pour-copeaux-chip-vac\/chip-vac-aspirateur-sur-fut-aspirateur-de-copeaux\/\" target=\"_self\" aria-label=\"Chip Vac\u2122 (Sauger f\u00fcr Feststoffe)\"><img decoding=\"async\" width=\"300\" height=\"303\" alt=\"Chip Vac\u2122 (Sauger f\u00fcr Feststoffe)\" src=\"https:\/\/www.eputec.de\/wp-content\/uploads\/2016\/12\/Industriesauger-fuer-Feststoffe-a.jpg\" data-orig-src=\"https:\/\/www.eputec.de\/wp-content\/uploads\/2016\/12\/Industriesauger-fuer-Feststoffe-a.jpg\" class=\"lazyload img-responsive wp-image-75118\" srcset=\"data:image\/svg+xml,%3Csvg%20xmlns%3D%27http%3A%2F%2Fwww.w3.org%2F2000%2Fsvg%27%20width%3D%27300%27%20height%3D%27303%27%20viewBox%3D%270%200%20300%20303%27%3E%3Crect%20width%3D%27300%27%20height%3D%27303%27%20fill-opacity%3D%220%22%2F%3E%3C%2Fsvg%3E\" data-srcset=\"https:\/\/www.eputec.de\/wp-content\/uploads\/2016\/12\/Industriesauger-fuer-Feststoffe-a-200x202.jpg 200w, https:\/\/www.eputec.de\/wp-content\/uploads\/2016\/12\/Industriesauger-fuer-Feststoffe-a.jpg 300w\" data-sizes=\"auto\" data-orig-sizes=\"(max-width: 800px) 100vw, 300px\" \/><\/a><\/span><\/div><div class=\"fusion-sep-clear\"><\/div><div class=\"fusion-separator fusion-full-width-sep\" style=\"margin-left: auto;margin-right: auto;margin-top:10px;width:100%;\"><\/div><div class=\"fusion-sep-clear\"><\/div><div class=\"fusion-text fusion-text-2\"><p>Cet aspirateur pour copeaux aspire les mati\u00e8res solides et les copeaux directement dans un f\u00fbt. L&rsquo;aspirateur sur f\u00fbts \u00e0 air comprim\u00e9 ne comporte aucune pi\u00e8ce mobile qui s&rsquo;use ou se casse, ce qui lui assure une longue dur\u00e9e de vie.<\/p>\n<\/div><div class=\"fusion-clearfix\"><\/div><\/div><\/div><div class=\"fusion-layout-column fusion_builder_column fusion-builder-column-2 fusion_builder_column_1_2 1_2 fusion-one-half fusion-column-last\" style=\"--awb-bg-size:cover;width:48%;\"><div class=\"fusion-column-wrapper fusion-flex-column-wrapper-legacy\"><div class=\"fusion-title title fusion-title-2 fusion-sep-none fusion-title-text fusion-title-size-two\" style=\"--awb-margin-top-small:0px;--awb-margin-right-small:0px;--awb-margin-bottom-small:20px;--awb-margin-left-small:0px;\"><h2 class=\"fusion-title-heading title-heading-left fusion-responsive-typography-calculated\" style=\"margin:0;--fontSize:21.6;--minFontSize:21.6;line-height:1.2;\"><a href=\"https:\/\/www.eputec.de\/fr\/aspirateurs-a-air-comprime-exair\/aspirateur-pour-copeaux-chip-vac\/aspirateur-de-copeaux-heavy-duty-dry-vac\/\">Heavy Duty Dry Vac\u2122\u00a0&#8211; Aspirateur haute performance pour les mati\u00e8res solides<\/a><\/h2><\/div><div class=\"fusion-image-element in-legacy-container\" style=\"--awb-caption-title-font-family:var(--h2_typography-font-family);--awb-caption-title-font-weight:var(--h2_typography-font-weight);--awb-caption-title-font-style:var(--h2_typography-font-style);--awb-caption-title-size:var(--h2_typography-font-size);--awb-caption-title-transform:var(--h2_typography-text-transform);--awb-caption-title-line-height:var(--h2_typography-line-height);--awb-caption-title-letter-spacing:var(--h2_typography-letter-spacing);\"><span class=\" fusion-imageframe imageframe-none imageframe-2 hover-type-none\"><a class=\"fusion-no-lightbox\" href=\"https:\/\/www.eputec.de\/fr\/aspirateurs-a-air-comprime-exair\/aspirateur-pour-copeaux-chip-vac\/aspirateur-de-copeaux-heavy-duty-dry-vac\/\" target=\"_self\" aria-label=\"Heavy Duty Dry Vac (Hochleistungssauger f\u00fcr Feststoffe)\"><img decoding=\"async\" width=\"300\" height=\"305\" alt=\"Heavy Duty Dry Vac (Hochleistungssauger f\u00fcr Feststoffe)\" src=\"https:\/\/www.eputec.de\/wp-content\/uploads\/2016\/12\/Hochleistungssauger-fuer-Feststoffe-a.jpg\" data-orig-src=\"https:\/\/www.eputec.de\/wp-content\/uploads\/2016\/12\/Hochleistungssauger-fuer-Feststoffe-a.jpg\" class=\"lazyload img-responsive wp-image-75123\" srcset=\"data:image\/svg+xml,%3Csvg%20xmlns%3D%27http%3A%2F%2Fwww.w3.org%2F2000%2Fsvg%27%20width%3D%27300%27%20height%3D%27305%27%20viewBox%3D%270%200%20300%20305%27%3E%3Crect%20width%3D%27300%27%20height%3D%27305%27%20fill-opacity%3D%220%22%2F%3E%3C%2Fsvg%3E\" data-srcset=\"https:\/\/www.eputec.de\/wp-content\/uploads\/2016\/12\/Hochleistungssauger-fuer-Feststoffe-a-200x203.jpg 200w, https:\/\/www.eputec.de\/wp-content\/uploads\/2016\/12\/Hochleistungssauger-fuer-Feststoffe-a.jpg 300w\" data-sizes=\"auto\" data-orig-sizes=\"(max-width: 800px) 100vw, 300px\" \/><\/a><\/span><\/div><div class=\"fusion-sep-clear\"><\/div><div class=\"fusion-separator fusion-full-width-sep\" style=\"margin-left: auto;margin-right: auto;margin-top:10px;width:100%;\"><\/div><div class=\"fusion-sep-clear\"><\/div><div class=\"fusion-text fusion-text-3\"><p>Identique \u00e0 l&rsquo;aspirateur pour copeaux Chip Vac, mais avec des performances nettement sup\u00e9rieures\u00a0! Le Heavy Duty Dry Vac a \u00e9t\u00e9 sp\u00e9cialement con\u00e7u pour aspirer plus de mat\u00e9riaux secs en moins de temps et avec moins d&rsquo;usure.<\/p>\n<\/div><div class=\"fusion-clearfix\"><\/div><\/div><\/div><\/div><\/div><div class=\"fusion-fullwidth fullwidth-box fusion-builder-row-3 fusion-flex-container has-pattern-background has-mask-background nonhundred-percent-fullwidth non-hundred-percent-height-scrolling\" style=\"--awb-border-radius-top-left:0px;--awb-border-radius-top-right:0px;--awb-border-radius-bottom-right:0px;--awb-border-radius-bottom-left:0px;--awb-flex-wrap:wrap;\" ><div class=\"fusion-builder-row fusion-row fusion-flex-align-items-flex-start fusion-flex-content-wrap\" style=\"max-width:1216.8px;margin-left: calc(-4% \/ 2 );margin-right: calc(-4% \/ 2 );\"><div class=\"fusion-layout-column fusion_builder_column fusion-builder-column-3 fusion_builder_column_1_1 1_1 fusion-flex-column\" style=\"--awb-bg-size:cover;--awb-width-large:100%;--awb-margin-top-large:15px;--awb-spacing-right-large:1.92%;--awb-margin-bottom-large:15px;--awb-spacing-left-large:1.92%;--awb-width-medium:100%;--awb-order-medium:0;--awb-spacing-right-medium:1.92%;--awb-spacing-left-medium:1.92%;--awb-width-small:100%;--awb-order-small:0;--awb-spacing-right-small:1.92%;--awb-spacing-left-small:1.92%;\"><div class=\"fusion-column-wrapper fusion-column-has-shadow fusion-flex-justify-content-flex-start fusion-content-layout-column\"><div class=\"fusion-text fusion-text-4\"><h2>FAQ \u2013 Tout savoir sur nos aspirateurs \u00e0 copeaux<\/h2>\n<h3>Quelle est la diff\u00e9rence entre l&rsquo;Aspirateur pour copeaux Chip Vac et le Heavy Duty Dry Vac ?<\/h3>\n<p>L\u2019Aspirateur pour copeaux Chip Vac est id\u00e9al pour aspirer les copeaux et mati\u00e8res solides dans un f\u00fbt standard. Il fonctionne uniquement \u00e0 l\u2019air comprim\u00e9, offrant une solution durable et sans entretien. Le Heavy Duty Dry Vac, quant \u00e0 lui, dispose d\u2019une puissance d\u2019aspiration sup\u00e9rieure, permettant de traiter des volumes plus importants en moins de temps.<\/p>\n<h3>Faut-il un entretien particulier pour ces aspirateurs ?<\/h3>\n<p>Non, ces aspirateurs industriels ne poss\u00e8dent pas de pi\u00e8ces mobiles, ce qui minimise l\u2019usure et r\u00e9duit les besoins en maintenance. Un nettoyage occasionnel du filtre suffit pour maintenir une performance optimale.<\/p>\n<h3>Peut-on utiliser ces aspirateurs \u00e0 copeaux avec n\u2019importe quel type de f\u00fbt ?<\/h3>\n<p>Oui, ils sont compatibles avec la plupart des f\u00fbts standard, offrant ainsi une solution flexible et facile \u00e0 mettre en place dans n\u2019importe quel atelier ou espace industriel.<\/p>\n<\/div><\/div><\/div><\/div><\/div><\/p>\n","protected":false},"excerpt":{"rendered":"","protected":false},"author":1,"featured_media":0,"parent":55360,"menu_order":0,"comment_status":"closed","ping_status":"closed","template":"","meta":{"footnotes":""},"class_list":["post-55363","page","type-page","status-publish","hentry"],"yoast_head":"<!-- This site is optimized with the Yoast SEO plugin v27.4 - https:\/\/yoast.com\/product\/yoast-seo-wordpress\/ -->\n<title>Aspirateur de copeaux Chip Vac\u2122 | Exair<\/title>\n<meta name=\"description\" content=\"Aspirateur de copeaux \/ aspirateur sur f\u00fbt \u00e0 air comprim\u00e9 Chip Vac d&amp;apos;Exair pour aspirer les copeaux et les solides secs ou humides.\" \/>\n<meta name=\"robots\" content=\"index, follow, max-snippet:-1, max-image-preview:large, max-video-preview:-1\" \/>\n<link rel=\"canonical\" href=\"https:\/\/www.eputec.de\/fr\/aspirateurs-a-air-comprime-exair\/aspirateur-pour-copeaux-chip-vac\/\" \/>\n<meta property=\"og:locale\" content=\"fr_FR\" \/>\n<meta property=\"og:type\" content=\"article\" \/>\n<meta property=\"og:title\" content=\"Aspirateur de copeaux Chip Vac\u2122 | Exair\" \/>\n<meta property=\"og:description\" content=\"Aspirateur de copeaux \/ aspirateur sur f\u00fbt \u00e0 air comprim\u00e9 Chip Vac d&amp;apos;Exair pour aspirer les copeaux et les solides secs ou humides.\" \/>\n<meta property=\"og:url\" content=\"https:\/\/www.eputec.de\/fr\/aspirateurs-a-air-comprime-exair\/aspirateur-pour-copeaux-chip-vac\/\" \/>\n<meta property=\"og:site_name\" content=\"EPUTEC Solutions professionnelles d\u2019air comprim\u00e9\" \/>\n<meta property=\"article:publisher\" content=\"https:\/\/www.facebook.com\/eputec\/?ref=ts\" \/>\n<meta property=\"article:modified_time\" content=\"2025-02-26T08:33:56+00:00\" \/>\n<meta property=\"og:image\" content=\"https:\/\/www.eputec.de\/wp-content\/uploads\/2016\/12\/Industriesauger-fuer-Feststoffe-a.jpg\" \/>\n<meta name=\"twitter:card\" content=\"summary_large_image\" \/>\n<meta name=\"twitter:label1\" content=\"Dur\u00e9e de lecture estim\u00e9e\" \/>\n\t<meta name=\"twitter:data1\" content=\"3 minutes\" \/>\n<script type=\"application\/ld+json\" class=\"yoast-schema-graph\">{\"@context\":\"https:\\\/\\\/schema.org\",\"@graph\":[{\"@type\":\"WebPage\",\"@id\":\"https:\\\/\\\/www.eputec.de\\\/fr\\\/aspirateurs-a-air-comprime-exair\\\/aspirateur-pour-copeaux-chip-vac\\\/\",\"url\":\"https:\\\/\\\/www.eputec.de\\\/fr\\\/aspirateurs-a-air-comprime-exair\\\/aspirateur-pour-copeaux-chip-vac\\\/\",\"name\":\"Aspirateur de copeaux Chip Vac\u2122 | Exair\",\"isPartOf\":{\"@id\":\"https:\\\/\\\/www.eputec.de\\\/fr\\\/#website\"},\"primaryImageOfPage\":{\"@id\":\"https:\\\/\\\/www.eputec.de\\\/fr\\\/aspirateurs-a-air-comprime-exair\\\/aspirateur-pour-copeaux-chip-vac\\\/#primaryimage\"},\"image\":{\"@id\":\"https:\\\/\\\/www.eputec.de\\\/fr\\\/aspirateurs-a-air-comprime-exair\\\/aspirateur-pour-copeaux-chip-vac\\\/#primaryimage\"},\"thumbnailUrl\":\"https:\\\/\\\/www.eputec.de\\\/wp-content\\\/uploads\\\/2016\\\/12\\\/Industriesauger-fuer-Feststoffe-a.jpg\",\"datePublished\":\"2022-11-21T08:11:35+00:00\",\"dateModified\":\"2025-02-26T08:33:56+00:00\",\"description\":\"Aspirateur de copeaux \\\/ aspirateur sur f\u00fbt \u00e0 air comprim\u00e9 Chip Vac d&apos;Exair pour aspirer les copeaux et les solides secs ou humides.\",\"breadcrumb\":{\"@id\":\"https:\\\/\\\/www.eputec.de\\\/fr\\\/aspirateurs-a-air-comprime-exair\\\/aspirateur-pour-copeaux-chip-vac\\\/#breadcrumb\"},\"inLanguage\":\"fr-FR\",\"potentialAction\":[{\"@type\":\"ReadAction\",\"target\":[\"https:\\\/\\\/www.eputec.de\\\/fr\\\/aspirateurs-a-air-comprime-exair\\\/aspirateur-pour-copeaux-chip-vac\\\/\"]}]},{\"@type\":\"ImageObject\",\"inLanguage\":\"fr-FR\",\"@id\":\"https:\\\/\\\/www.eputec.de\\\/fr\\\/aspirateurs-a-air-comprime-exair\\\/aspirateur-pour-copeaux-chip-vac\\\/#primaryimage\",\"url\":\"https:\\\/\\\/www.eputec.de\\\/wp-content\\\/uploads\\\/2016\\\/12\\\/Industriesauger-fuer-Feststoffe-a.jpg\",\"contentUrl\":\"https:\\\/\\\/www.eputec.de\\\/wp-content\\\/uploads\\\/2016\\\/12\\\/Industriesauger-fuer-Feststoffe-a.jpg\"},{\"@type\":\"BreadcrumbList\",\"@id\":\"https:\\\/\\\/www.eputec.de\\\/fr\\\/aspirateurs-a-air-comprime-exair\\\/aspirateur-pour-copeaux-chip-vac\\\/#breadcrumb\",\"itemListElement\":[{\"@type\":\"ListItem\",\"position\":1,\"name\":\"Home\",\"item\":\"https:\\\/\\\/www.eputec.de\\\/fr\\\/\"},{\"@type\":\"ListItem\",\"position\":2,\"name\":\"Aspirateurs \u00e0 air comprim\u00e9 pour solides et liquides\",\"item\":\"https:\\\/\\\/www.eputec.de\\\/fr\\\/aspirateurs-a-air-comprime-exair\\\/\"},{\"@type\":\"ListItem\",\"position\":3,\"name\":\"Aaspirateur pour mati\u00e8res solides\"}]},{\"@type\":\"WebSite\",\"@id\":\"https:\\\/\\\/www.eputec.de\\\/fr\\\/#website\",\"url\":\"https:\\\/\\\/www.eputec.de\\\/fr\\\/\",\"name\":\"EPUTEC Drucklufttechnik\",\"description\":\"Buses \u00e0 air comprim\u00e9 et technologie d&#039;air comprim\u00e9 d&#039;EPUTEC\",\"potentialAction\":[{\"@type\":\"SearchAction\",\"target\":{\"@type\":\"EntryPoint\",\"urlTemplate\":\"https:\\\/\\\/www.eputec.de\\\/fr\\\/?s={search_term_string}\"},\"query-input\":{\"@type\":\"PropertyValueSpecification\",\"valueRequired\":true,\"valueName\":\"search_term_string\"}}],\"inLanguage\":\"fr-FR\"}]}<\/script>\n<!-- \/ Yoast SEO plugin. -->","yoast_head_json":{"title":"Aspirateur de copeaux Chip Vac\u2122 | Exair","description":"Aspirateur de copeaux \/ aspirateur sur f\u00fbt \u00e0 air comprim\u00e9 Chip Vac d&apos;Exair pour aspirer les copeaux et les solides secs ou humides.","robots":{"index":"index","follow":"follow","max-snippet":"max-snippet:-1","max-image-preview":"max-image-preview:large","max-video-preview":"max-video-preview:-1"},"canonical":"https:\/\/www.eputec.de\/fr\/aspirateurs-a-air-comprime-exair\/aspirateur-pour-copeaux-chip-vac\/","og_locale":"fr_FR","og_type":"article","og_title":"Aspirateur de copeaux Chip Vac\u2122 | Exair","og_description":"Aspirateur de copeaux \/ aspirateur sur f\u00fbt \u00e0 air comprim\u00e9 Chip Vac d&apos;Exair pour aspirer les copeaux et les solides secs ou humides.","og_url":"https:\/\/www.eputec.de\/fr\/aspirateurs-a-air-comprime-exair\/aspirateur-pour-copeaux-chip-vac\/","og_site_name":"EPUTEC Solutions professionnelles d\u2019air comprim\u00e9","article_publisher":"https:\/\/www.facebook.com\/eputec\/?ref=ts","article_modified_time":"2025-02-26T08:33:56+00:00","og_image":[{"url":"https:\/\/www.eputec.de\/wp-content\/uploads\/2016\/12\/Industriesauger-fuer-Feststoffe-a.jpg","type":"","width":"","height":""}],"twitter_card":"summary_large_image","twitter_misc":{"Dur\u00e9e de lecture estim\u00e9e":"3 minutes"},"schema":{"@context":"https:\/\/schema.org","@graph":[{"@type":"WebPage","@id":"https:\/\/www.eputec.de\/fr\/aspirateurs-a-air-comprime-exair\/aspirateur-pour-copeaux-chip-vac\/","url":"https:\/\/www.eputec.de\/fr\/aspirateurs-a-air-comprime-exair\/aspirateur-pour-copeaux-chip-vac\/","name":"Aspirateur de copeaux Chip Vac\u2122 | Exair","isPartOf":{"@id":"https:\/\/www.eputec.de\/fr\/#website"},"primaryImageOfPage":{"@id":"https:\/\/www.eputec.de\/fr\/aspirateurs-a-air-comprime-exair\/aspirateur-pour-copeaux-chip-vac\/#primaryimage"},"image":{"@id":"https:\/\/www.eputec.de\/fr\/aspirateurs-a-air-comprime-exair\/aspirateur-pour-copeaux-chip-vac\/#primaryimage"},"thumbnailUrl":"https:\/\/www.eputec.de\/wp-content\/uploads\/2016\/12\/Industriesauger-fuer-Feststoffe-a.jpg","datePublished":"2022-11-21T08:11:35+00:00","dateModified":"2025-02-26T08:33:56+00:00","description":"Aspirateur de copeaux \/ aspirateur sur f\u00fbt \u00e0 air comprim\u00e9 Chip Vac d&apos;Exair pour aspirer les copeaux et les solides secs ou humides.","breadcrumb":{"@id":"https:\/\/www.eputec.de\/fr\/aspirateurs-a-air-comprime-exair\/aspirateur-pour-copeaux-chip-vac\/#breadcrumb"},"inLanguage":"fr-FR","potentialAction":[{"@type":"ReadAction","target":["https:\/\/www.eputec.de\/fr\/aspirateurs-a-air-comprime-exair\/aspirateur-pour-copeaux-chip-vac\/"]}]},{"@type":"ImageObject","inLanguage":"fr-FR","@id":"https:\/\/www.eputec.de\/fr\/aspirateurs-a-air-comprime-exair\/aspirateur-pour-copeaux-chip-vac\/#primaryimage","url":"https:\/\/www.eputec.de\/wp-content\/uploads\/2016\/12\/Industriesauger-fuer-Feststoffe-a.jpg","contentUrl":"https:\/\/www.eputec.de\/wp-content\/uploads\/2016\/12\/Industriesauger-fuer-Feststoffe-a.jpg"},{"@type":"BreadcrumbList","@id":"https:\/\/www.eputec.de\/fr\/aspirateurs-a-air-comprime-exair\/aspirateur-pour-copeaux-chip-vac\/#breadcrumb","itemListElement":[{"@type":"ListItem","position":1,"name":"Home","item":"https:\/\/www.eputec.de\/fr\/"},{"@type":"ListItem","position":2,"name":"Aspirateurs \u00e0 air comprim\u00e9 pour solides et liquides","item":"https:\/\/www.eputec.de\/fr\/aspirateurs-a-air-comprime-exair\/"},{"@type":"ListItem","position":3,"name":"Aaspirateur pour mati\u00e8res solides"}]},{"@type":"WebSite","@id":"https:\/\/www.eputec.de\/fr\/#website","url":"https:\/\/www.eputec.de\/fr\/","name":"EPUTEC Drucklufttechnik","description":"Buses \u00e0 air comprim\u00e9 et technologie d&#039;air comprim\u00e9 d&#039;EPUTEC","potentialAction":[{"@type":"SearchAction","target":{"@type":"EntryPoint","urlTemplate":"https:\/\/www.eputec.de\/fr\/?s={search_term_string}"},"query-input":{"@type":"PropertyValueSpecification","valueRequired":true,"valueName":"search_term_string"}}],"inLanguage":"fr-FR"}]}},"_links":{"self":[{"href":"https:\/\/www.eputec.de\/fr\/wp-json\/wp\/v2\/pages\/55363","targetHints":{"allow":["GET"]}}],"collection":[{"href":"https:\/\/www.eputec.de\/fr\/wp-json\/wp\/v2\/pages"}],"about":[{"href":"https:\/\/www.eputec.de\/fr\/wp-json\/wp\/v2\/types\/page"}],"author":[{"embeddable":true,"href":"https:\/\/www.eputec.de\/fr\/wp-json\/wp\/v2\/users\/1"}],"replies":[{"embeddable":true,"href":"https:\/\/www.eputec.de\/fr\/wp-json\/wp\/v2\/comments?post=55363"}],"version-history":[{"count":0,"href":"https:\/\/www.eputec.de\/fr\/wp-json\/wp\/v2\/pages\/55363\/revisions"}],"up":[{"embeddable":true,"href":"https:\/\/www.eputec.de\/fr\/wp-json\/wp\/v2\/pages\/55360"}],"wp:attachment":[{"href":"https:\/\/www.eputec.de\/fr\/wp-json\/wp\/v2\/media?parent=55363"}],"curies":[{"name":"wp","href":"https:\/\/api.w.org\/{rel}","templated":true}]}}