{"id":56721,"date":"2023-01-04T08:50:34","date_gmt":"2023-01-04T07:50:34","guid":{"rendered":"https:\/\/www.eputec.de\/buses-de-soufflage-air-nozzles\/buses-de-soufflage-exair-buses-8\/"},"modified":"2023-07-26T14:41:33","modified_gmt":"2023-07-26T12:41:33","slug":"buses-de-soufflage-exair-buses-8","status":"publish","type":"page","link":"https:\/\/www.eputec.de\/fr\/buses-de-soufflage-exair\/buses-de-soufflage-air-nozzles\/buses-de-soufflage-exair-buses-8\/","title":{"rendered":"Buses de soufflage Exair buses 8"},"content":{"rendered":"<div class=\"fusion-fullwidth fullwidth-box fusion-builder-row-1 nonhundred-percent-fullwidth non-hundred-percent-height-scrolling\" style=\"--awb-background-position:left top;--awb-border-sizes-top:0px;--awb-border-sizes-bottom:0px;--awb-border-sizes-left:0px;--awb-border-sizes-right:0px;--awb-border-radius-top-left:0px;--awb-border-radius-top-right:0px;--awb-border-radius-bottom-right:0px;--awb-border-radius-bottom-left:0px;--awb-flex-wrap:wrap;\" ><div class=\"fusion-builder-row fusion-row\"><div class=\"fusion-layout-column fusion_builder_column fusion-builder-column-0 fusion_builder_column_3_4 3_4 fusion-three-fourth fusion-column-first\" style=\"--awb-bg-size:cover;width:74%; margin-right: 4%;\"><div class=\"fusion-column-wrapper fusion-flex-column-wrapper-legacy\"><div class=\"fusion-text fusion-text-1\"><p>La buse \u00e0 fente hautes performances offre une acc\u00e9l\u00e9ration puissante pour les applications qui exigent une pression et une vitesse maximales.<br \/>\nLa consommation d&rsquo;air de cette buse High Power Safety Air Nozzle\u2122 est sup\u00e9rieure \u00e0 celle des autres buses d&rsquo;Exair. Compar\u00e9e aux buses de soufflage classiques de la m\u00eame puissance, sa consommation d&rsquo;air est toutefois faible.<br \/>\nDe plus, la buse \u00e0 fente hautes performances satisfait aux directives OSHA relatives au niveau sonore et \u00e0 la s\u00e9curit\u00e9 pneumatique.<\/p>\n<\/div><div class=\"fusion-clearfix\"><\/div><\/div><\/div><div class=\"fusion-layout-column fusion_builder_column fusion-builder-column-1 fusion_builder_column_1_4 1_4 fusion-one-fourth fusion-column-last\" style=\"--awb-bg-size:cover;width:22%;\"><div class=\"fusion-column-wrapper fusion-flex-column-wrapper-legacy\"><div class=\"fusion-image-element in-legacy-container\" style=\"--awb-caption-title-font-family:var(--h2_typography-font-family);--awb-caption-title-font-weight:var(--h2_typography-font-weight);--awb-caption-title-font-style:var(--h2_typography-font-style);--awb-caption-title-size:var(--h2_typography-font-size);--awb-caption-title-transform:var(--h2_typography-text-transform);--awb-caption-title-line-height:var(--h2_typography-line-height);--awb-caption-title-letter-spacing:var(--h2_typography-letter-spacing);\"><span class=\" fusion-imageframe imageframe-none imageframe-1 hover-type-none\"><img decoding=\"async\" width=\"99\" height=\"99\" alt=\"OSHA\" title=\"OSHA\" src=\"data:image\/svg+xml,%3Csvg%20xmlns%3D%27http%3A%2F%2Fwww.w3.org%2F2000%2Fsvg%27%20width%3D%2799%27%20height%3D%2799%27%20viewBox%3D%270%200%2099%2099%27%3E%3Crect%20width%3D%2799%27%20height%3D%2799%27%20fill-opacity%3D%220%22%2F%3E%3C%2Fsvg%3E\" data-orig-src=\"https:\/\/www.eputec.de\/wp-content\/uploads\/2016\/11\/osha.png\" class=\"lazyload img-responsive wp-image-48689\"\/><\/span><\/div><div class=\"fusion-clearfix\"><\/div><\/div><\/div><div class=\"fusion-layout-column fusion_builder_column fusion-builder-column-2 fusion_builder_column_1_1 1_1 fusion-one-full fusion-column-first fusion-column-last fusion-column-no-min-height\" style=\"--awb-bg-size:cover;--awb-margin-top:0px;--awb-margin-bottom:0px;\"><div class=\"fusion-column-wrapper fusion-flex-column-wrapper-legacy\"><div class=\"fusion-sep-clear\"><\/div><div class=\"fusion-separator fusion-full-width-sep\" style=\"margin-left: auto;margin-right: auto;margin-top:10px;width:100%;\"><\/div><div class=\"fusion-sep-clear\"><\/div><div class=\"fusion-clearfix\"><\/div><\/div><\/div><div class=\"fusion-layout-column fusion_builder_column fusion-builder-column-3 fusion_builder_column_1_1 1_1 fusion-one-full fusion-column-first fusion-column-last\" style=\"--awb-bg-size:cover;\"><div class=\"fusion-column-wrapper fusion-flex-column-wrapper-legacy\"><div class=\"fusion-text fusion-text-2\"><p>Filetage BSP disponible. <a style=\"text-decoration: underline;\" href=\"https:\/\/www.eputec.de\/fr\/\">Veuillez nous contacter.<\/a><\/p>\n<\/div><div class=\"fusion-clearfix\"><\/div><\/div><\/div><div class=\"fusion-layout-column fusion_builder_column fusion-builder-column-4 fusion_builder_column_1_1 1_1 fusion-one-full fusion-column-first fusion-column-last fusion-column-no-min-height\" style=\"--awb-bg-size:cover;--awb-margin-top:0px;--awb-margin-bottom:0px;\"><div class=\"fusion-column-wrapper fusion-flex-column-wrapper-legacy\"><div class=\"fusion-sep-clear\"><\/div><div class=\"fusion-separator fusion-full-width-sep\" style=\"margin-left: auto;margin-right: auto;margin-top:10px;width:100%;\"><\/div><div class=\"fusion-sep-clear\"><\/div><div class=\"fusion-clearfix\"><\/div><\/div><\/div><div class=\"fusion-layout-column fusion_builder_column fusion-builder-column-5 fusion_builder_column_1_1 1_1 fusion-one-full fusion-column-first fusion-column-last\" style=\"--awb-bg-size:cover;\"><div class=\"fusion-column-wrapper fusion-flex-column-wrapper-legacy\"><div class=\"fusion-text fusion-text-3\"><h2>High Power Safety Air Nozzle\u2122 &#8211; buse \u00e0 fente hautes performances<\/h2>\n<h2>Mod\u00e8le HP1002<\/h2>\n<\/div><div class=\"fusion-clearfix\"><\/div><\/div><\/div><div class=\"fusion-layout-column fusion_builder_column fusion-builder-column-6 fusion_builder_column_1_1 1_1 fusion-one-full fusion-column-first fusion-column-last fusion-column-no-min-height\" style=\"--awb-bg-size:cover;--awb-margin-top:0px;--awb-margin-bottom:0px;\"><div class=\"fusion-column-wrapper fusion-flex-column-wrapper-legacy\"><div class=\"fusion-sep-clear\"><\/div><div class=\"fusion-separator fusion-full-width-sep\" style=\"margin-left: auto;margin-right: auto;margin-top:10px;width:100%;\"><\/div><div class=\"fusion-sep-clear\"><\/div><div class=\"fusion-clearfix\"><\/div><\/div><\/div><div class=\"fusion-layout-column fusion_builder_column fusion-builder-column-7 fusion_builder_column_1_3 1_3 fusion-one-third fusion-column-first\" style=\"--awb-bg-size:cover;width:30.6666%; margin-right: 4%;\"><div class=\"fusion-column-wrapper fusion-flex-column-wrapper-legacy\"><div class=\"fusion-image-element in-legacy-container\" style=\"--awb-caption-title-font-family:var(--h2_typography-font-family);--awb-caption-title-font-weight:var(--h2_typography-font-weight);--awb-caption-title-font-style:var(--h2_typography-font-style);--awb-caption-title-size:var(--h2_typography-font-size);--awb-caption-title-transform:var(--h2_typography-text-transform);--awb-caption-title-line-height:var(--h2_typography-line-height);--awb-caption-title-letter-spacing:var(--h2_typography-letter-spacing);\"><span class=\" fusion-imageframe imageframe-none imageframe-2 hover-type-none\"><img decoding=\"async\" width=\"215\" height=\"100\" alt=\" Modell HP1002 Hochleistungsschlitzd\u00fcse High Power Safety Air Nozzle\" title=\"Hochleistungsschlitzd\u00fcse High Power Safety Air Nozzle Modell HP1002\" src=\"https:\/\/www.eputec.de\/wp-content\/uploads\/2016\/11\/Modell-HP1002-Hochleistungsschlitzduese.jpg\" data-orig-src=\"https:\/\/www.eputec.de\/wp-content\/uploads\/2016\/11\/Modell-HP1002-Hochleistungsschlitzduese.jpg\" class=\"lazyload img-responsive wp-image-75761\" srcset=\"data:image\/svg+xml,%3Csvg%20xmlns%3D%27http%3A%2F%2Fwww.w3.org%2F2000%2Fsvg%27%20width%3D%27215%27%20height%3D%27100%27%20viewBox%3D%270%200%20215%20100%27%3E%3Crect%20width%3D%27215%27%20height%3D%27100%27%20fill-opacity%3D%220%22%2F%3E%3C%2Fsvg%3E\" data-srcset=\"https:\/\/www.eputec.de\/wp-content\/uploads\/2016\/11\/Modell-HP1002-Hochleistungsschlitzduese-200x93.jpg 200w, https:\/\/www.eputec.de\/wp-content\/uploads\/2016\/11\/Modell-HP1002-Hochleistungsschlitzduese.jpg 215w\" data-sizes=\"auto\" data-orig-sizes=\"(max-width: 800px) 100vw, 215px\" \/><\/span><\/div><div class=\"fusion-sep-clear\"><\/div><div class=\"fusion-separator fusion-full-width-sep\" style=\"margin-left: auto;margin-right: auto;margin-top:10px;width:100%;\"><\/div><div class=\"fusion-sep-clear\"><\/div><div class=\"fusion-text fusion-text-4\"><p style=\"font-size: 11px; line-height: normal !important;\"><strong>Mod\u00e8le HP1002<\/strong> &#8211; 1\/4&Prime; NPT filet femelle<br \/>\n<strong>Mat\u00e9riau\u00a0:<\/strong> laiton<\/p>\n<\/div><div class=\"fusion-clearfix\"><\/div><\/div><\/div><div class=\"fusion-layout-column fusion_builder_column fusion-builder-column-8 fusion_builder_column_1_3 1_3 fusion-one-third\" style=\"--awb-bg-size:cover;width:30.6666%; margin-right: 4%;\"><div class=\"fusion-column-wrapper fusion-flex-column-wrapper-legacy\"><div class=\"fusion-image-element in-legacy-container\" style=\"--awb-caption-title-font-family:var(--h2_typography-font-family);--awb-caption-title-font-weight:var(--h2_typography-font-weight);--awb-caption-title-font-style:var(--h2_typography-font-style);--awb-caption-title-size:var(--h2_typography-font-size);--awb-caption-title-transform:var(--h2_typography-text-transform);--awb-caption-title-line-height:var(--h2_typography-line-height);--awb-caption-title-letter-spacing:var(--h2_typography-letter-spacing);\"><span class=\" fusion-imageframe imageframe-none imageframe-3 hover-type-none\"><img decoding=\"async\" width=\"215\" height=\"100\" alt=\"Hochleistungsschlitzd\u00fcse High Power Safety Air Nozzle Modell HP1002SS \" title=\"Hochleistungsschlitzd\u00fcse High Power Safety Air Nozzle Modell HP1002SS\" src=\"https:\/\/www.eputec.de\/wp-content\/uploads\/2016\/11\/Modell-HP1002SS-Hochleistungsschlitzduese.jpg\" data-orig-src=\"https:\/\/www.eputec.de\/wp-content\/uploads\/2016\/11\/Modell-HP1002SS-Hochleistungsschlitzduese.jpg\" class=\"lazyload img-responsive wp-image-75766\" srcset=\"data:image\/svg+xml,%3Csvg%20xmlns%3D%27http%3A%2F%2Fwww.w3.org%2F2000%2Fsvg%27%20width%3D%27215%27%20height%3D%27100%27%20viewBox%3D%270%200%20215%20100%27%3E%3Crect%20width%3D%27215%27%20height%3D%27100%27%20fill-opacity%3D%220%22%2F%3E%3C%2Fsvg%3E\" data-srcset=\"https:\/\/www.eputec.de\/wp-content\/uploads\/2016\/11\/Modell-HP1002SS-Hochleistungsschlitzduese-200x93.jpg 200w, https:\/\/www.eputec.de\/wp-content\/uploads\/2016\/11\/Modell-HP1002SS-Hochleistungsschlitzduese.jpg 215w\" data-sizes=\"auto\" data-orig-sizes=\"(max-width: 800px) 100vw, 215px\" \/><\/span><\/div><div class=\"fusion-sep-clear\"><\/div><div class=\"fusion-separator fusion-full-width-sep\" style=\"margin-left: auto;margin-right: auto;margin-top:10px;width:100%;\"><\/div><div class=\"fusion-sep-clear\"><\/div><div class=\"fusion-text fusion-text-5\"><p style=\"font-size: 11px; line-height: normal !important;\"><strong>Mod\u00e8le HP1002SS<\/strong> &#8211; 1\/4&Prime; NPT filet femelle<br \/>\n<strong>Mat\u00e9riau\u00a0:<\/strong> acier inox, type 303<\/p>\n<\/div><div class=\"fusion-clearfix\"><\/div><\/div><\/div><div class=\"fusion-layout-column fusion_builder_column fusion-builder-column-9 fusion_builder_column_1_3 1_3 fusion-one-third fusion-column-last\" style=\"--awb-bg-size:cover;width:30.6666%;\"><div class=\"fusion-column-wrapper fusion-flex-column-wrapper-legacy\"><div class=\"fusion-clearfix\"><\/div><\/div><\/div><div class=\"fusion-layout-column fusion_builder_column fusion-builder-column-10 fusion_builder_column_1_1 1_1 fusion-one-full fusion-column-first fusion-column-last fusion-column-no-min-height\" style=\"--awb-bg-size:cover;--awb-margin-top:0px;--awb-margin-bottom:0px;\"><div class=\"fusion-column-wrapper fusion-flex-column-wrapper-legacy\"><div class=\"fusion-sep-clear\"><\/div><div class=\"fusion-separator fusion-full-width-sep\" style=\"margin-left: auto;margin-right: auto;margin-top:10px;width:100%;\"><\/div><div class=\"fusion-sep-clear\"><\/div><div class=\"fusion-clearfix\"><\/div><\/div><\/div><div class=\"fusion-layout-column fusion_builder_column fusion-builder-column-11 fusion_builder_column_1_2 1_2 fusion-one-half fusion-column-first\" style=\"--awb-bg-size:cover;width:48%; margin-right: 4%;\"><div class=\"fusion-column-wrapper fusion-flex-column-wrapper-legacy\"><div class=\"fusion-text fusion-text-6\"><h3>Puissance<\/h3>\n<div class=\"fusion-table table-1\">\n<table width=\"100%\">\n<thead>\n<tr>\n<th>Consommation d&rsquo;air<\/th>\n<th>Force*<\/th>\n<th>Niveau sonore<\/th>\n<\/tr>\n<\/thead>\n<tbody>\n<tr>\n<td><strong>l\/min<\/strong><\/td>\n<td><strong>Gramme<\/strong><\/td>\n<td><strong>dBA<\/strong><\/td>\n<\/tr>\n<tr>\n<td>906<\/td>\n<td>792<\/td>\n<td>87<\/td>\n<\/tr>\n<\/tbody>\n<\/table>\n<\/div>\n<p><div class=\"fusion-sep-clear\"><\/div><div class=\"fusion-separator fusion-full-width-sep\" style=\"margin-left: auto;margin-right: auto;margin-top:10px;width:100%;\"><\/div><div class=\"fusion-sep-clear\"><\/div>\n* Force, mesur\u00e9e \u00e0 une distance de 12&Prime; (305\u00a0mm) de la cible.<br \/>\nNiveau sonore, mesur\u00e9 \u00e0 une distance de 3&prime; (914\u00a0mm).<br \/>\nToutes les mesures ont \u00e9t\u00e9 r\u00e9alis\u00e9es \u00e0 5,5 bar.<\/p>\n<\/div><div class=\"fusion-clearfix\"><\/div><\/div><\/div><div class=\"fusion-layout-column fusion_builder_column fusion-builder-column-12 fusion_builder_column_1_2 1_2 fusion-one-half fusion-column-last\" style=\"--awb-bg-size:cover;width:48%;\"><div class=\"fusion-column-wrapper fusion-flex-column-wrapper-legacy\"><div class=\"fusion-text fusion-text-7\"><h3>Champ de flux d&rsquo;air\/dimensions<\/h3>\n<\/div><div class=\"fusion-image-element in-legacy-container\" style=\"--awb-caption-title-font-family:var(--h2_typography-font-family);--awb-caption-title-font-weight:var(--h2_typography-font-weight);--awb-caption-title-font-style:var(--h2_typography-font-style);--awb-caption-title-size:var(--h2_typography-font-size);--awb-caption-title-transform:var(--h2_typography-text-transform);--awb-caption-title-line-height:var(--h2_typography-line-height);--awb-caption-title-letter-spacing:var(--h2_typography-letter-spacing);\"><span class=\" fusion-imageframe imageframe-none imageframe-4 hover-type-none\"><img decoding=\"async\" width=\"300\" height=\"209\" alt=\" Modell HP1002SS Hochleistungsschlitzd\u00fcse Luftstr\u00f6mungsfeld Abmessungen\" title=\"Modell HP1002SS Hochleistungsschlitzd\u00fcse Luftstr\u00f6mungsfeld Abmessungen High Power safety Air Nozzle Dimensions Airflow Pattern\" src=\"https:\/\/www.eputec.de\/wp-content\/uploads\/2016\/11\/Modell-HP1002-Abmessungen.jpg\" data-orig-src=\"https:\/\/www.eputec.de\/wp-content\/uploads\/2016\/11\/Modell-HP1002-Abmessungen.jpg\" class=\"lazyload img-responsive wp-image-72747\" srcset=\"data:image\/svg+xml,%3Csvg%20xmlns%3D%27http%3A%2F%2Fwww.w3.org%2F2000%2Fsvg%27%20width%3D%27300%27%20height%3D%27209%27%20viewBox%3D%270%200%20300%20209%27%3E%3Crect%20width%3D%27300%27%20height%3D%27209%27%20fill-opacity%3D%220%22%2F%3E%3C%2Fsvg%3E\" data-srcset=\"https:\/\/www.eputec.de\/wp-content\/uploads\/2016\/11\/Modell-HP1002-Abmessungen-200x139.jpg 200w, https:\/\/www.eputec.de\/wp-content\/uploads\/2016\/11\/Modell-HP1002-Abmessungen.jpg 300w\" data-sizes=\"auto\" data-orig-sizes=\"(max-width: 800px) 100vw, 300px\" \/><\/span><\/div><div class=\"fusion-clearfix\"><\/div><\/div><\/div><div class=\"fusion-layout-column fusion_builder_column fusion-builder-column-13 fusion_builder_column_1_1 1_1 fusion-one-full fusion-column-first fusion-column-last fusion-column-no-min-height\" style=\"--awb-bg-size:cover;--awb-margin-top:0px;--awb-margin-bottom:0px;\"><div class=\"fusion-column-wrapper fusion-flex-column-wrapper-legacy\"><div class=\"fusion-sep-clear\"><\/div><div class=\"fusion-separator fusion-full-width-sep\" style=\"margin-left: auto;margin-right: auto;margin-top:10px;width:100%;\"><\/div><div class=\"fusion-sep-clear\"><\/div><div class=\"fusion-clearfix\"><\/div><\/div><\/div><div class=\"fusion-layout-column fusion_builder_column fusion-builder-column-14 fusion_builder_column_1_1 1_1 fusion-one-full fusion-column-first fusion-column-last\" style=\"--awb-bg-size:cover;\"><div class=\"fusion-column-wrapper fusion-flex-column-wrapper-legacy\"><div class=\"fusion-text fusion-text-8\"><p><strong>Catalogue<\/strong><\/p>\n<p><a style=\"text-decoration: underline;\" href=\"https:\/\/www.eputec.de\/downloads\/exair-kataloge\/Nozzle_HP1002.pdf\" target=\"_blank\" rel=\"noopener noreferrer\">\u00bb Mod\u00e8les HP1002 et HP1002SS \u00ab\u00a0High Power Safety Air Nozzle\u00a0\u00bb (PDF en allemand)<\/a><\/p>\n<\/div><div class=\"fusion-clearfix\"><\/div><\/div><\/div><\/div><\/div>\n","protected":false},"excerpt":{"rendered":"","protected":false},"author":1,"featured_media":0,"parent":56668,"menu_order":0,"comment_status":"closed","ping_status":"closed","template":"","meta":{"footnotes":""},"class_list":["post-56721","page","type-page","status-publish","hentry"],"yoast_head":"<!-- This site is optimized with the Yoast SEO plugin v27.2 - https:\/\/yoast.com\/product\/yoast-seo-wordpress\/ -->\n<title>Buse \u00e0 fente hautes performances | EPUTEC<\/title>\n<meta name=\"description\" content=\"Buse \u00e0 fente hautes performances - Les \u00ab\u00a0High Power Safety Air Nozzle\u00a0\u00bb d&amp;apos;Exair r\u00e9duisent le niveau sonore et la consommation d&amp;apos;air.\" \/>\n<meta name=\"robots\" content=\"index, follow, max-snippet:-1, max-image-preview:large, max-video-preview:-1\" \/>\n<link rel=\"canonical\" href=\"https:\/\/www.eputec.de\/fr\/buses-de-soufflage-exair\/buses-de-soufflage-air-nozzles\/buses-de-soufflage-exair-buses-8\/\" \/>\n<meta property=\"og:locale\" content=\"fr_FR\" \/>\n<meta property=\"og:type\" content=\"article\" \/>\n<meta property=\"og:title\" content=\"Buse \u00e0 fente hautes performances | EPUTEC\" \/>\n<meta property=\"og:description\" content=\"Buse \u00e0 fente hautes performances - Les \u00ab\u00a0High Power Safety Air Nozzle\u00a0\u00bb d&amp;apos;Exair r\u00e9duisent le niveau sonore et la consommation d&amp;apos;air.\" \/>\n<meta property=\"og:url\" content=\"https:\/\/www.eputec.de\/fr\/buses-de-soufflage-exair\/buses-de-soufflage-air-nozzles\/buses-de-soufflage-exair-buses-8\/\" \/>\n<meta property=\"og:site_name\" content=\"EPUTEC Solutions professionnelles d\u2019air comprim\u00e9\" \/>\n<meta property=\"article:publisher\" content=\"https:\/\/www.facebook.com\/eputec\/?ref=ts\" \/>\n<meta property=\"article:modified_time\" content=\"2023-07-26T12:41:33+00:00\" \/>\n<meta property=\"og:image\" content=\"https:\/\/www.eputec.de\/wp-content\/uploads\/2016\/11\/osha.png\" \/>\n<meta name=\"twitter:card\" content=\"summary_large_image\" \/>\n<meta name=\"twitter:label1\" content=\"Dur\u00e9e de lecture estim\u00e9e\" \/>\n\t<meta name=\"twitter:data1\" content=\"7 minutes\" \/>\n<script type=\"application\/ld+json\" class=\"yoast-schema-graph\">{\"@context\":\"https:\/\/schema.org\",\"@graph\":[{\"@type\":\"WebPage\",\"@id\":\"https:\/\/www.eputec.de\/fr\/buses-de-soufflage-exair\/buses-de-soufflage-air-nozzles\/buses-de-soufflage-exair-buses-8\/\",\"url\":\"https:\/\/www.eputec.de\/fr\/buses-de-soufflage-exair\/buses-de-soufflage-air-nozzles\/buses-de-soufflage-exair-buses-8\/\",\"name\":\"Buse \u00e0 fente hautes performances | EPUTEC\",\"isPartOf\":{\"@id\":\"https:\/\/www.eputec.de\/fr\/#website\"},\"primaryImageOfPage\":{\"@id\":\"https:\/\/www.eputec.de\/fr\/buses-de-soufflage-exair\/buses-de-soufflage-air-nozzles\/buses-de-soufflage-exair-buses-8\/#primaryimage\"},\"image\":{\"@id\":\"https:\/\/www.eputec.de\/fr\/buses-de-soufflage-exair\/buses-de-soufflage-air-nozzles\/buses-de-soufflage-exair-buses-8\/#primaryimage\"},\"thumbnailUrl\":\"https:\/\/www.eputec.de\/wp-content\/uploads\/2016\/11\/osha.png\",\"datePublished\":\"2023-01-04T07:50:34+00:00\",\"dateModified\":\"2023-07-26T12:41:33+00:00\",\"description\":\"Buse \u00e0 fente hautes performances - Les \u00ab\u00a0High Power Safety Air Nozzle\u00a0\u00bb d&apos;Exair r\u00e9duisent le niveau sonore et la consommation d&apos;air.\",\"breadcrumb\":{\"@id\":\"https:\/\/www.eputec.de\/fr\/buses-de-soufflage-exair\/buses-de-soufflage-air-nozzles\/buses-de-soufflage-exair-buses-8\/#breadcrumb\"},\"inLanguage\":\"fr-FR\",\"potentialAction\":[{\"@type\":\"ReadAction\",\"target\":[\"https:\/\/www.eputec.de\/fr\/buses-de-soufflage-exair\/buses-de-soufflage-air-nozzles\/buses-de-soufflage-exair-buses-8\/\"]}]},{\"@type\":\"ImageObject\",\"inLanguage\":\"fr-FR\",\"@id\":\"https:\/\/www.eputec.de\/fr\/buses-de-soufflage-exair\/buses-de-soufflage-air-nozzles\/buses-de-soufflage-exair-buses-8\/#primaryimage\",\"url\":\"https:\/\/www.eputec.de\/wp-content\/uploads\/2016\/11\/osha.png\",\"contentUrl\":\"https:\/\/www.eputec.de\/wp-content\/uploads\/2016\/11\/osha.png\"},{\"@type\":\"BreadcrumbList\",\"@id\":\"https:\/\/www.eputec.de\/fr\/buses-de-soufflage-exair\/buses-de-soufflage-air-nozzles\/buses-de-soufflage-exair-buses-8\/#breadcrumb\",\"itemListElement\":[{\"@type\":\"ListItem\",\"position\":1,\"name\":\"Home\",\"item\":\"https:\/\/www.eputec.de\/fr\/\"},{\"@type\":\"ListItem\",\"position\":2,\"name\":\"Buses de soufflage\",\"item\":\"https:\/\/www.eputec.de\/fr\/buses-de-soufflage-exair\/\"},{\"@type\":\"ListItem\",\"position\":3,\"name\":\"Aper\u00e7u des buses de soufflage\",\"item\":\"https:\/\/www.eputec.de\/fr\/buses-de-soufflage-exair\/buses-de-soufflage-air-nozzles\/\"},{\"@type\":\"ListItem\",\"position\":4,\"name\":\"Mod\u00e8le HP1002 buse \u00e0 fente hautes performances\"}]},{\"@type\":\"WebSite\",\"@id\":\"https:\/\/www.eputec.de\/fr\/#website\",\"url\":\"https:\/\/www.eputec.de\/fr\/\",\"name\":\"EPUTEC Drucklufttechnik\",\"description\":\"Buses \u00e0 air comprim\u00e9 et technologie d&#039;air comprim\u00e9 d&#039;EPUTEC\",\"potentialAction\":[{\"@type\":\"SearchAction\",\"target\":{\"@type\":\"EntryPoint\",\"urlTemplate\":\"https:\/\/www.eputec.de\/fr\/?s={search_term_string}\"},\"query-input\":{\"@type\":\"PropertyValueSpecification\",\"valueRequired\":true,\"valueName\":\"search_term_string\"}}],\"inLanguage\":\"fr-FR\"}]}<\/script>\n<!-- \/ Yoast SEO plugin. -->","yoast_head_json":{"title":"Buse \u00e0 fente hautes performances | EPUTEC","description":"Buse \u00e0 fente hautes performances - Les \u00ab\u00a0High Power Safety Air Nozzle\u00a0\u00bb d&apos;Exair r\u00e9duisent le niveau sonore et la consommation d&apos;air.","robots":{"index":"index","follow":"follow","max-snippet":"max-snippet:-1","max-image-preview":"max-image-preview:large","max-video-preview":"max-video-preview:-1"},"canonical":"https:\/\/www.eputec.de\/fr\/buses-de-soufflage-exair\/buses-de-soufflage-air-nozzles\/buses-de-soufflage-exair-buses-8\/","og_locale":"fr_FR","og_type":"article","og_title":"Buse \u00e0 fente hautes performances | EPUTEC","og_description":"Buse \u00e0 fente hautes performances - Les \u00ab\u00a0High Power Safety Air Nozzle\u00a0\u00bb d&apos;Exair r\u00e9duisent le niveau sonore et la consommation d&apos;air.","og_url":"https:\/\/www.eputec.de\/fr\/buses-de-soufflage-exair\/buses-de-soufflage-air-nozzles\/buses-de-soufflage-exair-buses-8\/","og_site_name":"EPUTEC Solutions professionnelles d\u2019air comprim\u00e9","article_publisher":"https:\/\/www.facebook.com\/eputec\/?ref=ts","article_modified_time":"2023-07-26T12:41:33+00:00","og_image":[{"url":"https:\/\/www.eputec.de\/wp-content\/uploads\/2016\/11\/osha.png","type":"","width":"","height":""}],"twitter_card":"summary_large_image","twitter_misc":{"Dur\u00e9e de lecture estim\u00e9e":"7 minutes"},"schema":{"@context":"https:\/\/schema.org","@graph":[{"@type":"WebPage","@id":"https:\/\/www.eputec.de\/fr\/buses-de-soufflage-exair\/buses-de-soufflage-air-nozzles\/buses-de-soufflage-exair-buses-8\/","url":"https:\/\/www.eputec.de\/fr\/buses-de-soufflage-exair\/buses-de-soufflage-air-nozzles\/buses-de-soufflage-exair-buses-8\/","name":"Buse \u00e0 fente hautes performances | EPUTEC","isPartOf":{"@id":"https:\/\/www.eputec.de\/fr\/#website"},"primaryImageOfPage":{"@id":"https:\/\/www.eputec.de\/fr\/buses-de-soufflage-exair\/buses-de-soufflage-air-nozzles\/buses-de-soufflage-exair-buses-8\/#primaryimage"},"image":{"@id":"https:\/\/www.eputec.de\/fr\/buses-de-soufflage-exair\/buses-de-soufflage-air-nozzles\/buses-de-soufflage-exair-buses-8\/#primaryimage"},"thumbnailUrl":"https:\/\/www.eputec.de\/wp-content\/uploads\/2016\/11\/osha.png","datePublished":"2023-01-04T07:50:34+00:00","dateModified":"2023-07-26T12:41:33+00:00","description":"Buse \u00e0 fente hautes performances - Les \u00ab\u00a0High Power Safety Air Nozzle\u00a0\u00bb d&apos;Exair r\u00e9duisent le niveau sonore et la consommation d&apos;air.","breadcrumb":{"@id":"https:\/\/www.eputec.de\/fr\/buses-de-soufflage-exair\/buses-de-soufflage-air-nozzles\/buses-de-soufflage-exair-buses-8\/#breadcrumb"},"inLanguage":"fr-FR","potentialAction":[{"@type":"ReadAction","target":["https:\/\/www.eputec.de\/fr\/buses-de-soufflage-exair\/buses-de-soufflage-air-nozzles\/buses-de-soufflage-exair-buses-8\/"]}]},{"@type":"ImageObject","inLanguage":"fr-FR","@id":"https:\/\/www.eputec.de\/fr\/buses-de-soufflage-exair\/buses-de-soufflage-air-nozzles\/buses-de-soufflage-exair-buses-8\/#primaryimage","url":"https:\/\/www.eputec.de\/wp-content\/uploads\/2016\/11\/osha.png","contentUrl":"https:\/\/www.eputec.de\/wp-content\/uploads\/2016\/11\/osha.png"},{"@type":"BreadcrumbList","@id":"https:\/\/www.eputec.de\/fr\/buses-de-soufflage-exair\/buses-de-soufflage-air-nozzles\/buses-de-soufflage-exair-buses-8\/#breadcrumb","itemListElement":[{"@type":"ListItem","position":1,"name":"Home","item":"https:\/\/www.eputec.de\/fr\/"},{"@type":"ListItem","position":2,"name":"Buses de soufflage","item":"https:\/\/www.eputec.de\/fr\/buses-de-soufflage-exair\/"},{"@type":"ListItem","position":3,"name":"Aper\u00e7u des buses de soufflage","item":"https:\/\/www.eputec.de\/fr\/buses-de-soufflage-exair\/buses-de-soufflage-air-nozzles\/"},{"@type":"ListItem","position":4,"name":"Mod\u00e8le HP1002 buse \u00e0 fente hautes performances"}]},{"@type":"WebSite","@id":"https:\/\/www.eputec.de\/fr\/#website","url":"https:\/\/www.eputec.de\/fr\/","name":"EPUTEC Drucklufttechnik","description":"Buses \u00e0 air comprim\u00e9 et technologie d&#039;air comprim\u00e9 d&#039;EPUTEC","potentialAction":[{"@type":"SearchAction","target":{"@type":"EntryPoint","urlTemplate":"https:\/\/www.eputec.de\/fr\/?s={search_term_string}"},"query-input":{"@type":"PropertyValueSpecification","valueRequired":true,"valueName":"search_term_string"}}],"inLanguage":"fr-FR"}]}},"_links":{"self":[{"href":"https:\/\/www.eputec.de\/fr\/wp-json\/wp\/v2\/pages\/56721","targetHints":{"allow":["GET"]}}],"collection":[{"href":"https:\/\/www.eputec.de\/fr\/wp-json\/wp\/v2\/pages"}],"about":[{"href":"https:\/\/www.eputec.de\/fr\/wp-json\/wp\/v2\/types\/page"}],"author":[{"embeddable":true,"href":"https:\/\/www.eputec.de\/fr\/wp-json\/wp\/v2\/users\/1"}],"replies":[{"embeddable":true,"href":"https:\/\/www.eputec.de\/fr\/wp-json\/wp\/v2\/comments?post=56721"}],"version-history":[{"count":0,"href":"https:\/\/www.eputec.de\/fr\/wp-json\/wp\/v2\/pages\/56721\/revisions"}],"up":[{"embeddable":true,"href":"https:\/\/www.eputec.de\/fr\/wp-json\/wp\/v2\/pages\/56668"}],"wp:attachment":[{"href":"https:\/\/www.eputec.de\/fr\/wp-json\/wp\/v2\/media?parent=56721"}],"curies":[{"name":"wp","href":"https:\/\/api.w.org\/{rel}","templated":true}]}}