{"id":56724,"date":"2023-01-04T08:50:38","date_gmt":"2023-01-04T07:50:38","guid":{"rendered":"https:\/\/www.eputec.de\/buses-de-soufflage-air-nozzles\/buses-de-soufflage-exair-buses-9\/"},"modified":"2023-07-26T14:42:45","modified_gmt":"2023-07-26T12:42:45","slug":"buses-de-soufflage-exair-buses-9","status":"publish","type":"page","link":"https:\/\/www.eputec.de\/fr\/buses-de-soufflage-exair\/buses-de-soufflage-air-nozzles\/buses-de-soufflage-exair-buses-9\/","title":{"rendered":"Buses de soufflage Exair buses 9"},"content":{"rendered":"<div class=\"fusion-fullwidth fullwidth-box fusion-builder-row-1 nonhundred-percent-fullwidth non-hundred-percent-height-scrolling\" style=\"--awb-background-position:left top;--awb-border-sizes-top:0px;--awb-border-sizes-bottom:0px;--awb-border-sizes-left:0px;--awb-border-sizes-right:0px;--awb-border-radius-top-left:0px;--awb-border-radius-top-right:0px;--awb-border-radius-bottom-right:0px;--awb-border-radius-bottom-left:0px;--awb-flex-wrap:wrap;\" ><div class=\"fusion-builder-row fusion-row\"><div class=\"fusion-layout-column fusion_builder_column fusion-builder-column-0 fusion_builder_column_3_4 3_4 fusion-three-fourth fusion-column-first\" style=\"--awb-bg-size:cover;width:74%; margin-right: 4%;\"><div class=\"fusion-column-wrapper fusion-flex-column-wrapper-legacy\"><div class=\"fusion-text fusion-text-1\"><p>Les buses \u00e0 jet plat hautes performances (2&Prime; High Power Flat Super Air Nozzles) d&rsquo;EXAIR s\u00e9duisent pas un flux d&rsquo;air de 51\u00a0mm (2&Prime;) de large dot\u00e9 d&rsquo;une puissante force de soufflage de 1\u00a0134 g (2,2 livres). La force r\u00e9glable est trois fois sup\u00e9rieure \u00e0 celle des buses de soufflage classiques. Elle fait usage de la technologie brevet\u00e9e d&rsquo;EXAIR pour maximiser le flux d&rsquo;air entra\u00een\u00e9 tout en minimisant le niveau sonore.<\/p>\n<\/div><div class=\"fusion-clearfix\"><\/div><\/div><\/div><div class=\"fusion-layout-column fusion_builder_column fusion-builder-column-1 fusion_builder_column_1_4 1_4 fusion-one-fourth fusion-column-last\" style=\"--awb-bg-size:cover;width:22%;\"><div class=\"fusion-column-wrapper fusion-flex-column-wrapper-legacy\"><div class=\"fusion-image-element in-legacy-container\" style=\"--awb-caption-title-font-family:var(--h2_typography-font-family);--awb-caption-title-font-weight:var(--h2_typography-font-weight);--awb-caption-title-font-style:var(--h2_typography-font-style);--awb-caption-title-size:var(--h2_typography-font-size);--awb-caption-title-transform:var(--h2_typography-text-transform);--awb-caption-title-line-height:var(--h2_typography-line-height);--awb-caption-title-letter-spacing:var(--h2_typography-letter-spacing);\"><span class=\" fusion-imageframe imageframe-none imageframe-1 hover-type-none\"><img decoding=\"async\" width=\"99\" height=\"99\" alt=\"OSHA\" title=\"OSHA\" src=\"data:image\/svg+xml,%3Csvg%20xmlns%3D%27http%3A%2F%2Fwww.w3.org%2F2000%2Fsvg%27%20width%3D%2799%27%20height%3D%2799%27%20viewBox%3D%270%200%2099%2099%27%3E%3Crect%20width%3D%2799%27%20height%3D%2799%27%20fill-opacity%3D%220%22%2F%3E%3C%2Fsvg%3E\" data-orig-src=\"https:\/\/www.eputec.de\/wp-content\/uploads\/2016\/11\/osha.png\" class=\"lazyload img-responsive wp-image-48689\"\/><\/span><\/div><div class=\"fusion-clearfix\"><\/div><\/div><\/div><div class=\"fusion-layout-column fusion_builder_column fusion-builder-column-2 fusion_builder_column_1_1 1_1 fusion-one-full fusion-column-first fusion-column-last fusion-column-no-min-height\" style=\"--awb-bg-size:cover;--awb-margin-top:0px;--awb-margin-bottom:0px;\"><div class=\"fusion-column-wrapper fusion-flex-column-wrapper-legacy\"><div class=\"fusion-sep-clear\"><\/div><div class=\"fusion-separator fusion-full-width-sep\" style=\"margin-left: auto;margin-right: auto;margin-top:10px;width:100%;\"><\/div><div class=\"fusion-sep-clear\"><\/div><div class=\"fusion-text fusion-text-2\"><h2>High Power Flat Super Air Nozzles &#8211; buses \u00e0 jet plat hautes performances<\/h2>\n<h2>Mod\u00e8le HP1125<\/h2>\n<\/div><div class=\"fusion-sep-clear\"><\/div><div class=\"fusion-separator fusion-full-width-sep\" style=\"margin-left: auto;margin-right: auto;margin-top:10px;width:100%;\"><\/div><div class=\"fusion-sep-clear\"><\/div><div class=\"fusion-clearfix\"><\/div><\/div><\/div><div class=\"fusion-layout-column fusion_builder_column fusion-builder-column-3 fusion_builder_column_1_3 1_3 fusion-one-third fusion-column-first\" style=\"--awb-bg-size:cover;width:30.6666%; margin-right: 4%;\"><div class=\"fusion-column-wrapper fusion-flex-column-wrapper-legacy\"><div class=\"fusion-image-element in-legacy-container\" style=\"--awb-caption-title-font-family:var(--h2_typography-font-family);--awb-caption-title-font-weight:var(--h2_typography-font-weight);--awb-caption-title-font-style:var(--h2_typography-font-style);--awb-caption-title-size:var(--h2_typography-font-size);--awb-caption-title-transform:var(--h2_typography-text-transform);--awb-caption-title-line-height:var(--h2_typography-line-height);--awb-caption-title-letter-spacing:var(--h2_typography-letter-spacing);\"><span class=\" fusion-imageframe imageframe-none imageframe-2 hover-type-none\"><img decoding=\"async\" width=\"220\" height=\"114\" alt=\"Hochleistungsflachstrahld\u00fcsen Modell HP1125\" title=\"Hochleistungsflachstrahld\u00fcse High Power Super Air Nozzles HP1125\" src=\"https:\/\/www.eputec.de\/wp-content\/uploads\/2016\/11\/Hochleistungsflachstrahlduese-Modell-HP1125.jpg\" data-orig-src=\"https:\/\/www.eputec.de\/wp-content\/uploads\/2016\/11\/Hochleistungsflachstrahlduese-Modell-HP1125.jpg\" class=\"lazyload img-responsive wp-image-72752\" srcset=\"data:image\/svg+xml,%3Csvg%20xmlns%3D%27http%3A%2F%2Fwww.w3.org%2F2000%2Fsvg%27%20width%3D%27220%27%20height%3D%27114%27%20viewBox%3D%270%200%20220%20114%27%3E%3Crect%20width%3D%27220%27%20height%3D%27114%27%20fill-opacity%3D%220%22%2F%3E%3C%2Fsvg%3E\" data-srcset=\"https:\/\/www.eputec.de\/wp-content\/uploads\/2016\/11\/Hochleistungsflachstrahlduese-Modell-HP1125-200x104.jpg 200w, https:\/\/www.eputec.de\/wp-content\/uploads\/2016\/11\/Hochleistungsflachstrahlduese-Modell-HP1125.jpg 220w\" data-sizes=\"auto\" data-orig-sizes=\"(max-width: 800px) 100vw, 220px\" \/><\/span><\/div><div class=\"fusion-sep-clear\"><\/div><div class=\"fusion-separator fusion-full-width-sep\" style=\"margin-left: auto;margin-right: auto;margin-top:10px;width:100%;\"><\/div><div class=\"fusion-sep-clear\"><\/div><div class=\"fusion-text fusion-text-3\"><p style=\"font-size: 11px; line-height: normal !important;\"><strong>Mod\u00e8le HP1125<\/strong> 1\/4&Prime; filet femelle<br \/>\n<strong>Mat\u00e9riau\u00a0:<\/strong> alliage zinc\/aluminium<\/p>\n<p style=\"font-size: 11px; line-height: normal !important;\"><strong>Mod\u00e8le HP1125SS<\/strong> 1\/4&Prime; filet femelle<br \/>\n<strong>Mat\u00e9riau\u00a0:<\/strong> acier inox, type 316<\/p>\n<\/div><div class=\"fusion-clearfix\"><\/div><\/div><\/div><div class=\"fusion-layout-column fusion_builder_column fusion-builder-column-4 fusion_builder_column_1_3 1_3 fusion-one-third\" style=\"--awb-bg-size:cover;width:30.6666%; margin-right: 4%;\"><div class=\"fusion-column-wrapper fusion-flex-column-wrapper-legacy\"><div class=\"fusion-image-element in-legacy-container\" style=\"--awb-caption-title-font-family:var(--h2_typography-font-family);--awb-caption-title-font-weight:var(--h2_typography-font-weight);--awb-caption-title-font-style:var(--h2_typography-font-style);--awb-caption-title-size:var(--h2_typography-font-size);--awb-caption-title-transform:var(--h2_typography-text-transform);--awb-caption-title-line-height:var(--h2_typography-line-height);--awb-caption-title-letter-spacing:var(--h2_typography-letter-spacing);\"><span class=\" fusion-imageframe imageframe-none imageframe-3 hover-type-none\"><a href=\"https:\/\/www.eputec.de\/wp-content\/uploads\/2016\/11\/hpsan_pr_2mb-b.jpg\" class=\"fusion-lightbox\" data-rel=\"iLightbox[d7c43085725ace30544]\" data-title=\"Hochleistungsflachstrahld\u00fcsen 2&Prime; High Power Super Air Nozzle Demonstration\" title=\"Hochleistungsflachstrahld\u00fcse High Power Flat Super Air Nozzle\"><img decoding=\"async\" width=\"300\" height=\"240\" alt=\"Hochleistungsflachstrahld\u00fcsen 2 inch High Power Flat Super Air Nozzle Demonstration\" src=\"https:\/\/www.eputec.de\/wp-content\/uploads\/2016\/11\/Modell-HP-1125.jpg\" data-orig-src=\"https:\/\/www.eputec.de\/wp-content\/uploads\/2016\/11\/Modell-HP-1125.jpg\" class=\"lazyload img-responsive wp-image-72757\" srcset=\"data:image\/svg+xml,%3Csvg%20xmlns%3D%27http%3A%2F%2Fwww.w3.org%2F2000%2Fsvg%27%20width%3D%27300%27%20height%3D%27240%27%20viewBox%3D%270%200%20300%20240%27%3E%3Crect%20width%3D%27300%27%20height%3D%27240%27%20fill-opacity%3D%220%22%2F%3E%3C%2Fsvg%3E\" data-srcset=\"https:\/\/www.eputec.de\/wp-content\/uploads\/2016\/11\/Modell-HP-1125-200x160.jpg 200w, https:\/\/www.eputec.de\/wp-content\/uploads\/2016\/11\/Modell-HP-1125.jpg 300w\" data-sizes=\"auto\" data-orig-sizes=\"(max-width: 800px) 100vw, 300px\" \/><\/a><\/span><\/div><div class=\"fusion-clearfix\"><\/div><\/div><\/div><div class=\"fusion-layout-column fusion_builder_column fusion-builder-column-5 fusion_builder_column_1_3 1_3 fusion-one-third fusion-column-last\" style=\"--awb-bg-size:cover;width:30.6666%;\"><div class=\"fusion-column-wrapper fusion-flex-column-wrapper-legacy\"><div class=\"fusion-clearfix\"><\/div><\/div><\/div><div class=\"fusion-layout-column fusion_builder_column fusion-builder-column-6 fusion_builder_column_1_1 1_1 fusion-one-full fusion-column-first fusion-column-last fusion-column-no-min-height\" style=\"--awb-bg-size:cover;--awb-margin-top:0px;--awb-margin-bottom:0px;\"><div class=\"fusion-column-wrapper fusion-flex-column-wrapper-legacy\"><div class=\"fusion-sep-clear\"><\/div><div class=\"fusion-separator fusion-full-width-sep\" style=\"margin-left: auto;margin-right: auto;margin-top:10px;width:100%;\"><\/div><div class=\"fusion-sep-clear\"><\/div><div class=\"fusion-clearfix\"><\/div><\/div><\/div><div class=\"fusion-layout-column fusion_builder_column fusion-builder-column-7 fusion_builder_column_1_2 1_2 fusion-one-half fusion-column-first\" style=\"--awb-bg-size:cover;width:48%; margin-right: 4%;\"><div class=\"fusion-column-wrapper fusion-flex-column-wrapper-legacy\"><div class=\"fusion-text fusion-text-4\"><h3>Puissance<\/h3>\n<div class=\"fusion-table table-1\">\n<table width=\"100%\">\n<thead>\n<tr>\n<th>Consommation d&rsquo;air<\/th>\n<th>Force*<\/th>\n<th>Niveau sonore<\/th>\n<\/tr>\n<\/thead>\n<tbody>\n<tr>\n<td><strong>l\/min<\/strong><\/td>\n<td><strong>Gramme<\/strong><\/td>\n<td><strong>dBA<\/strong><\/td>\n<\/tr>\n<tr>\n<td>1039<\/td>\n<td>1134<\/td>\n<td>83<\/td>\n<\/tr>\n<\/tbody>\n<\/table>\n<\/div>\n<p><div class=\"fusion-sep-clear\"><\/div><div class=\"fusion-separator fusion-full-width-sep\" style=\"margin-left: auto;margin-right: auto;margin-top:10px;width:100%;\"><\/div><div class=\"fusion-sep-clear\"><\/div>\n* Force, mesur\u00e9e \u00e0 12&Prime; (305\u00a0mm) de la cible apr\u00e8s installation d&rsquo;un \u00ab\u00a0Shim\u00a0\u00bb de 0,025&Prime; (0,64\u00a0mm).<br \/>\nNiveau sonore, mesur\u00e9 \u00e0 une distance de 3&prime; (914\u00a0mm). Toutes les mesures ont \u00e9t\u00e9 r\u00e9alis\u00e9es \u00e0 5,5 bar.<\/p>\n<\/div><div class=\"fusion-clearfix\"><\/div><\/div><\/div><div class=\"fusion-layout-column fusion_builder_column fusion-builder-column-8 fusion_builder_column_1_2 1_2 fusion-one-half fusion-column-last\" style=\"--awb-bg-size:cover;width:48%;\"><div class=\"fusion-column-wrapper fusion-flex-column-wrapper-legacy\"><div class=\"fusion-text fusion-text-5\"><h3>Champ de flux d&rsquo;air\/dimensions<\/h3>\n<\/div><div class=\"fusion-image-element in-legacy-container\" style=\"--awb-caption-title-font-family:var(--h2_typography-font-family);--awb-caption-title-font-weight:var(--h2_typography-font-weight);--awb-caption-title-font-style:var(--h2_typography-font-style);--awb-caption-title-size:var(--h2_typography-font-size);--awb-caption-title-transform:var(--h2_typography-text-transform);--awb-caption-title-line-height:var(--h2_typography-line-height);--awb-caption-title-letter-spacing:var(--h2_typography-letter-spacing);\"><span class=\" fusion-imageframe imageframe-none imageframe-4 hover-type-none\"><a href=\"https:\/\/www.eputec.de\/wp-content\/uploads\/2016\/11\/Hochleistungsflachstrahlduese-Modell-HP1125-Abmessungen-b.jpg\" class=\"fusion-lightbox\" data-rel=\"iLightbox[c21306d9eb0ed96b38f]\" data-title=\"Hochleistungsflachstrahld\u00fcse Modelle HP1125 Luftstr\u00f6mungsfeld Abmessungen\" title=\"Hochleistungsflachstrahld\u00fcse Modelle HP1125 Luftstr\u00f6mungsfeld Abmessungen\"><img decoding=\"async\" width=\"300\" height=\"180\" alt=\"Hochleistungsflachstrahld\u00fcse Modelle HP1125 Luftstr\u00f6mungsfeld Abmessungen\" src=\"https:\/\/www.eputec.de\/wp-content\/uploads\/2016\/11\/Hochleistungsflachstrahlduese-Modell-HP1125-Abmessungen.jpg\" data-orig-src=\"https:\/\/www.eputec.de\/wp-content\/uploads\/2016\/11\/Hochleistungsflachstrahlduese-Modell-HP1125-Abmessungen.jpg\" class=\"lazyload img-responsive wp-image-72762\" srcset=\"data:image\/svg+xml,%3Csvg%20xmlns%3D%27http%3A%2F%2Fwww.w3.org%2F2000%2Fsvg%27%20width%3D%27300%27%20height%3D%27180%27%20viewBox%3D%270%200%20300%20180%27%3E%3Crect%20width%3D%27300%27%20height%3D%27180%27%20fill-opacity%3D%220%22%2F%3E%3C%2Fsvg%3E\" data-srcset=\"https:\/\/www.eputec.de\/wp-content\/uploads\/2016\/11\/Hochleistungsflachstrahlduese-Modell-HP1125-Abmessungen-200x120.jpg 200w, https:\/\/www.eputec.de\/wp-content\/uploads\/2016\/11\/Hochleistungsflachstrahlduese-Modell-HP1125-Abmessungen.jpg 300w\" data-sizes=\"auto\" data-orig-sizes=\"(max-width: 800px) 100vw, 300px\" \/><\/a><\/span><\/div><div class=\"fusion-clearfix\"><\/div><\/div><\/div><div class=\"fusion-layout-column fusion_builder_column fusion-builder-column-9 fusion_builder_column_1_1 1_1 fusion-one-full fusion-column-first fusion-column-last fusion-column-no-min-height\" style=\"--awb-bg-size:cover;--awb-margin-top:0px;--awb-margin-bottom:0px;\"><div class=\"fusion-column-wrapper fusion-flex-column-wrapper-legacy\"><div class=\"fusion-sep-clear\"><\/div><div class=\"fusion-separator fusion-full-width-sep\" style=\"margin-left: auto;margin-right: auto;margin-top:10px;width:100%;\"><\/div><div class=\"fusion-sep-clear\"><\/div><div class=\"fusion-clearfix\"><\/div><\/div><\/div><div class=\"fusion-layout-column fusion_builder_column fusion-builder-column-10 fusion_builder_column_1_1 1_1 fusion-one-full fusion-column-first fusion-column-last\" style=\"--awb-bg-size:cover;\"><div class=\"fusion-column-wrapper fusion-flex-column-wrapper-legacy\"><div class=\"fusion-text fusion-text-6\"><p><strong>Catalogue<\/strong><\/p>\n<p><a style=\"text-decoration: underline;\" href=\"https:\/\/www.eputec.de\/downloads\/exair-kataloge\/Nozzle_1122-HP1125.pdf\" target=\"_blank\" rel=\"noopener noreferrer\">\u00bb Mod\u00e8le HP1125 \u00ab\u00a0High Power Flat Super Air Nozzle\u00a0\u00bb (PDF en allemand)<\/a><\/p>\n<\/div><div class=\"fusion-clearfix\"><\/div><\/div><\/div><\/div><\/div>\n","protected":false},"excerpt":{"rendered":"","protected":false},"author":1,"featured_media":0,"parent":56668,"menu_order":0,"comment_status":"closed","ping_status":"closed","template":"","meta":{"footnotes":""},"class_list":["post-56724","page","type-page","status-publish","hentry"],"yoast_head":"<!-- This site is optimized with the Yoast SEO plugin v27.2 - https:\/\/yoast.com\/product\/yoast-seo-wordpress\/ -->\n<title>Buses \u00e0 jet plat hautes performances - par Eputec<\/title>\n<meta name=\"description\" content=\"Les buses \u00e0 jet plat hautes performances d&amp;apos;Exair r\u00e9duisent le niveau sonore et la consommation d&amp;apos;air lors des processus de soufflage.\" \/>\n<meta name=\"robots\" content=\"index, follow, max-snippet:-1, max-image-preview:large, max-video-preview:-1\" \/>\n<link rel=\"canonical\" href=\"https:\/\/www.eputec.de\/fr\/buses-de-soufflage-exair\/buses-de-soufflage-air-nozzles\/buses-de-soufflage-exair-buses-9\/\" \/>\n<meta property=\"og:locale\" content=\"fr_FR\" \/>\n<meta property=\"og:type\" content=\"article\" \/>\n<meta property=\"og:title\" content=\"Buses \u00e0 jet plat hautes performances - par Eputec\" \/>\n<meta property=\"og:description\" content=\"Les buses \u00e0 jet plat hautes performances d&amp;apos;Exair r\u00e9duisent le niveau sonore et la consommation d&amp;apos;air lors des processus de soufflage.\" \/>\n<meta property=\"og:url\" content=\"https:\/\/www.eputec.de\/fr\/buses-de-soufflage-exair\/buses-de-soufflage-air-nozzles\/buses-de-soufflage-exair-buses-9\/\" \/>\n<meta property=\"og:site_name\" content=\"EPUTEC Solutions professionnelles d\u2019air comprim\u00e9\" \/>\n<meta property=\"article:publisher\" content=\"https:\/\/www.facebook.com\/eputec\/?ref=ts\" \/>\n<meta property=\"article:modified_time\" content=\"2023-07-26T12:42:45+00:00\" \/>\n<meta property=\"og:image\" content=\"https:\/\/www.eputec.de\/wp-content\/uploads\/2016\/11\/osha.png\" \/>\n<meta name=\"twitter:card\" content=\"summary_large_image\" \/>\n<meta name=\"twitter:label1\" content=\"Dur\u00e9e de lecture estim\u00e9e\" \/>\n\t<meta name=\"twitter:data1\" content=\"6 minutes\" \/>\n<script type=\"application\/ld+json\" class=\"yoast-schema-graph\">{\"@context\":\"https:\/\/schema.org\",\"@graph\":[{\"@type\":\"WebPage\",\"@id\":\"https:\/\/www.eputec.de\/fr\/buses-de-soufflage-exair\/buses-de-soufflage-air-nozzles\/buses-de-soufflage-exair-buses-9\/\",\"url\":\"https:\/\/www.eputec.de\/fr\/buses-de-soufflage-exair\/buses-de-soufflage-air-nozzles\/buses-de-soufflage-exair-buses-9\/\",\"name\":\"Buses \u00e0 jet plat hautes performances - par Eputec\",\"isPartOf\":{\"@id\":\"https:\/\/www.eputec.de\/fr\/#website\"},\"primaryImageOfPage\":{\"@id\":\"https:\/\/www.eputec.de\/fr\/buses-de-soufflage-exair\/buses-de-soufflage-air-nozzles\/buses-de-soufflage-exair-buses-9\/#primaryimage\"},\"image\":{\"@id\":\"https:\/\/www.eputec.de\/fr\/buses-de-soufflage-exair\/buses-de-soufflage-air-nozzles\/buses-de-soufflage-exair-buses-9\/#primaryimage\"},\"thumbnailUrl\":\"https:\/\/www.eputec.de\/wp-content\/uploads\/2016\/11\/osha.png\",\"datePublished\":\"2023-01-04T07:50:38+00:00\",\"dateModified\":\"2023-07-26T12:42:45+00:00\",\"description\":\"Les buses \u00e0 jet plat hautes performances d&apos;Exair r\u00e9duisent le niveau sonore et la consommation d&apos;air lors des processus de soufflage.\",\"breadcrumb\":{\"@id\":\"https:\/\/www.eputec.de\/fr\/buses-de-soufflage-exair\/buses-de-soufflage-air-nozzles\/buses-de-soufflage-exair-buses-9\/#breadcrumb\"},\"inLanguage\":\"fr-FR\",\"potentialAction\":[{\"@type\":\"ReadAction\",\"target\":[\"https:\/\/www.eputec.de\/fr\/buses-de-soufflage-exair\/buses-de-soufflage-air-nozzles\/buses-de-soufflage-exair-buses-9\/\"]}]},{\"@type\":\"ImageObject\",\"inLanguage\":\"fr-FR\",\"@id\":\"https:\/\/www.eputec.de\/fr\/buses-de-soufflage-exair\/buses-de-soufflage-air-nozzles\/buses-de-soufflage-exair-buses-9\/#primaryimage\",\"url\":\"https:\/\/www.eputec.de\/wp-content\/uploads\/2016\/11\/osha.png\",\"contentUrl\":\"https:\/\/www.eputec.de\/wp-content\/uploads\/2016\/11\/osha.png\"},{\"@type\":\"BreadcrumbList\",\"@id\":\"https:\/\/www.eputec.de\/fr\/buses-de-soufflage-exair\/buses-de-soufflage-air-nozzles\/buses-de-soufflage-exair-buses-9\/#breadcrumb\",\"itemListElement\":[{\"@type\":\"ListItem\",\"position\":1,\"name\":\"Home\",\"item\":\"https:\/\/www.eputec.de\/fr\/\"},{\"@type\":\"ListItem\",\"position\":2,\"name\":\"Buses de soufflage\",\"item\":\"https:\/\/www.eputec.de\/fr\/buses-de-soufflage-exair\/\"},{\"@type\":\"ListItem\",\"position\":3,\"name\":\"Aper\u00e7u des buses de soufflage\",\"item\":\"https:\/\/www.eputec.de\/fr\/buses-de-soufflage-exair\/buses-de-soufflage-air-nozzles\/\"},{\"@type\":\"ListItem\",\"position\":4,\"name\":\"Mod\u00e8le HP1125 buses \u00e0 jet plat hautes performances\"}]},{\"@type\":\"WebSite\",\"@id\":\"https:\/\/www.eputec.de\/fr\/#website\",\"url\":\"https:\/\/www.eputec.de\/fr\/\",\"name\":\"EPUTEC Drucklufttechnik\",\"description\":\"Buses \u00e0 air comprim\u00e9 et technologie d&#039;air comprim\u00e9 d&#039;EPUTEC\",\"potentialAction\":[{\"@type\":\"SearchAction\",\"target\":{\"@type\":\"EntryPoint\",\"urlTemplate\":\"https:\/\/www.eputec.de\/fr\/?s={search_term_string}\"},\"query-input\":{\"@type\":\"PropertyValueSpecification\",\"valueRequired\":true,\"valueName\":\"search_term_string\"}}],\"inLanguage\":\"fr-FR\"}]}<\/script>\n<!-- \/ Yoast SEO plugin. -->","yoast_head_json":{"title":"Buses \u00e0 jet plat hautes performances - par Eputec","description":"Les buses \u00e0 jet plat hautes performances d&apos;Exair r\u00e9duisent le niveau sonore et la consommation d&apos;air lors des processus de soufflage.","robots":{"index":"index","follow":"follow","max-snippet":"max-snippet:-1","max-image-preview":"max-image-preview:large","max-video-preview":"max-video-preview:-1"},"canonical":"https:\/\/www.eputec.de\/fr\/buses-de-soufflage-exair\/buses-de-soufflage-air-nozzles\/buses-de-soufflage-exair-buses-9\/","og_locale":"fr_FR","og_type":"article","og_title":"Buses \u00e0 jet plat hautes performances - par Eputec","og_description":"Les buses \u00e0 jet plat hautes performances d&apos;Exair r\u00e9duisent le niveau sonore et la consommation d&apos;air lors des processus de soufflage.","og_url":"https:\/\/www.eputec.de\/fr\/buses-de-soufflage-exair\/buses-de-soufflage-air-nozzles\/buses-de-soufflage-exair-buses-9\/","og_site_name":"EPUTEC Solutions professionnelles d\u2019air comprim\u00e9","article_publisher":"https:\/\/www.facebook.com\/eputec\/?ref=ts","article_modified_time":"2023-07-26T12:42:45+00:00","og_image":[{"url":"https:\/\/www.eputec.de\/wp-content\/uploads\/2016\/11\/osha.png","type":"","width":"","height":""}],"twitter_card":"summary_large_image","twitter_misc":{"Dur\u00e9e de lecture estim\u00e9e":"6 minutes"},"schema":{"@context":"https:\/\/schema.org","@graph":[{"@type":"WebPage","@id":"https:\/\/www.eputec.de\/fr\/buses-de-soufflage-exair\/buses-de-soufflage-air-nozzles\/buses-de-soufflage-exair-buses-9\/","url":"https:\/\/www.eputec.de\/fr\/buses-de-soufflage-exair\/buses-de-soufflage-air-nozzles\/buses-de-soufflage-exair-buses-9\/","name":"Buses \u00e0 jet plat hautes performances - par Eputec","isPartOf":{"@id":"https:\/\/www.eputec.de\/fr\/#website"},"primaryImageOfPage":{"@id":"https:\/\/www.eputec.de\/fr\/buses-de-soufflage-exair\/buses-de-soufflage-air-nozzles\/buses-de-soufflage-exair-buses-9\/#primaryimage"},"image":{"@id":"https:\/\/www.eputec.de\/fr\/buses-de-soufflage-exair\/buses-de-soufflage-air-nozzles\/buses-de-soufflage-exair-buses-9\/#primaryimage"},"thumbnailUrl":"https:\/\/www.eputec.de\/wp-content\/uploads\/2016\/11\/osha.png","datePublished":"2023-01-04T07:50:38+00:00","dateModified":"2023-07-26T12:42:45+00:00","description":"Les buses \u00e0 jet plat hautes performances d&apos;Exair r\u00e9duisent le niveau sonore et la consommation d&apos;air lors des processus de soufflage.","breadcrumb":{"@id":"https:\/\/www.eputec.de\/fr\/buses-de-soufflage-exair\/buses-de-soufflage-air-nozzles\/buses-de-soufflage-exair-buses-9\/#breadcrumb"},"inLanguage":"fr-FR","potentialAction":[{"@type":"ReadAction","target":["https:\/\/www.eputec.de\/fr\/buses-de-soufflage-exair\/buses-de-soufflage-air-nozzles\/buses-de-soufflage-exair-buses-9\/"]}]},{"@type":"ImageObject","inLanguage":"fr-FR","@id":"https:\/\/www.eputec.de\/fr\/buses-de-soufflage-exair\/buses-de-soufflage-air-nozzles\/buses-de-soufflage-exair-buses-9\/#primaryimage","url":"https:\/\/www.eputec.de\/wp-content\/uploads\/2016\/11\/osha.png","contentUrl":"https:\/\/www.eputec.de\/wp-content\/uploads\/2016\/11\/osha.png"},{"@type":"BreadcrumbList","@id":"https:\/\/www.eputec.de\/fr\/buses-de-soufflage-exair\/buses-de-soufflage-air-nozzles\/buses-de-soufflage-exair-buses-9\/#breadcrumb","itemListElement":[{"@type":"ListItem","position":1,"name":"Home","item":"https:\/\/www.eputec.de\/fr\/"},{"@type":"ListItem","position":2,"name":"Buses de soufflage","item":"https:\/\/www.eputec.de\/fr\/buses-de-soufflage-exair\/"},{"@type":"ListItem","position":3,"name":"Aper\u00e7u des buses de soufflage","item":"https:\/\/www.eputec.de\/fr\/buses-de-soufflage-exair\/buses-de-soufflage-air-nozzles\/"},{"@type":"ListItem","position":4,"name":"Mod\u00e8le HP1125 buses \u00e0 jet plat hautes performances"}]},{"@type":"WebSite","@id":"https:\/\/www.eputec.de\/fr\/#website","url":"https:\/\/www.eputec.de\/fr\/","name":"EPUTEC Drucklufttechnik","description":"Buses \u00e0 air comprim\u00e9 et technologie d&#039;air comprim\u00e9 d&#039;EPUTEC","potentialAction":[{"@type":"SearchAction","target":{"@type":"EntryPoint","urlTemplate":"https:\/\/www.eputec.de\/fr\/?s={search_term_string}"},"query-input":{"@type":"PropertyValueSpecification","valueRequired":true,"valueName":"search_term_string"}}],"inLanguage":"fr-FR"}]}},"_links":{"self":[{"href":"https:\/\/www.eputec.de\/fr\/wp-json\/wp\/v2\/pages\/56724","targetHints":{"allow":["GET"]}}],"collection":[{"href":"https:\/\/www.eputec.de\/fr\/wp-json\/wp\/v2\/pages"}],"about":[{"href":"https:\/\/www.eputec.de\/fr\/wp-json\/wp\/v2\/types\/page"}],"author":[{"embeddable":true,"href":"https:\/\/www.eputec.de\/fr\/wp-json\/wp\/v2\/users\/1"}],"replies":[{"embeddable":true,"href":"https:\/\/www.eputec.de\/fr\/wp-json\/wp\/v2\/comments?post=56724"}],"version-history":[{"count":0,"href":"https:\/\/www.eputec.de\/fr\/wp-json\/wp\/v2\/pages\/56724\/revisions"}],"up":[{"embeddable":true,"href":"https:\/\/www.eputec.de\/fr\/wp-json\/wp\/v2\/pages\/56668"}],"wp:attachment":[{"href":"https:\/\/www.eputec.de\/fr\/wp-json\/wp\/v2\/media?parent=56724"}],"curies":[{"name":"wp","href":"https:\/\/api.w.org\/{rel}","templated":true}]}}