{"id":57545,"date":"2023-02-08T14:43:47","date_gmt":"2023-02-08T13:43:47","guid":{"rendered":"https:\/\/www.eputec.de\/optimisation-de-lair-comprime\/debitmetre-numerique-avec-mesure-de-la-pression\/"},"modified":"2023-12-18T15:03:01","modified_gmt":"2023-12-18T14:03:01","slug":"debitmetre-numerique-avec-mesure-de-la-pression","status":"publish","type":"page","link":"https:\/\/www.eputec.de\/fr\/optimisation-de-lair-comprime\/debitmetre-numerique-avec-mesure-de-la-pression\/","title":{"rendered":"D\u00e9bitm\u00e8tre num\u00e9rique avec mesure de la pression"},"content":{"rendered":"<p><div class=\"fusion-fullwidth fullwidth-box fusion-builder-row-1 nonhundred-percent-fullwidth non-hundred-percent-height-scrolling\" style=\"--awb-background-position:left top;--awb-border-sizes-top:0px;--awb-border-sizes-bottom:0px;--awb-border-sizes-left:0px;--awb-border-sizes-right:0px;--awb-border-radius-top-left:0px;--awb-border-radius-top-right:0px;--awb-border-radius-bottom-right:0px;--awb-border-radius-bottom-left:0px;--awb-flex-wrap:wrap;\" ><div class=\"fusion-builder-row fusion-row\"><div class=\"fusion-layout-column fusion_builder_column fusion-builder-column-0 fusion_builder_column_1_1 1_1 fusion-one-full fusion-column-first fusion-column-last\" style=\"--awb-bg-size:cover;\"><div class=\"fusion-column-wrapper fusion-flex-column-wrapper-legacy\"><div class=\"fusion-text fusion-text-1\"><p>Le d\u00e9bitm\u00e8tre num\u00e9rique avec mesure de la pression est un moyen simple de surveiller la pression dans vos conduites et la consommation d&apos;air comprim\u00e9 en SCFM ou en m\u00b3\/h. <strong>Rep\u00e9rez les fuites co\u00fbteuses ou les dispositifs d&apos;air comprim\u00e9 inefficaces\u00a0!<\/strong><\/p>\n<p>Le <strong>Pressure sensing digital flowmeter<\/strong> d&apos;Exair est dot\u00e9 d&apos;une fonction de collecte de donn\u00e9es. Il vous indique la pression exacte dans votre tuyauterie ainsi que l&apos;air comprim\u00e9 utilis\u00e9.<\/p>\n<p>Le capteur de pression num\u00e9rique peut \u00eatre install\u00e9 de <strong>mani\u00e8re permanente ou temporaire<\/strong> sur des conduites d&apos;air comprim\u00e9 de n&apos;importe quel mat\u00e9riau. Disponible pour mesurer la pression et le d\u00e9bit d&apos;air dans les tuyaux en acier de 2&quot; \u00e0 8&quot;, dans les tuyaux en aluminium de 50 \u00e0 101\u00a0mm et pour les tuyaux en cuivre de 2\u2033 \u00e0 4\u2033.<\/p>\n<p>L&apos;appareil se fixe sur la conduite au niveau de deux petits trous. <strong>Il n&apos;est pas n\u00e9cessaire de couper, souder, r\u00e9gler ou calibrer<\/strong>. Si l&apos;appareil doit \u00eatre retir\u00e9 \u00e0 un moment donn\u00e9, nous pouvons vous fournir des bagues d&apos;arr\u00eat.<\/p>\n<\/div><div class=\"fusion-image-element in-legacy-container\" style=\"--awb-caption-title-font-family:var(--h2_typography-font-family);--awb-caption-title-font-weight:var(--h2_typography-font-weight);--awb-caption-title-font-style:var(--h2_typography-font-style);--awb-caption-title-size:var(--h2_typography-font-size);--awb-caption-title-transform:var(--h2_typography-text-transform);--awb-caption-title-line-height:var(--h2_typography-line-height);--awb-caption-title-letter-spacing:var(--h2_typography-letter-spacing);\"><span class=\" fusion-imageframe imageframe-none imageframe-1 hover-type-none\"><img decoding=\"async\" width=\"600\" height=\"600\" alt=\"D\u00e9bitm\u00e8tre num\u00e9rique avec mesure de la pression\" title=\"Digitaler-Durchflussmesser-mit-Druckmessung-min\" src=\"https:\/\/www.eputec.de\/wp-content\/uploads\/2022\/03\/Digitaler-Durchflussmesser-mit-Druckmessung-min-e1705041870239.jpg\" data-orig-src=\"https:\/\/www.eputec.de\/wp-content\/uploads\/2022\/03\/Digitaler-Durchflussmesser-mit-Druckmessung-min.jpg\" class=\"lazyload img-responsive wp-image-48610\" srcset=\"data:image\/svg+xml,%3Csvg%20xmlns%3D%27http%3A%2F%2Fwww.w3.org%2F2000%2Fsvg%27%20width%3D%27600%27%20height%3D%27600%27%20viewBox%3D%270%200%20600%20600%27%3E%3Crect%20width%3D%27600%27%20height%3D%27600%27%20fill-opacity%3D%220%22%2F%3E%3C%2Fsvg%3E\" data-srcset=\"https:\/\/www.eputec.de\/wp-content\/uploads\/2022\/03\/Digitaler-Durchflussmesser-mit-Druckmessung-min-200x200.jpg 200w, https:\/\/www.eputec.de\/wp-content\/uploads\/2022\/03\/Digitaler-Durchflussmesser-mit-Druckmessung-min-400x400.jpg 400w, https:\/\/www.eputec.de\/wp-content\/uploads\/2022\/03\/Digitaler-Durchflussmesser-mit-Druckmessung-min.jpg 600w\" data-sizes=\"auto\" data-orig-sizes=\"(max-width: 800px) 100vw, 600px\" \/><\/span><\/div><div class=\"fusion-title title fusion-title-1 fusion-sep-none fusion-title-text fusion-title-size-two\" style=\"--awb-margin-top:21px;--awb-margin-top-small:0px;--awb-margin-right-small:0px;--awb-margin-bottom-small:20px;--awb-margin-left-small:0px;\"><h2 class=\"fusion-title-heading title-heading-left fusion-responsive-typography-calculated\" style=\"margin:0;--fontSize:21.6;--minFontSize:21.6;line-height:1.2;\">Comment fonctionne le d\u00e9bitm\u00e8tre num\u00e9rique avec mesure de la pression\u00a0?<\/h2><\/div><div class=\"fusion-text fusion-text-2\"><p>Un capteur de pression est mont\u00e9 entre les deux sondes de d\u00e9bit. L&apos;acc\u00e8s \u00e0 la pression du tube se fait par une encoche dans le joint qui assure l&apos;\u00e9tanch\u00e9it\u00e9 entre l&apos;anneau et le tube. Le signal de pression est fourni sous la forme d&apos;une deuxi\u00e8me sortie en milliamp\u00e8res. Avec cette option, les deux sorties en milliamp\u00e8res ne sont pas isol\u00e9es. Elles fournissent un courant qui doit \u00eatre renvoy\u00e9 au port CC de l&apos;instrument de mesure.<\/p>\n<p>La <strong>consommation d&apos;air comprim\u00e9 et la pression peuvent \u00eatre affich\u00e9es sur l&apos;\u00e9cran LED \u00e0 quatre chiffres du Pressure sensing digital flowmeter<\/strong>. Le signal de pression est \u00e9galement disponible via les sorties c\u00e2bl\u00e9es et sans fil en option. La sortie d&apos;impulsions est remplac\u00e9e par une sortie \u00e0 transistor configur\u00e9e comme alarme de basse pression lorsque la pression est inf\u00e9rieure \u00e0 50\u00a0PSIG.<\/p>\n<\/div><div class=\"fusion-clearfix\"><\/div><\/div><\/div><\/div><\/div><div class=\"fusion-fullwidth fullwidth-box fusion-builder-row-2 nonhundred-percent-fullwidth non-hundred-percent-height-scrolling\" style=\"--awb-background-position:left top;--awb-border-sizes-top:0px;--awb-border-sizes-bottom:0px;--awb-border-sizes-left:0px;--awb-border-sizes-right:0px;--awb-border-radius-top-left:0px;--awb-border-radius-top-right:0px;--awb-border-radius-bottom-right:0px;--awb-border-radius-bottom-left:0px;--awb-flex-wrap:wrap;\" ><div class=\"fusion-builder-row fusion-row\"><div class=\"fusion-layout-column fusion_builder_column fusion-builder-column-1 fusion_builder_column_1_1 1_1 fusion-one-full fusion-column-first fusion-column-last fusion-column-no-min-height\" style=\"--awb-bg-size:cover;--awb-margin-top:0px;--awb-margin-bottom:0px;\"><div class=\"fusion-column-wrapper fusion-flex-column-wrapper-legacy\"><div class=\"accordian fusion-accordian\" style=\"--awb-border-size:1px;--awb-icon-size:13px;--awb-content-font-size:18px;--awb-icon-alignment:left;--awb-hover-color:#f7f7f7;--awb-border-color:rgba(204,204,204,0);--awb-background-color:#ffffff;--awb-divider-color:#eeeeee;--awb-divider-hover-color:#eeeeee;--awb-icon-color:#ffffff;--awb-title-color:#023580;--awb-content-color:#7b838b;--awb-icon-box-color:#3a4149;--awb-toggle-hover-accent-color:#023580;--awb-title-font-family:&quot;Barlow Condensed&quot;;--awb-title-font-weight:700;--awb-title-font-style:normal;--awb-title-font-size:18px;--awb-content-font-family:&quot;Barlow&quot;;--awb-content-font-style:normal;--awb-content-font-weight:400;\"><div class=\"panel-group fusion-toggle-icon-boxed\" id=\"accordion-57545-1\"><div class=\"fusion-panel panel-default panel-f2a02d12ba4e0a417 fusion-toggle-has-divider\" style=\"--awb-title-color:#023580;--awb-content-color:#7b838b;\"><div class=\"panel-heading\"><h4 class=\"panel-title toggle\" id=\"toggle_f2a02d12ba4e0a417\"><a aria-expanded=\"false\" aria-controls=\"f2a02d12ba4e0a417\" role=\"button\" data-toggle=\"collapse\" data-parent=\"#accordion-57545-1\" data-target=\"#f2a02d12ba4e0a417\" href=\"#f2a02d12ba4e0a417\"><span class=\"fusion-toggle-icon-wrapper\" aria-hidden=\"true\"><i class=\"fa-fusion-box active-icon awb-icon-minus\" aria-hidden=\"true\"><\/i><i class=\"fa-fusion-box inactive-icon awb-icon-plus\" aria-hidden=\"true\"><\/i><\/span><span class=\"fusion-toggle-heading\">Modes d'emploi<\/span><\/a><\/h4><\/div><div id=\"f2a02d12ba4e0a417\" class=\"panel-collapse collapse \" aria-labelledby=\"toggle_f2a02d12ba4e0a417\"><div class=\"panel-body toggle-content fusion-clearfix\">\n<p><a href=\"https:\/\/www.eputec.de\/wp-content\/uploads\/2021\/01\/Digitaler-Durchflussmesser-mit-Druckmessung_10_2020_LIT-9028.pdf\" target=\"_blank\" rel=\"noopener\">\u00bb Pressure Sensing Flowmeter (PDF)<\/a><\/p>\n<p><a style=\"text-decoration: underline;\" href=\"https:\/\/www.eputec.de\/wp-content\/uploads\/2020\/08\/Optimization.pdf\" target=\"_blank\" rel=\"noopener noreferrer\">\u00bb Exair Optimization products (PDF)<\/a><\/p>\n<\/div><\/div><\/div><\/div><\/div><div class=\"fusion-clearfix\"><\/div><\/div><\/div><\/div><\/div><\/p>\n","protected":false},"excerpt":{"rendered":"","protected":false},"author":1,"featured_media":76594,"parent":57542,"menu_order":0,"comment_status":"closed","ping_status":"closed","template":"","meta":{"footnotes":""},"class_list":["post-57545","page","type-page","status-publish","has-post-thumbnail","hentry"],"yoast_head":"<!-- This site is optimized with the Yoast SEO plugin v27.2 - https:\/\/yoast.com\/product\/yoast-seo-wordpress\/ -->\n<title>D\u00e9bitm\u00e8tre num\u00e9rique avec mesure de la pression | EPUTEC<\/title>\n<meta name=\"description\" content=\"D\u00e9bitm\u00e8tre num\u00e9rique - Optimiseurs d&#039;air comprim\u00e9 d&#039;Eputec Drucklufttechnik.\" \/>\n<meta name=\"robots\" content=\"index, follow, max-snippet:-1, max-image-preview:large, max-video-preview:-1\" \/>\n<link rel=\"canonical\" href=\"https:\/\/www.eputec.de\/fr\/optimisation-de-lair-comprime\/debitmetre-numerique-avec-mesure-de-la-pression\/\" \/>\n<meta property=\"og:locale\" content=\"fr_FR\" \/>\n<meta property=\"og:type\" content=\"article\" \/>\n<meta property=\"og:title\" content=\"D\u00e9bitm\u00e8tre num\u00e9rique avec mesure de la pression | EPUTEC\" \/>\n<meta property=\"og:description\" content=\"D\u00e9bitm\u00e8tre num\u00e9rique - Optimiseurs d&#039;air comprim\u00e9 d&#039;Eputec Drucklufttechnik.\" \/>\n<meta property=\"og:url\" content=\"https:\/\/www.eputec.de\/fr\/optimisation-de-lair-comprime\/debitmetre-numerique-avec-mesure-de-la-pression\/\" \/>\n<meta property=\"og:site_name\" content=\"EPUTEC Solutions professionnelles d\u2019air comprim\u00e9\" \/>\n<meta property=\"article:publisher\" content=\"https:\/\/www.facebook.com\/eputec\/?ref=ts\" \/>\n<meta property=\"article:modified_time\" content=\"2023-12-18T14:03:01+00:00\" \/>\n<meta property=\"og:image\" content=\"https:\/\/www.eputec.de\/wp-content\/uploads\/2016\/10\/Digitaler-Durchflussmesser-e1705047027183.jpg\" \/>\n\t<meta property=\"og:image:width\" content=\"200\" \/>\n\t<meta property=\"og:image:height\" content=\"108\" \/>\n\t<meta property=\"og:image:type\" content=\"image\/jpeg\" \/>\n<meta name=\"twitter:card\" content=\"summary_large_image\" \/>\n<meta name=\"twitter:label1\" content=\"Dur\u00e9e de lecture estim\u00e9e\" \/>\n\t<meta name=\"twitter:data1\" content=\"4 minutes\" \/>\n<script type=\"application\/ld+json\" class=\"yoast-schema-graph\">{\"@context\":\"https:\/\/schema.org\",\"@graph\":[{\"@type\":\"WebPage\",\"@id\":\"https:\/\/www.eputec.de\/fr\/optimisation-de-lair-comprime\/debitmetre-numerique-avec-mesure-de-la-pression\/\",\"url\":\"https:\/\/www.eputec.de\/fr\/optimisation-de-lair-comprime\/debitmetre-numerique-avec-mesure-de-la-pression\/\",\"name\":\"D\u00e9bitm\u00e8tre num\u00e9rique avec mesure de la pression | EPUTEC\",\"isPartOf\":{\"@id\":\"https:\/\/www.eputec.de\/fr\/#website\"},\"primaryImageOfPage\":{\"@id\":\"https:\/\/www.eputec.de\/fr\/optimisation-de-lair-comprime\/debitmetre-numerique-avec-mesure-de-la-pression\/#primaryimage\"},\"image\":{\"@id\":\"https:\/\/www.eputec.de\/fr\/optimisation-de-lair-comprime\/debitmetre-numerique-avec-mesure-de-la-pression\/#primaryimage\"},\"thumbnailUrl\":\"https:\/\/www.eputec.de\/wp-content\/uploads\/2016\/10\/Digitaler-Durchflussmesser-e1705047027183.jpg\",\"datePublished\":\"2023-02-08T13:43:47+00:00\",\"dateModified\":\"2023-12-18T14:03:01+00:00\",\"description\":\"D\u00e9bitm\u00e8tre num\u00e9rique - Optimiseurs d'air comprim\u00e9 d'Eputec Drucklufttechnik.\",\"breadcrumb\":{\"@id\":\"https:\/\/www.eputec.de\/fr\/optimisation-de-lair-comprime\/debitmetre-numerique-avec-mesure-de-la-pression\/#breadcrumb\"},\"inLanguage\":\"fr-FR\",\"potentialAction\":[{\"@type\":\"ReadAction\",\"target\":[\"https:\/\/www.eputec.de\/fr\/optimisation-de-lair-comprime\/debitmetre-numerique-avec-mesure-de-la-pression\/\"]}]},{\"@type\":\"ImageObject\",\"inLanguage\":\"fr-FR\",\"@id\":\"https:\/\/www.eputec.de\/fr\/optimisation-de-lair-comprime\/debitmetre-numerique-avec-mesure-de-la-pression\/#primaryimage\",\"url\":\"https:\/\/www.eputec.de\/wp-content\/uploads\/2016\/10\/Digitaler-Durchflussmesser-e1705047027183.jpg\",\"contentUrl\":\"https:\/\/www.eputec.de\/wp-content\/uploads\/2016\/10\/Digitaler-Durchflussmesser-e1705047027183.jpg\",\"width\":200,\"height\":108},{\"@type\":\"BreadcrumbList\",\"@id\":\"https:\/\/www.eputec.de\/fr\/optimisation-de-lair-comprime\/debitmetre-numerique-avec-mesure-de-la-pression\/#breadcrumb\",\"itemListElement\":[{\"@type\":\"ListItem\",\"position\":1,\"name\":\"Home\",\"item\":\"https:\/\/www.eputec.de\/fr\/\"},{\"@type\":\"ListItem\",\"position\":2,\"name\":\"Dispositifs d&apos;optimisation\",\"item\":\"https:\/\/www.eputec.de\/fr\/optimisation-de-lair-comprime\/\"},{\"@type\":\"ListItem\",\"position\":3,\"name\":\"D\u00e9bitm\u00e8tre num\u00e9rique\"}]},{\"@type\":\"WebSite\",\"@id\":\"https:\/\/www.eputec.de\/fr\/#website\",\"url\":\"https:\/\/www.eputec.de\/fr\/\",\"name\":\"EPUTEC Drucklufttechnik\",\"description\":\"Buses \u00e0 air comprim\u00e9 et technologie d&#039;air comprim\u00e9 d&#039;EPUTEC\",\"potentialAction\":[{\"@type\":\"SearchAction\",\"target\":{\"@type\":\"EntryPoint\",\"urlTemplate\":\"https:\/\/www.eputec.de\/fr\/?s={search_term_string}\"},\"query-input\":{\"@type\":\"PropertyValueSpecification\",\"valueRequired\":true,\"valueName\":\"search_term_string\"}}],\"inLanguage\":\"fr-FR\"}]}<\/script>\n<!-- \/ Yoast SEO plugin. -->","yoast_head_json":{"title":"D\u00e9bitm\u00e8tre num\u00e9rique avec mesure de la pression | EPUTEC","description":"D\u00e9bitm\u00e8tre num\u00e9rique - Optimiseurs d'air comprim\u00e9 d'Eputec Drucklufttechnik.","robots":{"index":"index","follow":"follow","max-snippet":"max-snippet:-1","max-image-preview":"max-image-preview:large","max-video-preview":"max-video-preview:-1"},"canonical":"https:\/\/www.eputec.de\/fr\/optimisation-de-lair-comprime\/debitmetre-numerique-avec-mesure-de-la-pression\/","og_locale":"fr_FR","og_type":"article","og_title":"D\u00e9bitm\u00e8tre num\u00e9rique avec mesure de la pression | EPUTEC","og_description":"D\u00e9bitm\u00e8tre num\u00e9rique - Optimiseurs d'air comprim\u00e9 d'Eputec Drucklufttechnik.","og_url":"https:\/\/www.eputec.de\/fr\/optimisation-de-lair-comprime\/debitmetre-numerique-avec-mesure-de-la-pression\/","og_site_name":"EPUTEC Solutions professionnelles d\u2019air comprim\u00e9","article_publisher":"https:\/\/www.facebook.com\/eputec\/?ref=ts","article_modified_time":"2023-12-18T14:03:01+00:00","og_image":[{"width":200,"height":108,"url":"https:\/\/www.eputec.de\/wp-content\/uploads\/2016\/10\/Digitaler-Durchflussmesser-e1705047027183.jpg","type":"image\/jpeg"}],"twitter_card":"summary_large_image","twitter_misc":{"Dur\u00e9e de lecture estim\u00e9e":"4 minutes"},"schema":{"@context":"https:\/\/schema.org","@graph":[{"@type":"WebPage","@id":"https:\/\/www.eputec.de\/fr\/optimisation-de-lair-comprime\/debitmetre-numerique-avec-mesure-de-la-pression\/","url":"https:\/\/www.eputec.de\/fr\/optimisation-de-lair-comprime\/debitmetre-numerique-avec-mesure-de-la-pression\/","name":"D\u00e9bitm\u00e8tre num\u00e9rique avec mesure de la pression | EPUTEC","isPartOf":{"@id":"https:\/\/www.eputec.de\/fr\/#website"},"primaryImageOfPage":{"@id":"https:\/\/www.eputec.de\/fr\/optimisation-de-lair-comprime\/debitmetre-numerique-avec-mesure-de-la-pression\/#primaryimage"},"image":{"@id":"https:\/\/www.eputec.de\/fr\/optimisation-de-lair-comprime\/debitmetre-numerique-avec-mesure-de-la-pression\/#primaryimage"},"thumbnailUrl":"https:\/\/www.eputec.de\/wp-content\/uploads\/2016\/10\/Digitaler-Durchflussmesser-e1705047027183.jpg","datePublished":"2023-02-08T13:43:47+00:00","dateModified":"2023-12-18T14:03:01+00:00","description":"D\u00e9bitm\u00e8tre num\u00e9rique - Optimiseurs d'air comprim\u00e9 d'Eputec Drucklufttechnik.","breadcrumb":{"@id":"https:\/\/www.eputec.de\/fr\/optimisation-de-lair-comprime\/debitmetre-numerique-avec-mesure-de-la-pression\/#breadcrumb"},"inLanguage":"fr-FR","potentialAction":[{"@type":"ReadAction","target":["https:\/\/www.eputec.de\/fr\/optimisation-de-lair-comprime\/debitmetre-numerique-avec-mesure-de-la-pression\/"]}]},{"@type":"ImageObject","inLanguage":"fr-FR","@id":"https:\/\/www.eputec.de\/fr\/optimisation-de-lair-comprime\/debitmetre-numerique-avec-mesure-de-la-pression\/#primaryimage","url":"https:\/\/www.eputec.de\/wp-content\/uploads\/2016\/10\/Digitaler-Durchflussmesser-e1705047027183.jpg","contentUrl":"https:\/\/www.eputec.de\/wp-content\/uploads\/2016\/10\/Digitaler-Durchflussmesser-e1705047027183.jpg","width":200,"height":108},{"@type":"BreadcrumbList","@id":"https:\/\/www.eputec.de\/fr\/optimisation-de-lair-comprime\/debitmetre-numerique-avec-mesure-de-la-pression\/#breadcrumb","itemListElement":[{"@type":"ListItem","position":1,"name":"Home","item":"https:\/\/www.eputec.de\/fr\/"},{"@type":"ListItem","position":2,"name":"Dispositifs d&apos;optimisation","item":"https:\/\/www.eputec.de\/fr\/optimisation-de-lair-comprime\/"},{"@type":"ListItem","position":3,"name":"D\u00e9bitm\u00e8tre num\u00e9rique"}]},{"@type":"WebSite","@id":"https:\/\/www.eputec.de\/fr\/#website","url":"https:\/\/www.eputec.de\/fr\/","name":"EPUTEC Drucklufttechnik","description":"Buses \u00e0 air comprim\u00e9 et technologie d&#039;air comprim\u00e9 d&#039;EPUTEC","potentialAction":[{"@type":"SearchAction","target":{"@type":"EntryPoint","urlTemplate":"https:\/\/www.eputec.de\/fr\/?s={search_term_string}"},"query-input":{"@type":"PropertyValueSpecification","valueRequired":true,"valueName":"search_term_string"}}],"inLanguage":"fr-FR"}]}},"_links":{"self":[{"href":"https:\/\/www.eputec.de\/fr\/wp-json\/wp\/v2\/pages\/57545","targetHints":{"allow":["GET"]}}],"collection":[{"href":"https:\/\/www.eputec.de\/fr\/wp-json\/wp\/v2\/pages"}],"about":[{"href":"https:\/\/www.eputec.de\/fr\/wp-json\/wp\/v2\/types\/page"}],"author":[{"embeddable":true,"href":"https:\/\/www.eputec.de\/fr\/wp-json\/wp\/v2\/users\/1"}],"replies":[{"embeddable":true,"href":"https:\/\/www.eputec.de\/fr\/wp-json\/wp\/v2\/comments?post=57545"}],"version-history":[{"count":0,"href":"https:\/\/www.eputec.de\/fr\/wp-json\/wp\/v2\/pages\/57545\/revisions"}],"up":[{"embeddable":true,"href":"https:\/\/www.eputec.de\/fr\/wp-json\/wp\/v2\/pages\/57542"}],"wp:featuredmedia":[{"embeddable":true,"href":"https:\/\/www.eputec.de\/fr\/wp-json\/wp\/v2\/media\/76594"}],"wp:attachment":[{"href":"https:\/\/www.eputec.de\/fr\/wp-json\/wp\/v2\/media?parent=57545"}],"curies":[{"name":"wp","href":"https:\/\/api.w.org\/{rel}","templated":true}]}}