{"id":59244,"date":"2023-03-16T11:23:20","date_gmt":"2023-03-16T10:23:20","guid":{"rendered":"https:\/\/www.eputec.de\/accessoires-pieds-magnetiques\/"},"modified":"2023-07-26T14:52:42","modified_gmt":"2023-07-26T12:52:42","slug":"accessoires-pieds-magnetiques","status":"publish","type":"page","link":"https:\/\/www.eputec.de\/fr\/tuyaux-et-raccords\/flexibles-et-accessoires\/accessoires-pieds-magnetiques\/","title":{"rendered":"Accessoires pieds magn\u00e9tiques"},"content":{"rendered":"<div class=\"fusion-fullwidth fullwidth-box fusion-builder-row-1 nonhundred-percent-fullwidth non-hundred-percent-height-scrolling\" style=\"--awb-background-position:left top;--awb-border-sizes-top:0px;--awb-border-sizes-bottom:0px;--awb-border-sizes-left:0px;--awb-border-sizes-right:0px;--awb-border-radius-top-left:0px;--awb-border-radius-top-right:0px;--awb-border-radius-bottom-right:0px;--awb-border-radius-bottom-left:0px;--awb-flex-wrap:wrap;\" ><div class=\"fusion-builder-row fusion-row\"><div class=\"fusion-layout-column fusion_builder_column fusion-builder-column-0 fusion_builder_column_1_1 1_1 fusion-one-full fusion-column-first fusion-column-last\" style=\"--awb-bg-size:cover;\"><div class=\"fusion-column-wrapper fusion-flex-column-wrapper-legacy\"><div class=\"fusion-title title fusion-title-1 fusion-sep-none fusion-title-text fusion-title-size-three\" style=\"--awb-margin-bottom:10px;--awb-margin-top-small:0px;--awb-margin-right-small:0px;--awb-margin-bottom-small:20px;--awb-margin-left-small:0px;\"><h3 class=\"fusion-title-heading title-heading-left fusion-responsive-typography-calculated\" style=\"margin:0;--fontSize:19.8;--minFontSize:19.8;line-height:1.2;\">Pieds magn\u00e9tiques<\/h3><\/div><div class=\"fusion-text fusion-text-1\"><p>Les <strong>pieds magn\u00e9tiques<\/strong> conviennent aux applications n\u00e9cessitant un d\u00e9placement fr\u00e9quent de l&rsquo;appareil \u00e0 air comprim\u00e9. Le puissant aimant permet un montage horizontal ou vertical. La vanne d&rsquo;arr\u00eat du pied magn\u00e9tique permet de modifier en continu la force et le d\u00e9bit. Les pieds magn\u00e9tiques Exair sont disponibles avec 1 ou 2\u00a0sorties d&rsquo;air comprim\u00e9.<\/p>\n<\/div><div class=\"fusion-clearfix\"><\/div><\/div><\/div><div class=\"fusion-layout-column fusion_builder_column fusion-builder-column-1 fusion_builder_column_1_3 1_3 fusion-one-third fusion-column-first\" style=\"--awb-bg-size:cover;width:30.6666%; margin-right: 4%;\"><div class=\"fusion-column-wrapper fusion-flex-column-wrapper-legacy\"><div class=\"fusion-image-element in-legacy-container\" style=\"--awb-caption-title-font-family:var(--h2_typography-font-family);--awb-caption-title-font-weight:var(--h2_typography-font-weight);--awb-caption-title-font-style:var(--h2_typography-font-style);--awb-caption-title-size:var(--h2_typography-font-size);--awb-caption-title-transform:var(--h2_typography-text-transform);--awb-caption-title-line-height:var(--h2_typography-line-height);--awb-caption-title-letter-spacing:var(--h2_typography-letter-spacing);\"><span class=\" fusion-imageframe imageframe-none imageframe-1 hover-type-none\"><a href=\"https:\/\/www.eputec.de\/wp-content\/uploads\/2016\/10\/singlestand-g.jpg\" class=\"fusion-lightbox\" data-rel=\"iLightbox[3fd5b209ab9d8784515]\" data-title=\"Magnetfu\u00df\" title=\"Magnetfu\u00df\"><img decoding=\"async\" width=\"151\" height=\"201\" alt=\"Magnetfu\u00df\" src=\"data:image\/svg+xml,%3Csvg%20xmlns%3D%27http%3A%2F%2Fwww.w3.org%2F2000%2Fsvg%27%20width%3D%27151%27%20height%3D%27201%27%20viewBox%3D%270%200%20151%20201%27%3E%3Crect%20width%3D%27151%27%20height%3D%27201%27%20fill-opacity%3D%220%22%2F%3E%3C%2Fsvg%3E\" data-orig-src=\"https:\/\/www.eputec.de\/wp-content\/uploads\/2016\/10\/singlestand.jpg\" class=\"lazyload img-responsive wp-image-63068\"\/><\/a><\/span><\/div><div class=\"fusion-clearfix\"><\/div><\/div><\/div><div class=\"fusion-layout-column fusion_builder_column fusion-builder-column-2 fusion_builder_column_1_3 1_3 fusion-one-third\" style=\"--awb-bg-size:cover;width:30.6666%; margin-right: 4%;\"><div class=\"fusion-column-wrapper fusion-flex-column-wrapper-legacy\"><div class=\"fusion-image-element in-legacy-container\" style=\"--awb-caption-title-font-family:var(--h2_typography-font-family);--awb-caption-title-font-weight:var(--h2_typography-font-weight);--awb-caption-title-font-style:var(--h2_typography-font-style);--awb-caption-title-size:var(--h2_typography-font-size);--awb-caption-title-transform:var(--h2_typography-text-transform);--awb-caption-title-line-height:var(--h2_typography-line-height);--awb-caption-title-letter-spacing:var(--h2_typography-letter-spacing);\"><span class=\" fusion-imageframe imageframe-none imageframe-2 hover-type-none\"><img decoding=\"async\" width=\"150\" height=\"201\" alt=\"Magnetf\u00fc\u00dfe\" title=\"Magnetf\u00fc\u00dfe (Magnetic Base)\" src=\"data:image\/svg+xml,%3Csvg%20xmlns%3D%27http%3A%2F%2Fwww.w3.org%2F2000%2Fsvg%27%20width%3D%27150%27%20height%3D%27201%27%20viewBox%3D%270%200%20150%20201%27%3E%3Crect%20width%3D%27150%27%20height%3D%27201%27%20fill-opacity%3D%220%22%2F%3E%3C%2Fsvg%3E\" data-orig-src=\"https:\/\/www.eputec.de\/wp-content\/uploads\/2016\/10\/dualstand.jpg\" class=\"lazyload img-responsive wp-image-63069\"\/><\/span><\/div><div class=\"fusion-clearfix\"><\/div><\/div><\/div><div class=\"fusion-layout-column fusion_builder_column fusion-builder-column-3 fusion_builder_column_1_3 1_3 fusion-one-third fusion-column-last\" style=\"--awb-bg-size:cover;width:30.6666%;\"><div class=\"fusion-column-wrapper fusion-flex-column-wrapper-legacy\"><div class=\"fusion-image-element in-legacy-container\" style=\"--awb-caption-title-font-family:var(--h2_typography-font-family);--awb-caption-title-font-weight:var(--h2_typography-font-weight);--awb-caption-title-font-style:var(--h2_typography-font-style);--awb-caption-title-size:var(--h2_typography-font-size);--awb-caption-title-transform:var(--h2_typography-text-transform);--awb-caption-title-line-height:var(--h2_typography-line-height);--awb-caption-title-letter-spacing:var(--h2_typography-letter-spacing);\"><span class=\" fusion-imageframe imageframe-none imageframe-3 hover-type-none\"><img decoding=\"async\" width=\"200\" height=\"201\" alt=\"Magnetfu\u00df\" title=\"Magnetfu\u00df\" src=\"data:image\/svg+xml,%3Csvg%20xmlns%3D%27http%3A%2F%2Fwww.w3.org%2F2000%2Fsvg%27%20width%3D%27200%27%20height%3D%27201%27%20viewBox%3D%270%200%20200%20201%27%3E%3Crect%20width%3D%27200%27%20height%3D%27201%27%20fill-opacity%3D%220%22%2F%3E%3C%2Fsvg%3E\" data-orig-src=\"https:\/\/www.eputec.de\/wp-content\/uploads\/2016\/10\/adjustable.jpg\" class=\"lazyload img-responsive wp-image-63070\"\/><\/span><\/div><div class=\"fusion-clearfix\"><\/div><\/div><\/div><div class=\"fusion-layout-column fusion_builder_column fusion-builder-column-4 fusion_builder_column_1_1 1_1 fusion-one-full fusion-column-first fusion-column-last\" style=\"--awb-bg-size:cover;\"><div class=\"fusion-column-wrapper fusion-flex-column-wrapper-legacy\"><div class=\"fusion-text fusion-text-2\"><div class=\"fusion-table table-1\">\n<table width=\"50%\">\n<thead>\n<tr>\n<th>Mod\u00e8le<\/th>\n<th>Description<\/th>\n<\/tr>\n<\/thead>\n<tbody>\n<tr>\n<td>9029<\/td>\n<td>Pied magn\u00e9tique avec articulation \u00e0 charni\u00e8re, 1\u00a0sortie et vanne d&rsquo;arr\u00eat<\/td>\n<\/tr>\n<tr>\n<td>9042<\/td>\n<td>Pied magn\u00e9tique avec 1\u00a0sortie et vanne d&rsquo;arr\u00eat<\/td>\n<\/tr>\n<tr>\n<td>9043<\/td>\n<td>Pied magn\u00e9tique avec 2\u00a0sorties et vanne d&rsquo;arr\u00eat<\/td>\n<\/tr>\n<\/tbody>\n<\/table>\n<\/div>\n<\/div><div class=\"fusion-clearfix\"><\/div><\/div><\/div><\/div><\/div>\n","protected":false},"excerpt":{"rendered":"","protected":false},"author":1,"featured_media":0,"parent":59265,"menu_order":0,"comment_status":"closed","ping_status":"closed","template":"","meta":{"footnotes":""},"class_list":["post-59244","page","type-page","status-publish","hentry"],"yoast_head":"<!-- This site is optimized with the Yoast SEO plugin v27.4 - https:\/\/yoast.com\/product\/yoast-seo-wordpress\/ -->\n<title>Pieds magn\u00e9tiques comme accessoires pour air comprim\u00e9<\/title>\n<meta name=\"description\" content=\"Pieds magn\u00e9tiques pour le montage horizontal ou vertical des appareils \u00e0 air comprim\u00e9, chez Eputec Drucklufttechnik\" \/>\n<meta name=\"robots\" content=\"index, follow, max-snippet:-1, max-image-preview:large, max-video-preview:-1\" \/>\n<link rel=\"canonical\" href=\"https:\/\/www.eputec.de\/fr\/tuyaux-et-raccords\/flexibles-et-accessoires\/accessoires-pieds-magnetiques\/\" \/>\n<meta property=\"og:locale\" content=\"fr_FR\" \/>\n<meta property=\"og:type\" content=\"article\" \/>\n<meta property=\"og:title\" content=\"Pieds magn\u00e9tiques comme accessoires pour air comprim\u00e9\" \/>\n<meta property=\"og:description\" content=\"Pieds magn\u00e9tiques pour le montage horizontal ou vertical des appareils \u00e0 air comprim\u00e9, chez Eputec Drucklufttechnik\" \/>\n<meta property=\"og:url\" content=\"https:\/\/www.eputec.de\/fr\/tuyaux-et-raccords\/flexibles-et-accessoires\/accessoires-pieds-magnetiques\/\" \/>\n<meta property=\"og:site_name\" content=\"EPUTEC Solutions professionnelles d\u2019air comprim\u00e9\" \/>\n<meta property=\"article:publisher\" content=\"https:\/\/www.facebook.com\/eputec\/?ref=ts\" \/>\n<meta property=\"article:modified_time\" content=\"2023-07-26T12:52:42+00:00\" \/>\n<meta property=\"og:image\" content=\"https:\/\/www.eputec.de\/wp-content\/uploads\/2016\/10\/singlestand.jpg\" \/>\n<meta name=\"twitter:card\" content=\"summary_large_image\" \/>\n<meta name=\"twitter:label1\" content=\"Dur\u00e9e de lecture estim\u00e9e\" \/>\n\t<meta name=\"twitter:data1\" content=\"3 minutes\" \/>\n<script type=\"application\/ld+json\" class=\"yoast-schema-graph\">{\"@context\":\"https:\\\/\\\/schema.org\",\"@graph\":[{\"@type\":\"WebPage\",\"@id\":\"https:\\\/\\\/www.eputec.de\\\/fr\\\/tuyaux-et-raccords\\\/flexibles-et-accessoires\\\/accessoires-pieds-magnetiques\\\/\",\"url\":\"https:\\\/\\\/www.eputec.de\\\/fr\\\/tuyaux-et-raccords\\\/flexibles-et-accessoires\\\/accessoires-pieds-magnetiques\\\/\",\"name\":\"Pieds magn\u00e9tiques comme accessoires pour air comprim\u00e9\",\"isPartOf\":{\"@id\":\"https:\\\/\\\/www.eputec.de\\\/fr\\\/#website\"},\"primaryImageOfPage\":{\"@id\":\"https:\\\/\\\/www.eputec.de\\\/fr\\\/tuyaux-et-raccords\\\/flexibles-et-accessoires\\\/accessoires-pieds-magnetiques\\\/#primaryimage\"},\"image\":{\"@id\":\"https:\\\/\\\/www.eputec.de\\\/fr\\\/tuyaux-et-raccords\\\/flexibles-et-accessoires\\\/accessoires-pieds-magnetiques\\\/#primaryimage\"},\"thumbnailUrl\":\"https:\\\/\\\/www.eputec.de\\\/wp-content\\\/uploads\\\/2016\\\/10\\\/singlestand.jpg\",\"datePublished\":\"2023-03-16T10:23:20+00:00\",\"dateModified\":\"2023-07-26T12:52:42+00:00\",\"description\":\"Pieds magn\u00e9tiques pour le montage horizontal ou vertical des appareils \u00e0 air comprim\u00e9, chez Eputec Drucklufttechnik\",\"breadcrumb\":{\"@id\":\"https:\\\/\\\/www.eputec.de\\\/fr\\\/tuyaux-et-raccords\\\/flexibles-et-accessoires\\\/accessoires-pieds-magnetiques\\\/#breadcrumb\"},\"inLanguage\":\"fr-FR\",\"potentialAction\":[{\"@type\":\"ReadAction\",\"target\":[\"https:\\\/\\\/www.eputec.de\\\/fr\\\/tuyaux-et-raccords\\\/flexibles-et-accessoires\\\/accessoires-pieds-magnetiques\\\/\"]}]},{\"@type\":\"ImageObject\",\"inLanguage\":\"fr-FR\",\"@id\":\"https:\\\/\\\/www.eputec.de\\\/fr\\\/tuyaux-et-raccords\\\/flexibles-et-accessoires\\\/accessoires-pieds-magnetiques\\\/#primaryimage\",\"url\":\"https:\\\/\\\/www.eputec.de\\\/wp-content\\\/uploads\\\/2016\\\/10\\\/singlestand.jpg\",\"contentUrl\":\"https:\\\/\\\/www.eputec.de\\\/wp-content\\\/uploads\\\/2016\\\/10\\\/singlestand.jpg\"},{\"@type\":\"BreadcrumbList\",\"@id\":\"https:\\\/\\\/www.eputec.de\\\/fr\\\/tuyaux-et-raccords\\\/flexibles-et-accessoires\\\/accessoires-pieds-magnetiques\\\/#breadcrumb\",\"itemListElement\":[{\"@type\":\"ListItem\",\"position\":1,\"name\":\"Home\",\"item\":\"https:\\\/\\\/www.eputec.de\\\/fr\\\/\"},{\"@type\":\"ListItem\",\"position\":2,\"name\":\"Tuyaux et raccords\",\"item\":\"https:\\\/\\\/www.eputec.de\\\/fr\\\/tuyaux-et-raccords\\\/\"},{\"@type\":\"ListItem\",\"position\":3,\"name\":\"Flexibles et accessoires\",\"item\":\"https:\\\/\\\/www.eputec.de\\\/fr\\\/tuyaux-et-raccords\\\/flexibles-et-accessoires\\\/\"},{\"@type\":\"ListItem\",\"position\":4,\"name\":\"Pieds magn\u00e9tiques\"}]},{\"@type\":\"WebSite\",\"@id\":\"https:\\\/\\\/www.eputec.de\\\/fr\\\/#website\",\"url\":\"https:\\\/\\\/www.eputec.de\\\/fr\\\/\",\"name\":\"EPUTEC Drucklufttechnik\",\"description\":\"Buses \u00e0 air comprim\u00e9 et technologie d&#039;air comprim\u00e9 d&#039;EPUTEC\",\"potentialAction\":[{\"@type\":\"SearchAction\",\"target\":{\"@type\":\"EntryPoint\",\"urlTemplate\":\"https:\\\/\\\/www.eputec.de\\\/fr\\\/?s={search_term_string}\"},\"query-input\":{\"@type\":\"PropertyValueSpecification\",\"valueRequired\":true,\"valueName\":\"search_term_string\"}}],\"inLanguage\":\"fr-FR\"}]}<\/script>\n<!-- \/ Yoast SEO plugin. -->","yoast_head_json":{"title":"Pieds magn\u00e9tiques comme accessoires pour air comprim\u00e9","description":"Pieds magn\u00e9tiques pour le montage horizontal ou vertical des appareils \u00e0 air comprim\u00e9, chez Eputec Drucklufttechnik","robots":{"index":"index","follow":"follow","max-snippet":"max-snippet:-1","max-image-preview":"max-image-preview:large","max-video-preview":"max-video-preview:-1"},"canonical":"https:\/\/www.eputec.de\/fr\/tuyaux-et-raccords\/flexibles-et-accessoires\/accessoires-pieds-magnetiques\/","og_locale":"fr_FR","og_type":"article","og_title":"Pieds magn\u00e9tiques comme accessoires pour air comprim\u00e9","og_description":"Pieds magn\u00e9tiques pour le montage horizontal ou vertical des appareils \u00e0 air comprim\u00e9, chez Eputec Drucklufttechnik","og_url":"https:\/\/www.eputec.de\/fr\/tuyaux-et-raccords\/flexibles-et-accessoires\/accessoires-pieds-magnetiques\/","og_site_name":"EPUTEC Solutions professionnelles d\u2019air comprim\u00e9","article_publisher":"https:\/\/www.facebook.com\/eputec\/?ref=ts","article_modified_time":"2023-07-26T12:52:42+00:00","og_image":[{"url":"https:\/\/www.eputec.de\/wp-content\/uploads\/2016\/10\/singlestand.jpg","type":"","width":"","height":""}],"twitter_card":"summary_large_image","twitter_misc":{"Dur\u00e9e de lecture estim\u00e9e":"3 minutes"},"schema":{"@context":"https:\/\/schema.org","@graph":[{"@type":"WebPage","@id":"https:\/\/www.eputec.de\/fr\/tuyaux-et-raccords\/flexibles-et-accessoires\/accessoires-pieds-magnetiques\/","url":"https:\/\/www.eputec.de\/fr\/tuyaux-et-raccords\/flexibles-et-accessoires\/accessoires-pieds-magnetiques\/","name":"Pieds magn\u00e9tiques comme accessoires pour air comprim\u00e9","isPartOf":{"@id":"https:\/\/www.eputec.de\/fr\/#website"},"primaryImageOfPage":{"@id":"https:\/\/www.eputec.de\/fr\/tuyaux-et-raccords\/flexibles-et-accessoires\/accessoires-pieds-magnetiques\/#primaryimage"},"image":{"@id":"https:\/\/www.eputec.de\/fr\/tuyaux-et-raccords\/flexibles-et-accessoires\/accessoires-pieds-magnetiques\/#primaryimage"},"thumbnailUrl":"https:\/\/www.eputec.de\/wp-content\/uploads\/2016\/10\/singlestand.jpg","datePublished":"2023-03-16T10:23:20+00:00","dateModified":"2023-07-26T12:52:42+00:00","description":"Pieds magn\u00e9tiques pour le montage horizontal ou vertical des appareils \u00e0 air comprim\u00e9, chez Eputec Drucklufttechnik","breadcrumb":{"@id":"https:\/\/www.eputec.de\/fr\/tuyaux-et-raccords\/flexibles-et-accessoires\/accessoires-pieds-magnetiques\/#breadcrumb"},"inLanguage":"fr-FR","potentialAction":[{"@type":"ReadAction","target":["https:\/\/www.eputec.de\/fr\/tuyaux-et-raccords\/flexibles-et-accessoires\/accessoires-pieds-magnetiques\/"]}]},{"@type":"ImageObject","inLanguage":"fr-FR","@id":"https:\/\/www.eputec.de\/fr\/tuyaux-et-raccords\/flexibles-et-accessoires\/accessoires-pieds-magnetiques\/#primaryimage","url":"https:\/\/www.eputec.de\/wp-content\/uploads\/2016\/10\/singlestand.jpg","contentUrl":"https:\/\/www.eputec.de\/wp-content\/uploads\/2016\/10\/singlestand.jpg"},{"@type":"BreadcrumbList","@id":"https:\/\/www.eputec.de\/fr\/tuyaux-et-raccords\/flexibles-et-accessoires\/accessoires-pieds-magnetiques\/#breadcrumb","itemListElement":[{"@type":"ListItem","position":1,"name":"Home","item":"https:\/\/www.eputec.de\/fr\/"},{"@type":"ListItem","position":2,"name":"Tuyaux et raccords","item":"https:\/\/www.eputec.de\/fr\/tuyaux-et-raccords\/"},{"@type":"ListItem","position":3,"name":"Flexibles et accessoires","item":"https:\/\/www.eputec.de\/fr\/tuyaux-et-raccords\/flexibles-et-accessoires\/"},{"@type":"ListItem","position":4,"name":"Pieds magn\u00e9tiques"}]},{"@type":"WebSite","@id":"https:\/\/www.eputec.de\/fr\/#website","url":"https:\/\/www.eputec.de\/fr\/","name":"EPUTEC Drucklufttechnik","description":"Buses \u00e0 air comprim\u00e9 et technologie d&#039;air comprim\u00e9 d&#039;EPUTEC","potentialAction":[{"@type":"SearchAction","target":{"@type":"EntryPoint","urlTemplate":"https:\/\/www.eputec.de\/fr\/?s={search_term_string}"},"query-input":{"@type":"PropertyValueSpecification","valueRequired":true,"valueName":"search_term_string"}}],"inLanguage":"fr-FR"}]}},"_links":{"self":[{"href":"https:\/\/www.eputec.de\/fr\/wp-json\/wp\/v2\/pages\/59244","targetHints":{"allow":["GET"]}}],"collection":[{"href":"https:\/\/www.eputec.de\/fr\/wp-json\/wp\/v2\/pages"}],"about":[{"href":"https:\/\/www.eputec.de\/fr\/wp-json\/wp\/v2\/types\/page"}],"author":[{"embeddable":true,"href":"https:\/\/www.eputec.de\/fr\/wp-json\/wp\/v2\/users\/1"}],"replies":[{"embeddable":true,"href":"https:\/\/www.eputec.de\/fr\/wp-json\/wp\/v2\/comments?post=59244"}],"version-history":[{"count":0,"href":"https:\/\/www.eputec.de\/fr\/wp-json\/wp\/v2\/pages\/59244\/revisions"}],"up":[{"embeddable":true,"href":"https:\/\/www.eputec.de\/fr\/wp-json\/wp\/v2\/pages\/59265"}],"wp:attachment":[{"href":"https:\/\/www.eputec.de\/fr\/wp-json\/wp\/v2\/media?parent=59244"}],"curies":[{"name":"wp","href":"https:\/\/api.w.org\/{rel}","templated":true}]}}