{"id":59256,"date":"2023-03-16T11:23:49","date_gmt":"2023-03-16T10:23:49","guid":{"rendered":"https:\/\/www.eputec.de\/accessoires-soupapes\/"},"modified":"2024-01-10T11:51:32","modified_gmt":"2024-01-10T10:51:32","slug":"accessoires-soupapes","status":"publish","type":"page","link":"https:\/\/www.eputec.de\/fr\/tuyaux-et-raccords\/raccords-et-pieces-de-connexion\/accessoires-soupapes\/","title":{"rendered":"Accessoires soupapes"},"content":{"rendered":"<div class=\"fusion-fullwidth fullwidth-box fusion-builder-row-1 nonhundred-percent-fullwidth non-hundred-percent-height-scrolling\" style=\"--awb-background-position:left top;--awb-border-sizes-top:0px;--awb-border-sizes-bottom:0px;--awb-border-sizes-left:0px;--awb-border-sizes-right:0px;--awb-border-radius-top-left:0px;--awb-border-radius-top-right:0px;--awb-border-radius-bottom-right:0px;--awb-border-radius-bottom-left:0px;--awb-flex-wrap:wrap;\" ><div class=\"fusion-builder-row fusion-row\"><div class=\"fusion-layout-column fusion_builder_column fusion-builder-column-0 fusion_builder_column_1_3 1_3 fusion-one-third fusion-column-first\" style=\"--awb-bg-size:cover;width:30.6666%; margin-right: 4%;\"><div class=\"fusion-column-wrapper fusion-flex-column-wrapper-legacy\"><div class=\"fusion-image-element in-legacy-container\" style=\"--awb-caption-title-font-family:var(--h2_typography-font-family);--awb-caption-title-font-weight:var(--h2_typography-font-weight);--awb-caption-title-font-style:var(--h2_typography-font-style);--awb-caption-title-size:var(--h2_typography-font-size);--awb-caption-title-transform:var(--h2_typography-text-transform);--awb-caption-title-line-height:var(--h2_typography-line-height);--awb-caption-title-letter-spacing:var(--h2_typography-letter-spacing);\"><span class=\" fusion-imageframe imageframe-none imageframe-1 hover-type-none\"><a href=\"https:\/\/www.eputec.de\/wp-content\/uploads\/2016\/12\/manual_valves-g.jpg\" class=\"fusion-lightbox\" data-rel=\"iLightbox[e330c3ec4d723c7f7e5]\" data-title=\"Druckluftzubeh\u00f6r Ventile\" title=\"Druckluftzubeh\u00f6r Ventile\"><img decoding=\"async\" width=\"300\" height=\"120\" alt=\"Druckluftzubeh\u00f6r Ventile\" src=\"https:\/\/www.eputec.de\/wp-content\/uploads\/2016\/12\/manual_valves.jpg\" data-orig-src=\"https:\/\/www.eputec.de\/wp-content\/uploads\/2016\/12\/manual_valves.jpg\" class=\"lazyload img-responsive wp-image-76884\" srcset=\"data:image\/svg+xml,%3Csvg%20xmlns%3D%27http%3A%2F%2Fwww.w3.org%2F2000%2Fsvg%27%20width%3D%27300%27%20height%3D%27120%27%20viewBox%3D%270%200%20300%20120%27%3E%3Crect%20width%3D%27300%27%20height%3D%27120%27%20fill-opacity%3D%220%22%2F%3E%3C%2Fsvg%3E\" data-srcset=\"https:\/\/www.eputec.de\/wp-content\/uploads\/2016\/12\/manual_valves-200x80.jpg 200w, https:\/\/www.eputec.de\/wp-content\/uploads\/2016\/12\/manual_valves.jpg 300w\" data-sizes=\"auto\" data-orig-sizes=\"(max-width: 800px) 100vw, 300px\" \/><\/a><\/span><\/div><div class=\"fusion-sep-clear\"><\/div><div class=\"fusion-separator fusion-full-width-sep\" style=\"margin-left: auto;margin-right: auto;margin-top:25px;width:100%;\"><\/div><div class=\"fusion-sep-clear\"><\/div><div class=\"fusion-clearfix\"><\/div><\/div><\/div><div class=\"fusion-layout-column fusion_builder_column fusion-builder-column-1 fusion_builder_column_2_3 2_3 fusion-two-third fusion-column-last\" style=\"--awb-bg-size:cover;width:65.3333%;\"><div class=\"fusion-column-wrapper fusion-flex-column-wrapper-legacy\"><div class=\"fusion-text fusion-text-1\"><div class=\"fusion-table table-1\">\n<table width=\"50%\">\n<thead>\n<tr>\n<th>Mod\u00e8le<\/th>\n<th>Description<\/th>\n<\/tr>\n<\/thead>\n<tbody>\n<tr>\n<td>9012<\/td>\n<td>Soupapes manuelles, 1\/4\u00a0NPT<\/td>\n<\/tr>\n<tr>\n<td>900340<\/td>\n<td>Soupapes manuelles, 3\/8\u00a0NPT<\/td>\n<\/tr>\n<tr>\n<td>900343<\/td>\n<td>Soupapes manuelles, 1\/2\u00a0NPT<\/td>\n<\/tr>\n<tr>\n<td>900743<\/td>\n<td>Soupapes manuelles, 3\/4\u00a0NPT<\/td>\n<\/tr>\n<tr>\n<td>900346<\/td>\n<td>Soupapes manuelles, 1\u00a0NPT<\/td>\n<\/tr>\n<tr>\n<td>900744<\/td>\n<td>Soupapes manuelles, 1 &#8211; 1\/4\u00a0NPT<\/td>\n<\/tr>\n<\/tbody>\n<\/table>\n<\/div>\n<\/div><div class=\"fusion-clearfix\"><\/div><\/div><\/div><\/div><\/div>\n","protected":false},"excerpt":{"rendered":"","protected":false},"author":1,"featured_media":0,"parent":59262,"menu_order":0,"comment_status":"closed","ping_status":"closed","template":"","meta":{"footnotes":""},"class_list":["post-59256","page","type-page","status-publish","hentry"],"yoast_head":"<!-- This site is optimized with the Yoast SEO plugin v27.2 - https:\/\/yoast.com\/product\/yoast-seo-wordpress\/ -->\n<title>Soupapes poir air comprim\u00e9 | EPUTEC Drucklufttechnik<\/title>\n<meta name=\"description\" content=\"Soupapes pour air comprim\u00e9 et autres accessoires pour les produits \u00e0 air comprim\u00e9, disponibles chez Eputec Drucklufttechnik.\" \/>\n<meta name=\"robots\" content=\"index, follow, max-snippet:-1, max-image-preview:large, max-video-preview:-1\" \/>\n<link rel=\"canonical\" href=\"https:\/\/www.eputec.de\/fr\/tuyaux-et-raccords\/raccords-et-pieces-de-connexion\/accessoires-soupapes\/\" \/>\n<meta property=\"og:locale\" content=\"fr_FR\" \/>\n<meta property=\"og:type\" content=\"article\" \/>\n<meta property=\"og:title\" content=\"Soupapes poir air comprim\u00e9 | EPUTEC Drucklufttechnik\" \/>\n<meta property=\"og:description\" content=\"Soupapes pour air comprim\u00e9 et autres accessoires pour les produits \u00e0 air comprim\u00e9, disponibles chez Eputec Drucklufttechnik.\" \/>\n<meta property=\"og:url\" content=\"https:\/\/www.eputec.de\/fr\/tuyaux-et-raccords\/raccords-et-pieces-de-connexion\/accessoires-soupapes\/\" \/>\n<meta property=\"og:site_name\" content=\"EPUTEC Solutions professionnelles d\u2019air comprim\u00e9\" \/>\n<meta property=\"article:publisher\" content=\"https:\/\/www.facebook.com\/eputec\/?ref=ts\" \/>\n<meta property=\"article:modified_time\" content=\"2024-01-10T10:51:32+00:00\" \/>\n<meta property=\"og:image\" content=\"https:\/\/www.eputec.de\/wp-content\/uploads\/2016\/12\/manual_valves.jpg\" \/>\n<meta name=\"twitter:card\" content=\"summary_large_image\" \/>\n<meta name=\"twitter:label1\" content=\"Dur\u00e9e de lecture estim\u00e9e\" \/>\n\t<meta name=\"twitter:data1\" content=\"1 minute\" \/>\n<script type=\"application\/ld+json\" class=\"yoast-schema-graph\">{\"@context\":\"https:\/\/schema.org\",\"@graph\":[{\"@type\":\"WebPage\",\"@id\":\"https:\/\/www.eputec.de\/fr\/tuyaux-et-raccords\/raccords-et-pieces-de-connexion\/accessoires-soupapes\/\",\"url\":\"https:\/\/www.eputec.de\/fr\/tuyaux-et-raccords\/raccords-et-pieces-de-connexion\/accessoires-soupapes\/\",\"name\":\"Soupapes poir air comprim\u00e9 | EPUTEC Drucklufttechnik\",\"isPartOf\":{\"@id\":\"https:\/\/www.eputec.de\/fr\/#website\"},\"primaryImageOfPage\":{\"@id\":\"https:\/\/www.eputec.de\/fr\/tuyaux-et-raccords\/raccords-et-pieces-de-connexion\/accessoires-soupapes\/#primaryimage\"},\"image\":{\"@id\":\"https:\/\/www.eputec.de\/fr\/tuyaux-et-raccords\/raccords-et-pieces-de-connexion\/accessoires-soupapes\/#primaryimage\"},\"thumbnailUrl\":\"https:\/\/www.eputec.de\/wp-content\/uploads\/2016\/12\/manual_valves.jpg\",\"datePublished\":\"2023-03-16T10:23:49+00:00\",\"dateModified\":\"2024-01-10T10:51:32+00:00\",\"description\":\"Soupapes pour air comprim\u00e9 et autres accessoires pour les produits \u00e0 air comprim\u00e9, disponibles chez Eputec Drucklufttechnik.\",\"breadcrumb\":{\"@id\":\"https:\/\/www.eputec.de\/fr\/tuyaux-et-raccords\/raccords-et-pieces-de-connexion\/accessoires-soupapes\/#breadcrumb\"},\"inLanguage\":\"fr-FR\",\"potentialAction\":[{\"@type\":\"ReadAction\",\"target\":[\"https:\/\/www.eputec.de\/fr\/tuyaux-et-raccords\/raccords-et-pieces-de-connexion\/accessoires-soupapes\/\"]}]},{\"@type\":\"ImageObject\",\"inLanguage\":\"fr-FR\",\"@id\":\"https:\/\/www.eputec.de\/fr\/tuyaux-et-raccords\/raccords-et-pieces-de-connexion\/accessoires-soupapes\/#primaryimage\",\"url\":\"https:\/\/www.eputec.de\/wp-content\/uploads\/2016\/12\/manual_valves.jpg\",\"contentUrl\":\"https:\/\/www.eputec.de\/wp-content\/uploads\/2016\/12\/manual_valves.jpg\"},{\"@type\":\"BreadcrumbList\",\"@id\":\"https:\/\/www.eputec.de\/fr\/tuyaux-et-raccords\/raccords-et-pieces-de-connexion\/accessoires-soupapes\/#breadcrumb\",\"itemListElement\":[{\"@type\":\"ListItem\",\"position\":1,\"name\":\"Home\",\"item\":\"https:\/\/www.eputec.de\/fr\/\"},{\"@type\":\"ListItem\",\"position\":2,\"name\":\"Tuyaux et raccords\",\"item\":\"https:\/\/www.eputec.de\/fr\/tuyaux-et-raccords\/\"},{\"@type\":\"ListItem\",\"position\":3,\"name\":\"Raccords et pi\u00e8ces de connexion\",\"item\":\"https:\/\/www.eputec.de\/fr\/tuyaux-et-raccords\/raccords-et-pieces-de-connexion\/\"},{\"@type\":\"ListItem\",\"position\":4,\"name\":\"Soupapes\"}]},{\"@type\":\"WebSite\",\"@id\":\"https:\/\/www.eputec.de\/fr\/#website\",\"url\":\"https:\/\/www.eputec.de\/fr\/\",\"name\":\"EPUTEC Drucklufttechnik\",\"description\":\"Buses \u00e0 air comprim\u00e9 et technologie d&#039;air comprim\u00e9 d&#039;EPUTEC\",\"potentialAction\":[{\"@type\":\"SearchAction\",\"target\":{\"@type\":\"EntryPoint\",\"urlTemplate\":\"https:\/\/www.eputec.de\/fr\/?s={search_term_string}\"},\"query-input\":{\"@type\":\"PropertyValueSpecification\",\"valueRequired\":true,\"valueName\":\"search_term_string\"}}],\"inLanguage\":\"fr-FR\"}]}<\/script>\n<!-- \/ Yoast SEO plugin. -->","yoast_head_json":{"title":"Soupapes poir air comprim\u00e9 | EPUTEC Drucklufttechnik","description":"Soupapes pour air comprim\u00e9 et autres accessoires pour les produits \u00e0 air comprim\u00e9, disponibles chez Eputec Drucklufttechnik.","robots":{"index":"index","follow":"follow","max-snippet":"max-snippet:-1","max-image-preview":"max-image-preview:large","max-video-preview":"max-video-preview:-1"},"canonical":"https:\/\/www.eputec.de\/fr\/tuyaux-et-raccords\/raccords-et-pieces-de-connexion\/accessoires-soupapes\/","og_locale":"fr_FR","og_type":"article","og_title":"Soupapes poir air comprim\u00e9 | EPUTEC Drucklufttechnik","og_description":"Soupapes pour air comprim\u00e9 et autres accessoires pour les produits \u00e0 air comprim\u00e9, disponibles chez Eputec Drucklufttechnik.","og_url":"https:\/\/www.eputec.de\/fr\/tuyaux-et-raccords\/raccords-et-pieces-de-connexion\/accessoires-soupapes\/","og_site_name":"EPUTEC Solutions professionnelles d\u2019air comprim\u00e9","article_publisher":"https:\/\/www.facebook.com\/eputec\/?ref=ts","article_modified_time":"2024-01-10T10:51:32+00:00","og_image":[{"url":"https:\/\/www.eputec.de\/wp-content\/uploads\/2016\/12\/manual_valves.jpg","type":"","width":"","height":""}],"twitter_card":"summary_large_image","twitter_misc":{"Dur\u00e9e de lecture estim\u00e9e":"1 minute"},"schema":{"@context":"https:\/\/schema.org","@graph":[{"@type":"WebPage","@id":"https:\/\/www.eputec.de\/fr\/tuyaux-et-raccords\/raccords-et-pieces-de-connexion\/accessoires-soupapes\/","url":"https:\/\/www.eputec.de\/fr\/tuyaux-et-raccords\/raccords-et-pieces-de-connexion\/accessoires-soupapes\/","name":"Soupapes poir air comprim\u00e9 | EPUTEC Drucklufttechnik","isPartOf":{"@id":"https:\/\/www.eputec.de\/fr\/#website"},"primaryImageOfPage":{"@id":"https:\/\/www.eputec.de\/fr\/tuyaux-et-raccords\/raccords-et-pieces-de-connexion\/accessoires-soupapes\/#primaryimage"},"image":{"@id":"https:\/\/www.eputec.de\/fr\/tuyaux-et-raccords\/raccords-et-pieces-de-connexion\/accessoires-soupapes\/#primaryimage"},"thumbnailUrl":"https:\/\/www.eputec.de\/wp-content\/uploads\/2016\/12\/manual_valves.jpg","datePublished":"2023-03-16T10:23:49+00:00","dateModified":"2024-01-10T10:51:32+00:00","description":"Soupapes pour air comprim\u00e9 et autres accessoires pour les produits \u00e0 air comprim\u00e9, disponibles chez Eputec Drucklufttechnik.","breadcrumb":{"@id":"https:\/\/www.eputec.de\/fr\/tuyaux-et-raccords\/raccords-et-pieces-de-connexion\/accessoires-soupapes\/#breadcrumb"},"inLanguage":"fr-FR","potentialAction":[{"@type":"ReadAction","target":["https:\/\/www.eputec.de\/fr\/tuyaux-et-raccords\/raccords-et-pieces-de-connexion\/accessoires-soupapes\/"]}]},{"@type":"ImageObject","inLanguage":"fr-FR","@id":"https:\/\/www.eputec.de\/fr\/tuyaux-et-raccords\/raccords-et-pieces-de-connexion\/accessoires-soupapes\/#primaryimage","url":"https:\/\/www.eputec.de\/wp-content\/uploads\/2016\/12\/manual_valves.jpg","contentUrl":"https:\/\/www.eputec.de\/wp-content\/uploads\/2016\/12\/manual_valves.jpg"},{"@type":"BreadcrumbList","@id":"https:\/\/www.eputec.de\/fr\/tuyaux-et-raccords\/raccords-et-pieces-de-connexion\/accessoires-soupapes\/#breadcrumb","itemListElement":[{"@type":"ListItem","position":1,"name":"Home","item":"https:\/\/www.eputec.de\/fr\/"},{"@type":"ListItem","position":2,"name":"Tuyaux et raccords","item":"https:\/\/www.eputec.de\/fr\/tuyaux-et-raccords\/"},{"@type":"ListItem","position":3,"name":"Raccords et pi\u00e8ces de connexion","item":"https:\/\/www.eputec.de\/fr\/tuyaux-et-raccords\/raccords-et-pieces-de-connexion\/"},{"@type":"ListItem","position":4,"name":"Soupapes"}]},{"@type":"WebSite","@id":"https:\/\/www.eputec.de\/fr\/#website","url":"https:\/\/www.eputec.de\/fr\/","name":"EPUTEC Drucklufttechnik","description":"Buses \u00e0 air comprim\u00e9 et technologie d&#039;air comprim\u00e9 d&#039;EPUTEC","potentialAction":[{"@type":"SearchAction","target":{"@type":"EntryPoint","urlTemplate":"https:\/\/www.eputec.de\/fr\/?s={search_term_string}"},"query-input":{"@type":"PropertyValueSpecification","valueRequired":true,"valueName":"search_term_string"}}],"inLanguage":"fr-FR"}]}},"_links":{"self":[{"href":"https:\/\/www.eputec.de\/fr\/wp-json\/wp\/v2\/pages\/59256","targetHints":{"allow":["GET"]}}],"collection":[{"href":"https:\/\/www.eputec.de\/fr\/wp-json\/wp\/v2\/pages"}],"about":[{"href":"https:\/\/www.eputec.de\/fr\/wp-json\/wp\/v2\/types\/page"}],"author":[{"embeddable":true,"href":"https:\/\/www.eputec.de\/fr\/wp-json\/wp\/v2\/users\/1"}],"replies":[{"embeddable":true,"href":"https:\/\/www.eputec.de\/fr\/wp-json\/wp\/v2\/comments?post=59256"}],"version-history":[{"count":0,"href":"https:\/\/www.eputec.de\/fr\/wp-json\/wp\/v2\/pages\/59256\/revisions"}],"up":[{"embeddable":true,"href":"https:\/\/www.eputec.de\/fr\/wp-json\/wp\/v2\/pages\/59262"}],"wp:attachment":[{"href":"https:\/\/www.eputec.de\/fr\/wp-json\/wp\/v2\/media?parent=59256"}],"curies":[{"name":"wp","href":"https:\/\/api.w.org\/{rel}","templated":true}]}}