{"id":59259,"date":"2023-03-16T11:23:54","date_gmt":"2023-03-16T10:23:54","guid":{"rendered":"https:\/\/www.eputec.de\/accesoires-electrovannes\/"},"modified":"2023-07-26T14:47:48","modified_gmt":"2023-07-26T12:47:48","slug":"accesoires-electrovannes","status":"publish","type":"page","link":"https:\/\/www.eputec.de\/fr\/tuyaux-et-raccords\/raccords-et-pieces-de-connexion\/accesoires-electrovannes\/","title":{"rendered":"Accesoires \u00e9lectrovannes"},"content":{"rendered":"<div class=\"fusion-fullwidth fullwidth-box fusion-builder-row-1 nonhundred-percent-fullwidth non-hundred-percent-height-scrolling\" style=\"--awb-background-position:left top;--awb-border-sizes-top:0px;--awb-border-sizes-bottom:0px;--awb-border-sizes-left:0px;--awb-border-sizes-right:0px;--awb-border-radius-top-left:0px;--awb-border-radius-top-right:0px;--awb-border-radius-bottom-right:0px;--awb-border-radius-bottom-left:0px;--awb-flex-wrap:wrap;\" ><div class=\"fusion-builder-row fusion-row\"><div class=\"fusion-layout-column fusion_builder_column fusion-builder-column-0 fusion_builder_column_1_1 1_1 fusion-one-full fusion-column-first fusion-column-last\" style=\"--awb-bg-size:cover;\"><div class=\"fusion-column-wrapper fusion-flex-column-wrapper-legacy\"><div class=\"fusion-text fusion-text-1\"><p>Les \u00e9lectrovannes sont disponibles pour une large gamme de d\u00e9bits et de tensions.<br \/>\nTous les mod\u00e8les sont list\u00e9s UL, et sont conformes aux directives RoHS et CE.<\/p>\n<\/div><div class=\"fusion-sep-clear\"><\/div><div class=\"fusion-separator fusion-full-width-sep\" style=\"margin-left: auto;margin-right: auto;margin-top:20px;width:100%;\"><\/div><div class=\"fusion-sep-clear\"><\/div><div class=\"fusion-image-element in-legacy-container\" style=\"--awb-caption-title-font-family:var(--h2_typography-font-family);--awb-caption-title-font-weight:var(--h2_typography-font-weight);--awb-caption-title-font-style:var(--h2_typography-font-style);--awb-caption-title-size:var(--h2_typography-font-size);--awb-caption-title-transform:var(--h2_typography-text-transform);--awb-caption-title-line-height:var(--h2_typography-line-height);--awb-caption-title-letter-spacing:var(--h2_typography-letter-spacing);\"><span class=\" fusion-imageframe imageframe-none imageframe-1 hover-type-none\"><a href=\"https:\/\/www.eputec.de\/wp-content\/uploads\/2016\/12\/svalves-g.jpg\" class=\"fusion-lightbox\" data-rel=\"iLightbox[6a925532e271f5fe10c]\" data-title=\"Magnetventile\" title=\"Solenoid Valves\"><img decoding=\"async\" width=\"300\" height=\"78\" alt=\"Magnetventile\" src=\"https:\/\/www.eputec.de\/wp-content\/uploads\/2016\/12\/svalves.jpg\" data-orig-src=\"https:\/\/www.eputec.de\/wp-content\/uploads\/2016\/12\/svalves.jpg\" class=\"lazyload img-responsive wp-image-50415\" srcset=\"data:image\/svg+xml,%3Csvg%20xmlns%3D%27http%3A%2F%2Fwww.w3.org%2F2000%2Fsvg%27%20width%3D%27300%27%20height%3D%2778%27%20viewBox%3D%270%200%20300%2078%27%3E%3Crect%20width%3D%27300%27%20height%3D%2778%27%20fill-opacity%3D%220%22%2F%3E%3C%2Fsvg%3E\" data-srcset=\"https:\/\/www.eputec.de\/wp-content\/uploads\/2016\/12\/svalves-200x52.jpg 200w, https:\/\/www.eputec.de\/wp-content\/uploads\/2016\/12\/svalves.jpg 300w\" data-sizes=\"auto\" data-orig-sizes=\"(max-width: 800px) 100vw, 300px\" \/><\/a><\/span><\/div><div class=\"fusion-sep-clear\"><\/div><div class=\"fusion-separator fusion-full-width-sep\" style=\"margin-left: auto;margin-right: auto;margin-top:20px;width:100%;\"><\/div><div class=\"fusion-sep-clear\"><\/div><div class=\"fusion-text fusion-text-2\"><div class=\"fusion-table table-1\">\n<table width=\"100%\">\n<thead>\n<tr>\n<th>Mod\u00e8le<\/th>\n<th>Description<\/th>\n<\/tr>\n<\/thead>\n<tbody>\n<tr>\n<td>EP4024<\/td>\n<td>\u00c9lectrovanne 3\/2 24\u00a0V GS avec contr\u00f4le de la temp\u00e9rature, 1\/4&quot;, d\u00e9bit de 1300\u00a0l\/min, r\u00e9gulateur de temp\u00e9rature dans la plage 0-120\u00b0, diff\u00e9rentiel de commutation +\/-3 \u00b0C, connecteur<\/td>\n<\/tr>\n<tr>\n<td>EP4220_G1\/4<\/td>\n<td>\u00c9lectrovanne 3\/2 220&#8230;240\u00a0V avec contr\u00f4le de la temp\u00e9rature, 1\/4&quot;, d\u00e9bit de 1300\u00a0l\/min \u00e0 2-8\u00a0bar, et r\u00e9gulateur de temp\u00e9rature (diff\u00e9rentiel de commutation 0,5\u00a0K\/0,5\u00a0\u00b0C)<\/td>\n<\/tr>\n<tr>\n<td>EP4220_G3\/8<\/td>\n<td>\u00c9lectrovanne 3\/2 220\u00a0V avec contr\u00f4le de la temp\u00e9rature, 3\/8&quot;, d\u00e9bit de 2600\u00a0l\/min \u00e0 2-8\u00a0bar, et r\u00e9gulateur de temp\u00e9rature (diff\u00e9rentiel de commutation 0,5\u00a0K\/0,5\u00a0\u00b0C), connecteur incl.<\/td>\n<\/tr>\n<tr>\n<td>EP4220_G1\/2<\/td>\n<td>\u00c9lectrovanne 3\/2 220\u00a0V avec contr\u00f4le de la temp\u00e9rature, 1\/2&quot;, -10\u00a0\u00b0C \u00e0 +50\u00a0\u00b0C avec LED, d\u00e9bit de 4200\u00a0l\/min \u00e0 2-8\u00a0bar, connecteur incl.<\/td>\n<\/tr>\n<tr>\n<td>9018<\/td>\n<td>\u00c9lectrovanne NEMA 4-4X, 220\u00a0V-230\u00a0V, 50\/60\u00a0Hz, 1\/4\u00a0NPT, 40\u00a0SCFM (1133\u00a0SLPM)<\/td>\n<\/tr>\n<tr>\n<td>9020<\/td>\n<td>\u00c9lectrovanne, 230\u00a0V, 50\/60\u00a0Hz, 1\/4\u00a0NPT, 40\u00a0SCFM (1133\u00a0SLPM)<\/td>\n<\/tr>\n<tr>\n<td>9021<\/td>\n<td>\u00c9lectrovanne, 200-240\u00a0V, 50\/60\u00a0Hz, 1\/4\u00a0NPT, 40\u00a0SCFM (1133\u00a0SLPM)<\/td>\n<\/tr>\n<tr>\n<td>9024<\/td>\n<td>\u00c9lectrovanne NEMA 4-4X, 240\u00a0V, 50\/60\u00a0Hz, 1\/4\u00a0NPT, 40\u00a0SCFM (1133\u00a0SLPM)<\/td>\n<\/tr>\n<tr>\n<td>9059<\/td>\n<td>\u00c9lectrovanne NEMA 4-4X, 24\u00a0VDC, 50\/60\u00a0Hz, 3\/4\u00a0NPT, 200\u00a0SCFM (5664\u00a0SLPM)<\/td>\n<\/tr>\n<tr>\n<td>9031<\/td>\n<td>\u00c9lectrovanne, 24\u00a0VDC, 50\/60\u00a0Hz, 1\/4\u00a0NPT, 40\u00a0SCFM (1133\u00a0SLPM)<\/td>\n<\/tr>\n<tr>\n<td>9034<\/td>\n<td>\u00c9lectrovanne, 230\u00a0V, 50\/60\u00a0Hz, 1\/2\u00a0NPT, 100\u00a0SCFM (2832\u00a0SLPM)<\/td>\n<\/tr>\n<tr>\n<td>9035<\/td>\n<td>\u00c9lectrovanne, 240\u00a0V, 50\/60\u00a0Hz, 1\/2\u00a0NPT, 100\u00a0SCFM (2832\u00a0SLPM)<\/td>\n<\/tr>\n<tr>\n<td>9058<\/td>\n<td>\u00c9lectrovanne NEMA 4-4X, 24\u00a0VDC, 50\/60\u00a0Hz, 1\/2\u00a0NPT, 100\u00a0SCFM (2832\u00a0SLPM)<\/td>\n<\/tr>\n<tr>\n<td>9036<\/td>\n<td>\u00c9lectrovanne, 230\u00a0V, 50\/60\u00a0Hz, 3\/4\u00a0NPT, 200\u00a0SCFM (5664\u00a0SLPM)<\/td>\n<\/tr>\n<tr>\n<td>9037<\/td>\n<td>\u00c9lectrovanne, 240\u00a0V, 50\/60\u00a0Hz, 3\/4\u00a0NPT, 200\u00a0SCFM (5664\u00a0SLPM)<\/td>\n<\/tr>\n<tr>\n<td>9065<\/td>\n<td>\u00c9lectrovanne, 24\u00a0VDC, 50\/60\u00a0Hz, 1\u00a0NPT, 350\u00a0SCFM (9911\u00a0SLPM)<\/td>\n<\/tr>\n<\/tbody>\n<\/table>\n<\/div>\n<\/div><div class=\"fusion-clearfix\"><\/div><\/div><\/div><\/div><\/div>\n","protected":false},"excerpt":{"rendered":"","protected":false},"author":1,"featured_media":0,"parent":59262,"menu_order":0,"comment_status":"closed","ping_status":"closed","template":"","meta":{"footnotes":""},"class_list":["post-59259","page","type-page","status-publish","hentry"],"yoast_head":"<!-- This site is optimized with the Yoast SEO plugin v27.2 - https:\/\/yoast.com\/product\/yoast-seo-wordpress\/ -->\n<title>\u00c9lectrovanne - Accessoires pour air comprim\u00e9 - Eputec<\/title>\n<meta name=\"description\" content=\"\u00c9lectrovannes et autres accessoires pour les produits \u00e0 air comprim\u00e9 Exair, les accessoires pour air comprim\u00e9 adapt\u00e9s, chez Eputec.\" \/>\n<meta name=\"robots\" content=\"index, follow, max-snippet:-1, max-image-preview:large, max-video-preview:-1\" \/>\n<link rel=\"canonical\" href=\"https:\/\/www.eputec.de\/fr\/tuyaux-et-raccords\/raccords-et-pieces-de-connexion\/accesoires-electrovannes\/\" \/>\n<meta property=\"og:locale\" content=\"fr_FR\" \/>\n<meta property=\"og:type\" content=\"article\" \/>\n<meta property=\"og:title\" content=\"\u00c9lectrovanne - Accessoires pour air comprim\u00e9 - Eputec\" \/>\n<meta property=\"og:description\" content=\"\u00c9lectrovannes et autres accessoires pour les produits \u00e0 air comprim\u00e9 Exair, les accessoires pour air comprim\u00e9 adapt\u00e9s, chez Eputec.\" \/>\n<meta property=\"og:url\" content=\"https:\/\/www.eputec.de\/fr\/tuyaux-et-raccords\/raccords-et-pieces-de-connexion\/accesoires-electrovannes\/\" \/>\n<meta property=\"og:site_name\" content=\"EPUTEC Solutions professionnelles d\u2019air comprim\u00e9\" \/>\n<meta property=\"article:publisher\" content=\"https:\/\/www.facebook.com\/eputec\/?ref=ts\" \/>\n<meta property=\"article:modified_time\" content=\"2023-07-26T12:47:48+00:00\" \/>\n<meta property=\"og:image\" content=\"https:\/\/www.eputec.de\/wp-content\/uploads\/2016\/12\/svalves.jpg\" \/>\n<meta name=\"twitter:card\" content=\"summary_large_image\" \/>\n<meta name=\"twitter:label1\" content=\"Dur\u00e9e de lecture estim\u00e9e\" \/>\n\t<meta name=\"twitter:data1\" content=\"3 minutes\" \/>\n<script type=\"application\/ld+json\" class=\"yoast-schema-graph\">{\"@context\":\"https:\/\/schema.org\",\"@graph\":[{\"@type\":\"WebPage\",\"@id\":\"https:\/\/www.eputec.de\/fr\/tuyaux-et-raccords\/raccords-et-pieces-de-connexion\/accesoires-electrovannes\/\",\"url\":\"https:\/\/www.eputec.de\/fr\/tuyaux-et-raccords\/raccords-et-pieces-de-connexion\/accesoires-electrovannes\/\",\"name\":\"\u00c9lectrovanne - Accessoires pour air comprim\u00e9 - Eputec\",\"isPartOf\":{\"@id\":\"https:\/\/www.eputec.de\/fr\/#website\"},\"primaryImageOfPage\":{\"@id\":\"https:\/\/www.eputec.de\/fr\/tuyaux-et-raccords\/raccords-et-pieces-de-connexion\/accesoires-electrovannes\/#primaryimage\"},\"image\":{\"@id\":\"https:\/\/www.eputec.de\/fr\/tuyaux-et-raccords\/raccords-et-pieces-de-connexion\/accesoires-electrovannes\/#primaryimage\"},\"thumbnailUrl\":\"https:\/\/www.eputec.de\/wp-content\/uploads\/2016\/12\/svalves.jpg\",\"datePublished\":\"2023-03-16T10:23:54+00:00\",\"dateModified\":\"2023-07-26T12:47:48+00:00\",\"description\":\"\u00c9lectrovannes et autres accessoires pour les produits \u00e0 air comprim\u00e9 Exair, les accessoires pour air comprim\u00e9 adapt\u00e9s, chez Eputec.\",\"breadcrumb\":{\"@id\":\"https:\/\/www.eputec.de\/fr\/tuyaux-et-raccords\/raccords-et-pieces-de-connexion\/accesoires-electrovannes\/#breadcrumb\"},\"inLanguage\":\"fr-FR\",\"potentialAction\":[{\"@type\":\"ReadAction\",\"target\":[\"https:\/\/www.eputec.de\/fr\/tuyaux-et-raccords\/raccords-et-pieces-de-connexion\/accesoires-electrovannes\/\"]}]},{\"@type\":\"ImageObject\",\"inLanguage\":\"fr-FR\",\"@id\":\"https:\/\/www.eputec.de\/fr\/tuyaux-et-raccords\/raccords-et-pieces-de-connexion\/accesoires-electrovannes\/#primaryimage\",\"url\":\"https:\/\/www.eputec.de\/wp-content\/uploads\/2016\/12\/svalves.jpg\",\"contentUrl\":\"https:\/\/www.eputec.de\/wp-content\/uploads\/2016\/12\/svalves.jpg\"},{\"@type\":\"BreadcrumbList\",\"@id\":\"https:\/\/www.eputec.de\/fr\/tuyaux-et-raccords\/raccords-et-pieces-de-connexion\/accesoires-electrovannes\/#breadcrumb\",\"itemListElement\":[{\"@type\":\"ListItem\",\"position\":1,\"name\":\"Home\",\"item\":\"https:\/\/www.eputec.de\/fr\/\"},{\"@type\":\"ListItem\",\"position\":2,\"name\":\"Tuyaux et raccords\",\"item\":\"https:\/\/www.eputec.de\/fr\/tuyaux-et-raccords\/\"},{\"@type\":\"ListItem\",\"position\":3,\"name\":\"Raccords et pi\u00e8ces de connexion\",\"item\":\"https:\/\/www.eputec.de\/fr\/tuyaux-et-raccords\/raccords-et-pieces-de-connexion\/\"},{\"@type\":\"ListItem\",\"position\":4,\"name\":\"\u00c9lectrovannes\"}]},{\"@type\":\"WebSite\",\"@id\":\"https:\/\/www.eputec.de\/fr\/#website\",\"url\":\"https:\/\/www.eputec.de\/fr\/\",\"name\":\"EPUTEC Drucklufttechnik\",\"description\":\"Buses \u00e0 air comprim\u00e9 et technologie d&#039;air comprim\u00e9 d&#039;EPUTEC\",\"potentialAction\":[{\"@type\":\"SearchAction\",\"target\":{\"@type\":\"EntryPoint\",\"urlTemplate\":\"https:\/\/www.eputec.de\/fr\/?s={search_term_string}\"},\"query-input\":{\"@type\":\"PropertyValueSpecification\",\"valueRequired\":true,\"valueName\":\"search_term_string\"}}],\"inLanguage\":\"fr-FR\"}]}<\/script>\n<!-- \/ Yoast SEO plugin. -->","yoast_head_json":{"title":"\u00c9lectrovanne - Accessoires pour air comprim\u00e9 - Eputec","description":"\u00c9lectrovannes et autres accessoires pour les produits \u00e0 air comprim\u00e9 Exair, les accessoires pour air comprim\u00e9 adapt\u00e9s, chez Eputec.","robots":{"index":"index","follow":"follow","max-snippet":"max-snippet:-1","max-image-preview":"max-image-preview:large","max-video-preview":"max-video-preview:-1"},"canonical":"https:\/\/www.eputec.de\/fr\/tuyaux-et-raccords\/raccords-et-pieces-de-connexion\/accesoires-electrovannes\/","og_locale":"fr_FR","og_type":"article","og_title":"\u00c9lectrovanne - Accessoires pour air comprim\u00e9 - Eputec","og_description":"\u00c9lectrovannes et autres accessoires pour les produits \u00e0 air comprim\u00e9 Exair, les accessoires pour air comprim\u00e9 adapt\u00e9s, chez Eputec.","og_url":"https:\/\/www.eputec.de\/fr\/tuyaux-et-raccords\/raccords-et-pieces-de-connexion\/accesoires-electrovannes\/","og_site_name":"EPUTEC Solutions professionnelles d\u2019air comprim\u00e9","article_publisher":"https:\/\/www.facebook.com\/eputec\/?ref=ts","article_modified_time":"2023-07-26T12:47:48+00:00","og_image":[{"url":"https:\/\/www.eputec.de\/wp-content\/uploads\/2016\/12\/svalves.jpg","type":"","width":"","height":""}],"twitter_card":"summary_large_image","twitter_misc":{"Dur\u00e9e de lecture estim\u00e9e":"3 minutes"},"schema":{"@context":"https:\/\/schema.org","@graph":[{"@type":"WebPage","@id":"https:\/\/www.eputec.de\/fr\/tuyaux-et-raccords\/raccords-et-pieces-de-connexion\/accesoires-electrovannes\/","url":"https:\/\/www.eputec.de\/fr\/tuyaux-et-raccords\/raccords-et-pieces-de-connexion\/accesoires-electrovannes\/","name":"\u00c9lectrovanne - Accessoires pour air comprim\u00e9 - Eputec","isPartOf":{"@id":"https:\/\/www.eputec.de\/fr\/#website"},"primaryImageOfPage":{"@id":"https:\/\/www.eputec.de\/fr\/tuyaux-et-raccords\/raccords-et-pieces-de-connexion\/accesoires-electrovannes\/#primaryimage"},"image":{"@id":"https:\/\/www.eputec.de\/fr\/tuyaux-et-raccords\/raccords-et-pieces-de-connexion\/accesoires-electrovannes\/#primaryimage"},"thumbnailUrl":"https:\/\/www.eputec.de\/wp-content\/uploads\/2016\/12\/svalves.jpg","datePublished":"2023-03-16T10:23:54+00:00","dateModified":"2023-07-26T12:47:48+00:00","description":"\u00c9lectrovannes et autres accessoires pour les produits \u00e0 air comprim\u00e9 Exair, les accessoires pour air comprim\u00e9 adapt\u00e9s, chez Eputec.","breadcrumb":{"@id":"https:\/\/www.eputec.de\/fr\/tuyaux-et-raccords\/raccords-et-pieces-de-connexion\/accesoires-electrovannes\/#breadcrumb"},"inLanguage":"fr-FR","potentialAction":[{"@type":"ReadAction","target":["https:\/\/www.eputec.de\/fr\/tuyaux-et-raccords\/raccords-et-pieces-de-connexion\/accesoires-electrovannes\/"]}]},{"@type":"ImageObject","inLanguage":"fr-FR","@id":"https:\/\/www.eputec.de\/fr\/tuyaux-et-raccords\/raccords-et-pieces-de-connexion\/accesoires-electrovannes\/#primaryimage","url":"https:\/\/www.eputec.de\/wp-content\/uploads\/2016\/12\/svalves.jpg","contentUrl":"https:\/\/www.eputec.de\/wp-content\/uploads\/2016\/12\/svalves.jpg"},{"@type":"BreadcrumbList","@id":"https:\/\/www.eputec.de\/fr\/tuyaux-et-raccords\/raccords-et-pieces-de-connexion\/accesoires-electrovannes\/#breadcrumb","itemListElement":[{"@type":"ListItem","position":1,"name":"Home","item":"https:\/\/www.eputec.de\/fr\/"},{"@type":"ListItem","position":2,"name":"Tuyaux et raccords","item":"https:\/\/www.eputec.de\/fr\/tuyaux-et-raccords\/"},{"@type":"ListItem","position":3,"name":"Raccords et pi\u00e8ces de connexion","item":"https:\/\/www.eputec.de\/fr\/tuyaux-et-raccords\/raccords-et-pieces-de-connexion\/"},{"@type":"ListItem","position":4,"name":"\u00c9lectrovannes"}]},{"@type":"WebSite","@id":"https:\/\/www.eputec.de\/fr\/#website","url":"https:\/\/www.eputec.de\/fr\/","name":"EPUTEC Drucklufttechnik","description":"Buses \u00e0 air comprim\u00e9 et technologie d&#039;air comprim\u00e9 d&#039;EPUTEC","potentialAction":[{"@type":"SearchAction","target":{"@type":"EntryPoint","urlTemplate":"https:\/\/www.eputec.de\/fr\/?s={search_term_string}"},"query-input":{"@type":"PropertyValueSpecification","valueRequired":true,"valueName":"search_term_string"}}],"inLanguage":"fr-FR"}]}},"_links":{"self":[{"href":"https:\/\/www.eputec.de\/fr\/wp-json\/wp\/v2\/pages\/59259","targetHints":{"allow":["GET"]}}],"collection":[{"href":"https:\/\/www.eputec.de\/fr\/wp-json\/wp\/v2\/pages"}],"about":[{"href":"https:\/\/www.eputec.de\/fr\/wp-json\/wp\/v2\/types\/page"}],"author":[{"embeddable":true,"href":"https:\/\/www.eputec.de\/fr\/wp-json\/wp\/v2\/users\/1"}],"replies":[{"embeddable":true,"href":"https:\/\/www.eputec.de\/fr\/wp-json\/wp\/v2\/comments?post=59259"}],"version-history":[{"count":0,"href":"https:\/\/www.eputec.de\/fr\/wp-json\/wp\/v2\/pages\/59259\/revisions"}],"up":[{"embeddable":true,"href":"https:\/\/www.eputec.de\/fr\/wp-json\/wp\/v2\/pages\/59262"}],"wp:attachment":[{"href":"https:\/\/www.eputec.de\/fr\/wp-json\/wp\/v2\/media?parent=59259"}],"curies":[{"name":"wp","href":"https:\/\/api.w.org\/{rel}","templated":true}]}}