{"id":60194,"date":"2023-03-30T13:39:52","date_gmt":"2023-03-30T11:39:52","guid":{"rendered":"https:\/\/www.eputec.de\/buses-datomisation-alimentees-par-siphon\/"},"modified":"2025-02-26T12:35:30","modified_gmt":"2025-02-26T11:35:30","slug":"buses-datomisation-alimentees-par-siphon","status":"publish","type":"page","link":"https:\/\/www.eputec.de\/fr\/buses-datomisation-exair\/buses-datomisation-alimentees-par-siphon\/","title":{"rendered":"Buses d&rsquo;atomisation aliment\u00e9es par siphon"},"content":{"rendered":"<div class=\"fusion-fullwidth fullwidth-box fusion-builder-row-1 nonhundred-percent-fullwidth non-hundred-percent-height-scrolling\" style=\"--awb-background-position:left top;--awb-border-sizes-top:0px;--awb-border-sizes-bottom:0px;--awb-border-sizes-left:0px;--awb-border-sizes-right:0px;--awb-border-radius-top-left:0px;--awb-border-radius-top-right:0px;--awb-border-radius-bottom-right:0px;--awb-border-radius-bottom-left:0px;--awb-flex-wrap:wrap;\" ><div class=\"fusion-builder-row fusion-row\"><div class=\"fusion-layout-column fusion_builder_column fusion-builder-column-0 fusion_builder_column_1_2 1_2 fusion-one-half fusion-column-first\" style=\"--awb-bg-size:cover;width:48%; margin-right: 4%;\"><div class=\"fusion-column-wrapper fusion-flex-column-wrapper-legacy\"><div class=\"fusion-text fusion-text-1\"><h2>Caract\u00e9ristiques de nos buses d&rsquo;atomisation aliment\u00e9es par siphon<\/h2>\n<p>Les buses d&rsquo;atomisation aliment\u00e9es par siphon ne n\u00e9cessitent pas de pression de liquide. Avec les buses de pulv\u00e9risation aliment\u00e9es par siphon, le flux d&rsquo;air comprim\u00e9 aspire le liquide et le m\u00e9lange en interne. Ces buses fonctionnent mieux avec une hauteur d&rsquo;aspiration de 914\u00a0mm (36\u2033). Les buses d&rsquo;atomisation aliment\u00e9es par siphon sont utilis\u00e9es avec des liquides dont la viscosit\u00e9 peut atteindre 200\u00a0centipoises.<\/p>\n<\/div><div class=\"fusion-clearfix\"><\/div><\/div><\/div><div class=\"fusion-layout-column fusion_builder_column fusion-builder-column-1 fusion_builder_column_1_2 1_2 fusion-one-half fusion-column-last\" style=\"--awb-bg-size:cover;width:48%;\"><div class=\"fusion-column-wrapper fusion-flex-column-wrapper-legacy\"><div class=\"fusion-image-element in-legacy-container\" style=\"--awb-caption-title-font-family:var(--h2_typography-font-family);--awb-caption-title-font-weight:var(--h2_typography-font-weight);--awb-caption-title-font-style:var(--h2_typography-font-style);--awb-caption-title-size:var(--h2_typography-font-size);--awb-caption-title-transform:var(--h2_typography-text-transform);--awb-caption-title-line-height:var(--h2_typography-line-height);--awb-caption-title-letter-spacing:var(--h2_typography-letter-spacing);\"><span class=\" fusion-imageframe imageframe-none imageframe-1 hover-type-none\"><img decoding=\"async\" width=\"226\" height=\"230\" title=\"conflictfree_v1\" src=\"https:\/\/www.eputec.de\/wp-content\/uploads\/2022\/03\/conflictfree_v1.png\" data-orig-src=\"https:\/\/www.eputec.de\/wp-content\/uploads\/2022\/03\/conflictfree_v1.png\" alt class=\"lazyload img-responsive wp-image-48256\" srcset=\"data:image\/svg+xml,%3Csvg%20xmlns%3D%27http%3A%2F%2Fwww.w3.org%2F2000%2Fsvg%27%20width%3D%27226%27%20height%3D%27230%27%20viewBox%3D%270%200%20226%20230%27%3E%3Crect%20width%3D%27226%27%20height%3D%27230%27%20fill-opacity%3D%220%22%2F%3E%3C%2Fsvg%3E\" data-srcset=\"https:\/\/www.eputec.de\/wp-content\/uploads\/2022\/03\/conflictfree_v1-200x204.png 200w, https:\/\/www.eputec.de\/wp-content\/uploads\/2022\/03\/conflictfree_v1.png 226w\" data-sizes=\"auto\" data-orig-sizes=\"(max-width: 800px) 100vw, 226px\" \/><\/span><\/div><div class=\"fusion-clearfix\"><\/div><\/div><\/div><div class=\"fusion-layout-column fusion_builder_column fusion-builder-column-2 fusion_builder_column_1_1 1_1 fusion-one-full fusion-column-first fusion-column-last fusion-column-no-min-height\" style=\"--awb-bg-size:cover;--awb-margin-top:0px;--awb-margin-bottom:0px;\"><div class=\"fusion-column-wrapper fusion-flex-column-wrapper-legacy\"><div class=\"fusion-sep-clear\"><\/div><div class=\"fusion-separator fusion-full-width-sep\" style=\"margin-left: auto;margin-right: auto;margin-top:10px;width:100%;\"><\/div><div class=\"fusion-sep-clear\"><\/div><div class=\"fusion-clearfix\"><\/div><\/div><\/div><div class=\"fusion-layout-column fusion_builder_column fusion-builder-column-3 fusion_builder_column_2_3 2_3 fusion-two-third fusion-column-first\" style=\"--awb-bg-size:cover;width:65.3333%; margin-right: 4%;\"><div class=\"fusion-column-wrapper fusion-flex-column-wrapper-legacy\"><div class=\"fusion-text fusion-text-2\" style=\"--awb-text-transform:none;\"><h3>Buse ronde aliment\u00e9e par siphon<\/h3>\n<p>Cette buse d&rsquo;atomisation aliment\u00e9e par siphon avec une forme de pulv\u00e9risation ronde est adapt\u00e9e aux applications o\u00f9 il n&rsquo;y a pas de pression de liquide et o\u00f9 un rev\u00eatement fin est n\u00e9cessaire sur une petite surface.<\/p>\n<p>Cinq mod\u00e8les sont disponibles. Cliquez ici pour en savoir plus sur la buse ronde aliment\u00e9e par siphon.<\/p>\n<\/div><div class=\"fusion-button-wrapper\"><a class=\"fusion-button button-flat fusion-button-default-size button-default fusion-button-default button-1 fusion-button-default-span fusion-button-default-type\" style=\"--button-border-radius-top-left:20px;--button-border-radius-top-right:20px;--button-border-radius-bottom-right:20px;--button-border-radius-bottom-left:20px;\" target=\"_self\" href=\"https:\/\/www.eputec.de\/fr\/buses-datomisation-exair\/buses-datomisation-alimentees-par-siphon\/buses-rondes-alimentees-par-siphon\/\"><span class=\"fusion-button-text awb-button__text awb-button__text--default\">Buse ronde aliment\u00e9e par siphon<\/span><\/a><\/div><div class=\"fusion-clearfix\"><\/div><\/div><\/div><div class=\"fusion-layout-column fusion_builder_column fusion-builder-column-4 fusion_builder_column_1_3 1_3 fusion-one-third fusion-column-last\" style=\"--awb-bg-size:cover;width:30.6666%;\"><div class=\"fusion-column-wrapper fusion-flex-column-wrapper-legacy\"><div class=\"fusion-image-element in-legacy-container\" style=\"--awb-caption-title-font-family:var(--h2_typography-font-family);--awb-caption-title-font-weight:var(--h2_typography-font-weight);--awb-caption-title-font-style:var(--h2_typography-font-style);--awb-caption-title-size:var(--h2_typography-font-size);--awb-caption-title-transform:var(--h2_typography-text-transform);--awb-caption-title-line-height:var(--h2_typography-line-height);--awb-caption-title-letter-spacing:var(--h2_typography-letter-spacing);\"><span class=\" fusion-imageframe imageframe-none imageframe-2 hover-type-none\"><a href=\"https:\/\/www.eputec.de\/wp-content\/uploads\/2016\/10\/siphon_big_1-g.jpg\" class=\"fusion-lightbox\" data-rel=\"iLightbox[92f48c1fc9a4494f000]\" title=\"Buse ronde aliment\u00e9e par siphon\"><img decoding=\"async\" width=\"300\" height=\"450\" alt=\"Buse ronde aliment\u00e9e par siphon\" src=\"https:\/\/www.eputec.de\/wp-content\/uploads\/2016\/10\/siphon_big_1.jpg\" data-orig-src=\"https:\/\/www.eputec.de\/wp-content\/uploads\/2016\/10\/siphon_big_1.jpg\" class=\"lazyload img-responsive wp-image-77124\" srcset=\"data:image\/svg+xml,%3Csvg%20xmlns%3D%27http%3A%2F%2Fwww.w3.org%2F2000%2Fsvg%27%20width%3D%27300%27%20height%3D%27450%27%20viewBox%3D%270%200%20300%20450%27%3E%3Crect%20width%3D%27300%27%20height%3D%27450%27%20fill-opacity%3D%220%22%2F%3E%3C%2Fsvg%3E\" data-srcset=\"https:\/\/www.eputec.de\/wp-content\/uploads\/2016\/10\/siphon_big_1-200x300.jpg 200w, https:\/\/www.eputec.de\/wp-content\/uploads\/2016\/10\/siphon_big_1.jpg 300w\" data-sizes=\"auto\" data-orig-sizes=\"(max-width: 800px) 100vw, 300px\" \/><\/a><\/span><\/div><div class=\"fusion-clearfix\"><\/div><\/div><\/div><div class=\"fusion-layout-column fusion_builder_column fusion-builder-column-5 fusion_builder_column_1_1 1_1 fusion-one-full fusion-column-first fusion-column-last fusion-column-no-min-height\" style=\"--awb-bg-size:cover;--awb-margin-top:0px;--awb-margin-bottom:0px;\"><div class=\"fusion-column-wrapper fusion-flex-column-wrapper-legacy\"><div class=\"fusion-sep-clear\"><\/div><div class=\"fusion-separator fusion-full-width-sep\" style=\"margin-left: auto;margin-right: auto;margin-top:10px;width:100%;\"><\/div><div class=\"fusion-sep-clear\"><\/div><div class=\"fusion-clearfix\"><\/div><\/div><\/div><div class=\"fusion-layout-column fusion_builder_column fusion-builder-column-6 fusion_builder_column_2_3 2_3 fusion-two-third fusion-column-first\" style=\"--awb-bg-size:cover;width:65.3333%; margin-right: 4%;\"><div class=\"fusion-column-wrapper fusion-flex-column-wrapper-legacy\"><div class=\"fusion-text fusion-text-3\" style=\"--awb-text-transform:none;\"><h3>Buse \u00e0 jet plat aliment\u00e9e par siphon<\/h3>\n<p>Cette buse d&rsquo;atomisation aliment\u00e9e par siphon ronde est adapt\u00e9e aux applications o\u00f9 il n&rsquo;y a pas de pression de liquide et o\u00f9 un rev\u00eatement fin est n\u00e9cessaire sur une large surface.<\/p>\n<p>Trois mod\u00e8les sont disponibles. En savoir plus sur la buse \u00e0 jet plat aliment\u00e9e par siphon.<\/p>\n<\/div><div class=\"fusion-button-wrapper\"><a class=\"fusion-button button-flat fusion-button-default-size button-default fusion-button-default button-2 fusion-button-default-span fusion-button-default-type\" style=\"--button-border-radius-top-left:20px;--button-border-radius-top-right:20px;--button-border-radius-bottom-right:20px;--button-border-radius-bottom-left:20px;\" target=\"_self\" href=\"https:\/\/www.eputec.de\/fr\/buses-datomisation-exair\/buses-datomisation-alimentees-par-siphon\/buses-a-jet-plat-alimentees-par-siphon\/\"><span class=\"fusion-button-text awb-button__text awb-button__text--default\">Buse \u00e0 jet plat aliment\u00e9e par siphon<\/span><\/a><\/div><div class=\"fusion-clearfix\"><\/div><\/div><\/div><div class=\"fusion-layout-column fusion_builder_column fusion-builder-column-7 fusion_builder_column_1_3 1_3 fusion-one-third fusion-column-last\" style=\"--awb-bg-size:cover;width:30.6666%;\"><div class=\"fusion-column-wrapper fusion-flex-column-wrapper-legacy\"><div class=\"fusion-image-element in-legacy-container\" style=\"--awb-caption-title-font-family:var(--h2_typography-font-family);--awb-caption-title-font-weight:var(--h2_typography-font-weight);--awb-caption-title-font-style:var(--h2_typography-font-style);--awb-caption-title-size:var(--h2_typography-font-size);--awb-caption-title-transform:var(--h2_typography-text-transform);--awb-caption-title-line-height:var(--h2_typography-line-height);--awb-caption-title-letter-spacing:var(--h2_typography-letter-spacing);\"><span class=\" fusion-imageframe imageframe-none imageframe-3 hover-type-none\"><a href=\"https:\/\/www.eputec.de\/wp-content\/uploads\/2016\/10\/siphon_big_2-g.jpg\" class=\"fusion-lightbox\" data-rel=\"iLightbox[15da80e5cf65dda81ec]\" title=\"Buse \u00e0 jet plat aliment\u00e9e par siphon\"><img decoding=\"async\" width=\"300\" height=\"438\" alt=\"Buse \u00e0 jet plat aliment\u00e9e par siphon\" src=\"https:\/\/www.eputec.de\/wp-content\/uploads\/2016\/10\/siphon_big_2.jpg\" data-orig-src=\"https:\/\/www.eputec.de\/wp-content\/uploads\/2016\/10\/siphon_big_2.jpg\" class=\"lazyload img-responsive wp-image-77134\" srcset=\"data:image\/svg+xml,%3Csvg%20xmlns%3D%27http%3A%2F%2Fwww.w3.org%2F2000%2Fsvg%27%20width%3D%27300%27%20height%3D%27438%27%20viewBox%3D%270%200%20300%20438%27%3E%3Crect%20width%3D%27300%27%20height%3D%27438%27%20fill-opacity%3D%220%22%2F%3E%3C%2Fsvg%3E\" data-srcset=\"https:\/\/www.eputec.de\/wp-content\/uploads\/2016\/10\/siphon_big_2-200x292.jpg 200w, https:\/\/www.eputec.de\/wp-content\/uploads\/2016\/10\/siphon_big_2.jpg 300w\" data-sizes=\"auto\" data-orig-sizes=\"(max-width: 800px) 100vw, 300px\" \/><\/a><\/span><\/div><div class=\"fusion-clearfix\"><\/div><\/div><\/div><div class=\"fusion-layout-column fusion_builder_column fusion-builder-column-8 fusion_builder_column_1_1 1_1 fusion-one-full fusion-column-first fusion-column-last fusion-column-no-min-height\" style=\"--awb-bg-size:cover;--awb-margin-top:0px;--awb-margin-bottom:0px;\"><div class=\"fusion-column-wrapper fusion-flex-column-wrapper-legacy\"><div class=\"fusion-sep-clear\"><\/div><div class=\"fusion-separator fusion-full-width-sep\" style=\"margin-left: auto;margin-right: auto;margin-top:10px;width:100%;\"><\/div><div class=\"fusion-sep-clear\"><\/div><div class=\"fusion-clearfix\"><\/div><\/div><\/div><div class=\"fusion-layout-column fusion_builder_column fusion-builder-column-9 fusion_builder_column_1_1 1_1 fusion-one-full fusion-column-first fusion-column-last\" style=\"--awb-bg-size:cover;\"><div class=\"fusion-column-wrapper fusion-flex-column-wrapper-legacy\"><div class=\"fusion-image-element in-legacy-container\" style=\"--awb-caption-title-font-family:var(--h2_typography-font-family);--awb-caption-title-font-weight:var(--h2_typography-font-weight);--awb-caption-title-font-style:var(--h2_typography-font-style);--awb-caption-title-size:var(--h2_typography-font-size);--awb-caption-title-transform:var(--h2_typography-text-transform);--awb-caption-title-line-height:var(--h2_typography-line-height);--awb-caption-title-letter-spacing:var(--h2_typography-letter-spacing);\"><span class=\" fusion-imageframe imageframe-none imageframe-4 hover-type-none\"><a href=\"https:\/\/www.eputec.de\/wp-content\/uploads\/2016\/10\/NoDripAtomizing1-g.jpg\" class=\"fusion-lightbox\" data-rel=\"iLightbox[70b23ca91b71e0304d1]\" title=\"Befestigungswinkel\"><img decoding=\"async\" width=\"300\" height=\"125\" alt=\"Befestigungswinkel\" src=\"https:\/\/www.eputec.de\/wp-content\/uploads\/2016\/10\/NoDripAtomizing1.jpg\" data-orig-src=\"https:\/\/www.eputec.de\/wp-content\/uploads\/2016\/10\/NoDripAtomizing1.jpg\" class=\"lazyload img-responsive wp-image-71208\" srcset=\"data:image\/svg+xml,%3Csvg%20xmlns%3D%27http%3A%2F%2Fwww.w3.org%2F2000%2Fsvg%27%20width%3D%27300%27%20height%3D%27125%27%20viewBox%3D%270%200%20300%20125%27%3E%3Crect%20width%3D%27300%27%20height%3D%27125%27%20fill-opacity%3D%220%22%2F%3E%3C%2Fsvg%3E\" data-srcset=\"https:\/\/www.eputec.de\/wp-content\/uploads\/2016\/10\/NoDripAtomizing1-200x83.jpg 200w, https:\/\/www.eputec.de\/wp-content\/uploads\/2016\/10\/NoDripAtomizing1.jpg 300w\" data-sizes=\"auto\" data-orig-sizes=\"(max-width: 800px) 100vw, 300px\" \/><\/a><\/span><\/div><div class=\"fusion-sep-clear\"><\/div><div class=\"fusion-separator fusion-full-width-sep\" style=\"margin-left: auto;margin-right: auto;margin-top:10px;width:100%;\"><\/div><div class=\"fusion-sep-clear\"><\/div><div class=\"fusion-text fusion-text-4\"><p style=\"font-size: 11px; line-height: normal !important;\">L&rsquo;\u00e9querre de fixation mod\u00e8le 901318 est disponible pour les buses de pulv\u00e9risation 1\/4&Prime; NPT\/BSP et le mod\u00e8le 901556 pour les buses de pulv\u00e9risation 1\/2&Prime; NPT\/BSP.<\/p>\n<\/div><div class=\"fusion-clearfix\"><\/div><\/div><\/div><\/div><\/div>\n","protected":false},"excerpt":{"rendered":"","protected":false},"author":1,"featured_media":0,"parent":60242,"menu_order":0,"comment_status":"closed","ping_status":"closed","template":"","meta":{"footnotes":""},"class_list":["post-60194","page","type-page","status-publish","hentry"],"yoast_head":"<!-- This site is optimized with the Yoast SEO plugin v27.2 - https:\/\/yoast.com\/product\/yoast-seo-wordpress\/ -->\n<title>Buses d&#039;atomisation aliment\u00e9es par siphon<\/title>\n<meta name=\"description\" content=\"Siphon d&#039;atomisation Exair - Buses d&amp;apos;atomisation aliment\u00e9es par siphon, en forme de buses rondes et de buses \u00e0 jet plat.\" \/>\n<meta name=\"robots\" content=\"index, follow, max-snippet:-1, max-image-preview:large, max-video-preview:-1\" \/>\n<link rel=\"canonical\" href=\"https:\/\/www.eputec.de\/fr\/buses-datomisation-exair\/buses-datomisation-alimentees-par-siphon\/\" \/>\n<meta property=\"og:locale\" content=\"fr_FR\" \/>\n<meta property=\"og:type\" content=\"article\" \/>\n<meta property=\"og:title\" content=\"Buses d&#039;atomisation aliment\u00e9es par siphon\" \/>\n<meta property=\"og:description\" content=\"Siphon d&#039;atomisation Exair - Buses d&amp;apos;atomisation aliment\u00e9es par siphon, en forme de buses rondes et de buses \u00e0 jet plat.\" \/>\n<meta property=\"og:url\" content=\"https:\/\/www.eputec.de\/fr\/buses-datomisation-exair\/buses-datomisation-alimentees-par-siphon\/\" \/>\n<meta property=\"og:site_name\" content=\"EPUTEC Solutions professionnelles d\u2019air comprim\u00e9\" \/>\n<meta property=\"article:publisher\" content=\"https:\/\/www.facebook.com\/eputec\/?ref=ts\" \/>\n<meta property=\"article:modified_time\" content=\"2025-02-26T11:35:30+00:00\" \/>\n<meta property=\"og:image\" content=\"https:\/\/www.eputec.de\/wp-content\/uploads\/2016\/10\/NoDripAtomizing1.jpg\" \/>\n<meta name=\"twitter:card\" content=\"summary_large_image\" \/>\n<meta name=\"twitter:label1\" content=\"Dur\u00e9e de lecture estim\u00e9e\" \/>\n\t<meta name=\"twitter:data1\" content=\"2 minutes\" \/>\n<script type=\"application\/ld+json\" class=\"yoast-schema-graph\">{\"@context\":\"https:\/\/schema.org\",\"@graph\":[{\"@type\":\"WebPage\",\"@id\":\"https:\/\/www.eputec.de\/fr\/buses-datomisation-exair\/buses-datomisation-alimentees-par-siphon\/\",\"url\":\"https:\/\/www.eputec.de\/fr\/buses-datomisation-exair\/buses-datomisation-alimentees-par-siphon\/\",\"name\":\"Buses d'atomisation aliment\u00e9es par siphon\",\"isPartOf\":{\"@id\":\"https:\/\/www.eputec.de\/fr\/#website\"},\"primaryImageOfPage\":{\"@id\":\"https:\/\/www.eputec.de\/fr\/buses-datomisation-exair\/buses-datomisation-alimentees-par-siphon\/#primaryimage\"},\"image\":{\"@id\":\"https:\/\/www.eputec.de\/fr\/buses-datomisation-exair\/buses-datomisation-alimentees-par-siphon\/#primaryimage\"},\"thumbnailUrl\":\"https:\/\/www.eputec.de\/wp-content\/uploads\/2016\/10\/NoDripAtomizing1.jpg\",\"datePublished\":\"2023-03-30T11:39:52+00:00\",\"dateModified\":\"2025-02-26T11:35:30+00:00\",\"description\":\"Siphon d'atomisation Exair - Buses d&apos;atomisation aliment\u00e9es par siphon, en forme de buses rondes et de buses \u00e0 jet plat.\",\"breadcrumb\":{\"@id\":\"https:\/\/www.eputec.de\/fr\/buses-datomisation-exair\/buses-datomisation-alimentees-par-siphon\/#breadcrumb\"},\"inLanguage\":\"fr-FR\",\"potentialAction\":[{\"@type\":\"ReadAction\",\"target\":[\"https:\/\/www.eputec.de\/fr\/buses-datomisation-exair\/buses-datomisation-alimentees-par-siphon\/\"]}]},{\"@type\":\"ImageObject\",\"inLanguage\":\"fr-FR\",\"@id\":\"https:\/\/www.eputec.de\/fr\/buses-datomisation-exair\/buses-datomisation-alimentees-par-siphon\/#primaryimage\",\"url\":\"https:\/\/www.eputec.de\/wp-content\/uploads\/2016\/10\/NoDripAtomizing1.jpg\",\"contentUrl\":\"https:\/\/www.eputec.de\/wp-content\/uploads\/2016\/10\/NoDripAtomizing1.jpg\"},{\"@type\":\"BreadcrumbList\",\"@id\":\"https:\/\/www.eputec.de\/fr\/buses-datomisation-exair\/buses-datomisation-alimentees-par-siphon\/#breadcrumb\",\"itemListElement\":[{\"@type\":\"ListItem\",\"position\":1,\"name\":\"Home\",\"item\":\"https:\/\/www.eputec.de\/fr\/\"},{\"@type\":\"ListItem\",\"position\":2,\"name\":\"Buses d&apos;atomisation\",\"item\":\"https:\/\/www.eputec.de\/fr\/buses-datomisation-exair\/\"},{\"@type\":\"ListItem\",\"position\":3,\"name\":\"Siphon\"}]},{\"@type\":\"WebSite\",\"@id\":\"https:\/\/www.eputec.de\/fr\/#website\",\"url\":\"https:\/\/www.eputec.de\/fr\/\",\"name\":\"EPUTEC Drucklufttechnik\",\"description\":\"Buses \u00e0 air comprim\u00e9 et technologie d&#039;air comprim\u00e9 d&#039;EPUTEC\",\"potentialAction\":[{\"@type\":\"SearchAction\",\"target\":{\"@type\":\"EntryPoint\",\"urlTemplate\":\"https:\/\/www.eputec.de\/fr\/?s={search_term_string}\"},\"query-input\":{\"@type\":\"PropertyValueSpecification\",\"valueRequired\":true,\"valueName\":\"search_term_string\"}}],\"inLanguage\":\"fr-FR\"}]}<\/script>\n<!-- \/ Yoast SEO plugin. -->","yoast_head_json":{"title":"Buses d'atomisation aliment\u00e9es par siphon","description":"Siphon d'atomisation Exair - Buses d&apos;atomisation aliment\u00e9es par siphon, en forme de buses rondes et de buses \u00e0 jet plat.","robots":{"index":"index","follow":"follow","max-snippet":"max-snippet:-1","max-image-preview":"max-image-preview:large","max-video-preview":"max-video-preview:-1"},"canonical":"https:\/\/www.eputec.de\/fr\/buses-datomisation-exair\/buses-datomisation-alimentees-par-siphon\/","og_locale":"fr_FR","og_type":"article","og_title":"Buses d'atomisation aliment\u00e9es par siphon","og_description":"Siphon d'atomisation Exair - Buses d&apos;atomisation aliment\u00e9es par siphon, en forme de buses rondes et de buses \u00e0 jet plat.","og_url":"https:\/\/www.eputec.de\/fr\/buses-datomisation-exair\/buses-datomisation-alimentees-par-siphon\/","og_site_name":"EPUTEC Solutions professionnelles d\u2019air comprim\u00e9","article_publisher":"https:\/\/www.facebook.com\/eputec\/?ref=ts","article_modified_time":"2025-02-26T11:35:30+00:00","og_image":[{"url":"https:\/\/www.eputec.de\/wp-content\/uploads\/2016\/10\/NoDripAtomizing1.jpg","type":"","width":"","height":""}],"twitter_card":"summary_large_image","twitter_misc":{"Dur\u00e9e de lecture estim\u00e9e":"2 minutes"},"schema":{"@context":"https:\/\/schema.org","@graph":[{"@type":"WebPage","@id":"https:\/\/www.eputec.de\/fr\/buses-datomisation-exair\/buses-datomisation-alimentees-par-siphon\/","url":"https:\/\/www.eputec.de\/fr\/buses-datomisation-exair\/buses-datomisation-alimentees-par-siphon\/","name":"Buses d'atomisation aliment\u00e9es par siphon","isPartOf":{"@id":"https:\/\/www.eputec.de\/fr\/#website"},"primaryImageOfPage":{"@id":"https:\/\/www.eputec.de\/fr\/buses-datomisation-exair\/buses-datomisation-alimentees-par-siphon\/#primaryimage"},"image":{"@id":"https:\/\/www.eputec.de\/fr\/buses-datomisation-exair\/buses-datomisation-alimentees-par-siphon\/#primaryimage"},"thumbnailUrl":"https:\/\/www.eputec.de\/wp-content\/uploads\/2016\/10\/NoDripAtomizing1.jpg","datePublished":"2023-03-30T11:39:52+00:00","dateModified":"2025-02-26T11:35:30+00:00","description":"Siphon d'atomisation Exair - Buses d&apos;atomisation aliment\u00e9es par siphon, en forme de buses rondes et de buses \u00e0 jet plat.","breadcrumb":{"@id":"https:\/\/www.eputec.de\/fr\/buses-datomisation-exair\/buses-datomisation-alimentees-par-siphon\/#breadcrumb"},"inLanguage":"fr-FR","potentialAction":[{"@type":"ReadAction","target":["https:\/\/www.eputec.de\/fr\/buses-datomisation-exair\/buses-datomisation-alimentees-par-siphon\/"]}]},{"@type":"ImageObject","inLanguage":"fr-FR","@id":"https:\/\/www.eputec.de\/fr\/buses-datomisation-exair\/buses-datomisation-alimentees-par-siphon\/#primaryimage","url":"https:\/\/www.eputec.de\/wp-content\/uploads\/2016\/10\/NoDripAtomizing1.jpg","contentUrl":"https:\/\/www.eputec.de\/wp-content\/uploads\/2016\/10\/NoDripAtomizing1.jpg"},{"@type":"BreadcrumbList","@id":"https:\/\/www.eputec.de\/fr\/buses-datomisation-exair\/buses-datomisation-alimentees-par-siphon\/#breadcrumb","itemListElement":[{"@type":"ListItem","position":1,"name":"Home","item":"https:\/\/www.eputec.de\/fr\/"},{"@type":"ListItem","position":2,"name":"Buses d&apos;atomisation","item":"https:\/\/www.eputec.de\/fr\/buses-datomisation-exair\/"},{"@type":"ListItem","position":3,"name":"Siphon"}]},{"@type":"WebSite","@id":"https:\/\/www.eputec.de\/fr\/#website","url":"https:\/\/www.eputec.de\/fr\/","name":"EPUTEC Drucklufttechnik","description":"Buses \u00e0 air comprim\u00e9 et technologie d&#039;air comprim\u00e9 d&#039;EPUTEC","potentialAction":[{"@type":"SearchAction","target":{"@type":"EntryPoint","urlTemplate":"https:\/\/www.eputec.de\/fr\/?s={search_term_string}"},"query-input":{"@type":"PropertyValueSpecification","valueRequired":true,"valueName":"search_term_string"}}],"inLanguage":"fr-FR"}]}},"_links":{"self":[{"href":"https:\/\/www.eputec.de\/fr\/wp-json\/wp\/v2\/pages\/60194","targetHints":{"allow":["GET"]}}],"collection":[{"href":"https:\/\/www.eputec.de\/fr\/wp-json\/wp\/v2\/pages"}],"about":[{"href":"https:\/\/www.eputec.de\/fr\/wp-json\/wp\/v2\/types\/page"}],"author":[{"embeddable":true,"href":"https:\/\/www.eputec.de\/fr\/wp-json\/wp\/v2\/users\/1"}],"replies":[{"embeddable":true,"href":"https:\/\/www.eputec.de\/fr\/wp-json\/wp\/v2\/comments?post=60194"}],"version-history":[{"count":0,"href":"https:\/\/www.eputec.de\/fr\/wp-json\/wp\/v2\/pages\/60194\/revisions"}],"up":[{"embeddable":true,"href":"https:\/\/www.eputec.de\/fr\/wp-json\/wp\/v2\/pages\/60242"}],"wp:attachment":[{"href":"https:\/\/www.eputec.de\/fr\/wp-json\/wp\/v2\/media?parent=60194"}],"curies":[{"name":"wp","href":"https:\/\/api.w.org\/{rel}","templated":true}]}}