{"id":60224,"date":"2023-03-30T13:41:41","date_gmt":"2023-03-30T11:41:41","guid":{"rendered":"https:\/\/www.eputec.de\/buses-datomisation-sans-goutte\/buses-de-soufflage-exair-no-drip-atomizing-siphon\/"},"modified":"2024-01-05T09:21:32","modified_gmt":"2024-01-05T08:21:32","slug":"buses-de-soufflage-exair-no-drip-atomizing-siphon","status":"publish","type":"page","link":"https:\/\/www.eputec.de\/fr\/buses-datomisation-exair\/buses-datomisation-sans-goutte\/buses-de-soufflage-exair-no-drip-atomizing-siphon\/","title":{"rendered":"Buses de soufflage Exair No Drip Atomizing Siphon"},"content":{"rendered":"<p><div class=\"fusion-fullwidth fullwidth-box fusion-builder-row-1 nonhundred-percent-fullwidth non-hundred-percent-height-scrolling\" style=\"--awb-background-position:left top;--awb-border-sizes-top:0px;--awb-border-sizes-bottom:0px;--awb-border-sizes-left:0px;--awb-border-sizes-right:0px;--awb-border-radius-top-left:0px;--awb-border-radius-top-right:0px;--awb-border-radius-bottom-right:0px;--awb-border-radius-bottom-left:0px;--awb-flex-wrap:wrap;\" ><div class=\"fusion-builder-row fusion-row\"><div class=\"fusion-layout-column fusion_builder_column fusion-builder-column-0 fusion_builder_column_1_1 1_1 fusion-one-full fusion-column-first fusion-column-last\" style=\"--awb-bg-size:cover;\"><div class=\"fusion-column-wrapper fusion-flex-column-wrapper-legacy\"><div class=\"fusion-text fusion-text-1\"><h2>Buses d&rsquo;atomisation aliment\u00e9es par siphon sans goutte<\/h2>\n<p>Les buses d&rsquo;atomisation sans goutte aliment\u00e9es par siphon n&rsquo;ont pas besoin de pression de liquide et peuvent \u00eatre utilis\u00e9es avec des liquides soit par gravit\u00e9, soit par aspiration. La hauteur d&rsquo;aspiration maximale est de 91\u00a0cm (36\u00a0in.). Les buses aliment\u00e9es par siphon peuvent \u00eatre utilis\u00e9es avec des liquides d&rsquo;une viscosit\u00e9 allant jusqu&rsquo;\u00e0 200\u00a0centipoises. Les buses d&rsquo;atomisation sans goutte aliment\u00e9es par siphon pour les applications sans pression sont aliment\u00e9es par aspiration ou par gravit\u00e9.<\/p>\n<\/div><div class=\"fusion-clearfix\"><\/div><\/div><\/div><div class=\"fusion-layout-column fusion_builder_column fusion-builder-column-1 fusion_builder_column_1_1 1_1 fusion-one-full fusion-column-first fusion-column-last fusion-column-no-min-height\" style=\"--awb-bg-size:cover;--awb-margin-top:0px;--awb-margin-bottom:0px;\"><div class=\"fusion-column-wrapper fusion-flex-column-wrapper-legacy\"><div class=\"fusion-sep-clear\"><\/div><div class=\"fusion-separator fusion-full-width-sep\" style=\"margin-left: auto;margin-right: auto;margin-top:10px;width:100%;\"><\/div><div class=\"fusion-sep-clear\"><\/div><div class=\"fusion-clearfix\"><\/div><\/div><\/div><div class=\"fusion-layout-column fusion_builder_column fusion-builder-column-2 fusion_builder_column_2_3 2_3 fusion-two-third fusion-column-first\" style=\"--awb-bg-size:cover;width:65.3333%; margin-right: 4%;\"><div class=\"fusion-column-wrapper fusion-flex-column-wrapper-legacy\"><div class=\"fusion-text fusion-text-2\" style=\"--awb-text-transform:none;\"><h3>Buse ronde aliment\u00e9e par siphon<\/h3>\n<p>Les buses rondes sans goutte aliment\u00e9es par siphon sont adapt\u00e9es aux applications o\u00f9 il n&rsquo;y a pas de pression de liquide et o\u00f9 un rev\u00eatement fin est n\u00e9cessaire sur une petite surface.<br \/>\nCinq mod\u00e8les sont disponibles.<br \/>\nEn savoir plus sur les buses rondes sans goutte aliment\u00e9es par siphon.<\/p>\n<\/div><div class=\"fusion-button-wrapper\"><a class=\"fusion-button button-flat fusion-button-default-size button-default fusion-button-default button-1 fusion-button-default-span fusion-button-default-type\" style=\"--button-border-radius-top-left:20px;--button-border-radius-top-right:20px;--button-border-radius-bottom-right:20px;--button-border-radius-bottom-left:20px;\" target=\"_self\" href=\"https:\/\/www.eputec.de\/fr\/buses-datomisation-exair\/buses-datomisation-sans-goutte\/buses-de-soufflage-exair-no-drip-atomizing-siphon\/buses-de-soufflage-exair-no-drip-atomizing-siphon-1\/\"><span class=\"fusion-button-text awb-button__text awb-button__text--default\">Buse ronde aliment\u00e9e par siphon<\/span><\/a><\/div><div class=\"fusion-clearfix\"><\/div><\/div><\/div><div class=\"fusion-layout-column fusion_builder_column fusion-builder-column-3 fusion_builder_column_1_3 1_3 fusion-one-third fusion-column-last\" style=\"--awb-bg-size:cover;width:30.6666%;\"><div class=\"fusion-column-wrapper fusion-flex-column-wrapper-legacy\"><div class=\"fusion-image-element in-legacy-container\" style=\"--awb-caption-title-font-family:var(--h2_typography-font-family);--awb-caption-title-font-weight:var(--h2_typography-font-weight);--awb-caption-title-font-style:var(--h2_typography-font-style);--awb-caption-title-size:var(--h2_typography-font-size);--awb-caption-title-transform:var(--h2_typography-text-transform);--awb-caption-title-line-height:var(--h2_typography-line-height);--awb-caption-title-letter-spacing:var(--h2_typography-letter-spacing);\"><span class=\" fusion-imageframe imageframe-none imageframe-1 hover-type-none\"><a href=\"https:\/\/www.eputec.de\/wp-content\/uploads\/2016\/11\/Siphongespeiste-Rundduese-g.jpg\" class=\"fusion-lightbox\" data-rel=\"iLightbox[e50ce68bb8a3c41d555]\" data-title=\"Tropffreie Siphongespeiste Rundd\u00fcse\" title=\"Tropffreie Siphongespeiste Rundd\u00fcse\"><img decoding=\"async\" width=\"300\" height=\"369\" alt=\"Tropffreie Siphongespeiste Zerst\u00e4uberd\u00fcsen Rund\" src=\"https:\/\/www.eputec.de\/wp-content\/uploads\/2016\/11\/Siphongespeiste-Rundduese.jpg\" data-orig-src=\"https:\/\/www.eputec.de\/wp-content\/uploads\/2016\/11\/Siphongespeiste-Rundduese.jpg\" class=\"lazyload img-responsive wp-image-78482\" srcset=\"data:image\/svg+xml,%3Csvg%20xmlns%3D%27http%3A%2F%2Fwww.w3.org%2F2000%2Fsvg%27%20width%3D%27300%27%20height%3D%27369%27%20viewBox%3D%270%200%20300%20369%27%3E%3Crect%20width%3D%27300%27%20height%3D%27369%27%20fill-opacity%3D%220%22%2F%3E%3C%2Fsvg%3E\" data-srcset=\"https:\/\/www.eputec.de\/wp-content\/uploads\/2016\/11\/Siphongespeiste-Rundduese-200x246.jpg 200w, https:\/\/www.eputec.de\/wp-content\/uploads\/2016\/11\/Siphongespeiste-Rundduese.jpg 300w\" data-sizes=\"auto\" data-orig-sizes=\"(max-width: 800px) 100vw, 300px\" \/><\/a><\/span><\/div><div class=\"fusion-clearfix\"><\/div><\/div><\/div><div class=\"fusion-layout-column fusion_builder_column fusion-builder-column-4 fusion_builder_column_1_1 1_1 fusion-one-full fusion-column-first fusion-column-last fusion-column-no-min-height\" style=\"--awb-bg-size:cover;--awb-margin-top:0px;--awb-margin-bottom:0px;\"><div class=\"fusion-column-wrapper fusion-flex-column-wrapper-legacy\"><div class=\"fusion-sep-clear\"><\/div><div class=\"fusion-separator fusion-full-width-sep\" style=\"margin-left: auto;margin-right: auto;margin-top:10px;width:100%;\"><\/div><div class=\"fusion-sep-clear\"><\/div><div class=\"fusion-clearfix\"><\/div><\/div><\/div><div class=\"fusion-layout-column fusion_builder_column fusion-builder-column-5 fusion_builder_column_2_3 2_3 fusion-two-third fusion-column-first\" style=\"--awb-bg-size:cover;width:65.3333%; margin-right: 4%;\"><div class=\"fusion-column-wrapper fusion-flex-column-wrapper-legacy\"><div class=\"fusion-text fusion-text-3\" style=\"--awb-text-transform:none;\"><h3>Buse \u00e0 jet plat aliment\u00e9e par siphon<\/h3>\n<p>Les buses d&rsquo;atomisation sans goutte, \u00e0 jet plat et aliment\u00e9e par siphon sont adapt\u00e9es aux applications o\u00f9 il n&rsquo;y a pas de pression de liquide et o\u00f9 un rev\u00eatement fin est n\u00e9cessaire sur une large surface.<br \/>\nTrois mod\u00e8les sont disponibles.<br \/>\nEn savoir plus sur les buses d&rsquo;atomisation sans goutte, \u00e0 jet plat et aliment\u00e9es par siphon.<\/p>\n<\/div><div class=\"fusion-button-wrapper\"><a class=\"fusion-button button-flat fusion-button-default-size button-default fusion-button-default button-2 fusion-button-default-span fusion-button-default-type\" style=\"--button-border-radius-top-left:20px;--button-border-radius-top-right:20px;--button-border-radius-bottom-right:20px;--button-border-radius-bottom-left:20px;\" target=\"_self\" href=\"https:\/\/www.eputec.de\/fr\/buses-datomisation-exair\/buses-datomisation-sans-goutte\/buses-de-soufflage-exair-no-drip-atomizing-siphon\/buses-de-soufflage-exair-no-drip-atomizing-siphon-2\/\"><span class=\"fusion-button-text awb-button__text awb-button__text--default\">Buse \u00e0 jet plat aliment\u00e9e par siphon<\/span><\/a><\/div><div class=\"fusion-clearfix\"><\/div><\/div><\/div><div class=\"fusion-layout-column fusion_builder_column fusion-builder-column-6 fusion_builder_column_1_3 1_3 fusion-one-third fusion-column-last\" style=\"--awb-bg-size:cover;width:30.6666%;\"><div class=\"fusion-column-wrapper fusion-flex-column-wrapper-legacy\"><div class=\"fusion-image-element in-legacy-container\" style=\"--awb-caption-title-font-family:var(--h2_typography-font-family);--awb-caption-title-font-weight:var(--h2_typography-font-weight);--awb-caption-title-font-style:var(--h2_typography-font-style);--awb-caption-title-size:var(--h2_typography-font-size);--awb-caption-title-transform:var(--h2_typography-text-transform);--awb-caption-title-line-height:var(--h2_typography-line-height);--awb-caption-title-letter-spacing:var(--h2_typography-letter-spacing);\"><span class=\" fusion-imageframe imageframe-none imageframe-2 hover-type-none\"><a href=\"https:\/\/www.eputec.de\/wp-content\/uploads\/2016\/11\/Siphongespeiste-Flachstrahlduese-g.jpg\" class=\"fusion-lightbox\" data-rel=\"iLightbox[5524b6c7d979d8b6f8b]\" data-title=\"Tropffreie Siphongespeiste Flachstrahld\u00fcse\" title=\"Tropffreie Siphongespeiste Flachstrahld\u00fcse\"><img decoding=\"async\" width=\"300\" height=\"437\" alt=\"Tropffreie Siphongespeiste Zerst\u00e4uberd\u00fcsen Flachstrahl\" src=\"https:\/\/www.eputec.de\/wp-content\/uploads\/2016\/11\/Siphongespeiste-Flachstrahlduese.jpg\" data-orig-src=\"https:\/\/www.eputec.de\/wp-content\/uploads\/2016\/11\/Siphongespeiste-Flachstrahlduese.jpg\" class=\"lazyload img-responsive wp-image-78492\" srcset=\"data:image\/svg+xml,%3Csvg%20xmlns%3D%27http%3A%2F%2Fwww.w3.org%2F2000%2Fsvg%27%20width%3D%27300%27%20height%3D%27437%27%20viewBox%3D%270%200%20300%20437%27%3E%3Crect%20width%3D%27300%27%20height%3D%27437%27%20fill-opacity%3D%220%22%2F%3E%3C%2Fsvg%3E\" data-srcset=\"https:\/\/www.eputec.de\/wp-content\/uploads\/2016\/11\/Siphongespeiste-Flachstrahlduese-200x291.jpg 200w, https:\/\/www.eputec.de\/wp-content\/uploads\/2016\/11\/Siphongespeiste-Flachstrahlduese.jpg 300w\" data-sizes=\"auto\" data-orig-sizes=\"(max-width: 800px) 100vw, 300px\" \/><\/a><\/span><\/div><div class=\"fusion-clearfix\"><\/div><\/div><\/div><\/div><\/div><div class=\"fusion-fullwidth fullwidth-box fusion-builder-row-2 hundred-percent-fullwidth non-hundred-percent-height-scrolling\" style=\"--awb-border-radius-top-left:0px;--awb-border-radius-top-right:0px;--awb-border-radius-bottom-right:0px;--awb-border-radius-bottom-left:0px;--awb-overflow:visible;--awb-padding-right:20px;--awb-padding-left:20px;--awb-margin-top:10px;--awb-background-color:rgba(255,255,255,0);--awb-flex-wrap:wrap;\" ><div class=\"fusion-builder-row fusion-row\"><div class=\"fusion-layout-column fusion_builder_column fusion-builder-column-7 fusion_builder_column_1_1 1_1 fusion-one-full fusion-column-first fusion-column-last fusion-column-no-min-height\" style=\"--awb-bg-size:cover;--awb-margin-top:0px;--awb-margin-bottom:0px;\"><div class=\"fusion-column-wrapper fusion-flex-column-wrapper-legacy\"><div class=\"fusion-sep-clear\"><\/div><div class=\"fusion-separator fusion-full-width-sep\" style=\"margin-left: auto;margin-right: auto;width:100%;\"><\/div><div class=\"fusion-sep-clear\"><\/div><div class=\"fusion-clearfix\"><\/div><\/div><\/div><\/div><\/div><div class=\"fusion-fullwidth fullwidth-box fusion-builder-row-3 nonhundred-percent-fullwidth non-hundred-percent-height-scrolling\" style=\"--awb-border-radius-top-left:0px;--awb-border-radius-top-right:0px;--awb-border-radius-bottom-right:0px;--awb-border-radius-bottom-left:0px;--awb-overflow:visible;--awb-padding-right:20px;--awb-padding-left:20px;--awb-flex-wrap:wrap;\" ><div class=\"fusion-builder-row fusion-row\"><div class=\"fusion-layout-column fusion_builder_column fusion-builder-column-8 fusion_builder_column_1_3 1_3 fusion-one-third fusion-column-first\" style=\"--awb-bg-size:cover;width:30.6666%; margin-right: 4%;\"><div class=\"fusion-column-wrapper fusion-flex-column-wrapper-legacy\"><div class=\"fusion-image-element in-legacy-container\" style=\"--awb-caption-title-font-family:var(--h2_typography-font-family);--awb-caption-title-font-weight:var(--h2_typography-font-weight);--awb-caption-title-font-style:var(--h2_typography-font-style);--awb-caption-title-size:var(--h2_typography-font-size);--awb-caption-title-transform:var(--h2_typography-text-transform);--awb-caption-title-line-height:var(--h2_typography-line-height);--awb-caption-title-letter-spacing:var(--h2_typography-letter-spacing);\"><span class=\" fusion-imageframe imageframe-none imageframe-3 hover-type-none\"><a href=\"https:\/\/www.eputec.de\/wp-content\/uploads\/2016\/10\/NoDripAtomizing1-g.jpg\" class=\"fusion-lightbox\" data-rel=\"iLightbox[70b23ca91b71e0304d1]\" title=\"Befestigungswinkel\"><img decoding=\"async\" width=\"300\" height=\"125\" alt=\"Befestigungswinkel\" src=\"https:\/\/www.eputec.de\/wp-content\/uploads\/2016\/10\/NoDripAtomizing1.jpg\" data-orig-src=\"https:\/\/www.eputec.de\/wp-content\/uploads\/2016\/10\/NoDripAtomizing1.jpg\" class=\"lazyload img-responsive wp-image-71208\" srcset=\"data:image\/svg+xml,%3Csvg%20xmlns%3D%27http%3A%2F%2Fwww.w3.org%2F2000%2Fsvg%27%20width%3D%27300%27%20height%3D%27125%27%20viewBox%3D%270%200%20300%20125%27%3E%3Crect%20width%3D%27300%27%20height%3D%27125%27%20fill-opacity%3D%220%22%2F%3E%3C%2Fsvg%3E\" data-srcset=\"https:\/\/www.eputec.de\/wp-content\/uploads\/2016\/10\/NoDripAtomizing1-200x83.jpg 200w, https:\/\/www.eputec.de\/wp-content\/uploads\/2016\/10\/NoDripAtomizing1.jpg 300w\" data-sizes=\"auto\" data-orig-sizes=\"(max-width: 800px) 100vw, 300px\" \/><\/a><\/span><\/div><div class=\"fusion-sep-clear\"><\/div><div class=\"fusion-separator fusion-full-width-sep\" style=\"margin-left: auto;margin-right: auto;margin-top:10px;width:100%;\"><\/div><div class=\"fusion-sep-clear\"><\/div><div class=\"fusion-text fusion-text-4\"><p style=\"font-size: 11px; line-height: normal !important;\">L&rsquo;\u00e9querre de fixation mod\u00e8le 901318 est disponible pour les buses de pulv\u00e9risation 1\/4&Prime; NPT\/BSP et le mod\u00e8le 901556 pour les buses de pulv\u00e9risation 1\/2&Prime; NPT\/BSP.<\/p>\n<\/div><div class=\"fusion-clearfix\"><\/div><\/div><\/div><div class=\"fusion-layout-column fusion_builder_column fusion-builder-column-9 fusion_builder_column_1_1 1_1 fusion-one-full fusion-column-last fusion-column-no-min-height\" style=\"--awb-bg-size:cover;--awb-margin-top:0px;--awb-margin-bottom:0px;\"><div class=\"fusion-column-wrapper fusion-flex-column-wrapper-legacy\"><div class=\"fusion-sep-clear\"><\/div><div class=\"fusion-separator fusion-full-width-sep\" style=\"margin-left: auto;margin-right: auto;margin-bottom:30px;width:100%;\"><\/div><div class=\"fusion-sep-clear\"><\/div><div class=\"fusion-clearfix\"><\/div><\/div><\/div><\/div><\/div><div class=\"fusion-fullwidth fullwidth-box fusion-builder-row-4 nonhundred-percent-fullwidth non-hundred-percent-height-scrolling\" style=\"--awb-background-position:left top;--awb-border-sizes-top:0px;--awb-border-sizes-bottom:0px;--awb-border-sizes-left:0px;--awb-border-sizes-right:0px;--awb-border-radius-top-left:0px;--awb-border-radius-top-right:0px;--awb-border-radius-bottom-right:0px;--awb-border-radius-bottom-left:0px;--awb-padding-top:20px;--awb-flex-wrap:wrap;\" ><div class=\"fusion-builder-row fusion-row\"><div class=\"fusion-layout-column fusion_builder_column fusion-builder-column-10 fusion_builder_column_1_1 1_1 fusion-one-full fusion-column-first fusion-column-last fusion-column-no-min-height\" style=\"--awb-bg-size:cover;--awb-margin-top:0px;--awb-margin-bottom:0px;\"><div class=\"fusion-column-wrapper fusion-flex-column-wrapper-legacy\"><div class=\"fusion-text fusion-text-5\"><p><strong>Catalogue<\/strong><\/p>\n<\/div><div class=\"fusion-clearfix\"><\/div><\/div><\/div><\/div><\/div><\/p>\n","protected":false},"excerpt":{"rendered":"","protected":false},"author":1,"featured_media":0,"parent":60161,"menu_order":0,"comment_status":"closed","ping_status":"closed","template":"","meta":{"footnotes":""},"class_list":["post-60224","page","type-page","status-publish","hentry"],"yoast_head":"<!-- This site is optimized with the Yoast SEO plugin v27.2 - https:\/\/yoast.com\/product\/yoast-seo-wordpress\/ -->\n<title>Buses d&#039;atomisation aliment\u00e9es par siphon | EPUTEC<\/title>\n<meta name=\"description\" content=\"Buses d&#039;atomisation sans goutte aliment\u00e9es par siphon Exair pour le rev\u00eatement \u00e9pais de surfaces, disponibles chez Eputec.\" \/>\n<meta name=\"robots\" content=\"index, follow, max-snippet:-1, max-image-preview:large, max-video-preview:-1\" \/>\n<link rel=\"canonical\" href=\"https:\/\/www.eputec.de\/fr\/buses-datomisation-exair\/buses-datomisation-sans-goutte\/buses-de-soufflage-exair-no-drip-atomizing-siphon\/\" \/>\n<meta property=\"og:locale\" content=\"fr_FR\" \/>\n<meta property=\"og:type\" content=\"article\" \/>\n<meta property=\"og:title\" content=\"Buses d&#039;atomisation aliment\u00e9es par siphon | EPUTEC\" \/>\n<meta property=\"og:description\" content=\"Buses d&#039;atomisation sans goutte aliment\u00e9es par siphon Exair pour le rev\u00eatement \u00e9pais de surfaces, disponibles chez Eputec.\" \/>\n<meta property=\"og:url\" content=\"https:\/\/www.eputec.de\/fr\/buses-datomisation-exair\/buses-datomisation-sans-goutte\/buses-de-soufflage-exair-no-drip-atomizing-siphon\/\" \/>\n<meta property=\"og:site_name\" content=\"EPUTEC Solutions professionnelles d\u2019air comprim\u00e9\" \/>\n<meta property=\"article:publisher\" content=\"https:\/\/www.facebook.com\/eputec\/?ref=ts\" \/>\n<meta property=\"article:modified_time\" content=\"2024-01-05T08:21:32+00:00\" \/>\n<meta property=\"og:image\" content=\"https:\/\/www.eputec.de\/wp-content\/uploads\/2016\/11\/Siphongespeiste-Rundduese.jpg\" \/>\n<meta name=\"twitter:card\" content=\"summary_large_image\" \/>\n<meta name=\"twitter:label1\" content=\"Dur\u00e9e de lecture estim\u00e9e\" \/>\n\t<meta name=\"twitter:data1\" content=\"2 minutes\" \/>\n<script type=\"application\/ld+json\" class=\"yoast-schema-graph\">{\"@context\":\"https:\/\/schema.org\",\"@graph\":[{\"@type\":\"WebPage\",\"@id\":\"https:\/\/www.eputec.de\/fr\/buses-datomisation-exair\/buses-datomisation-sans-goutte\/buses-de-soufflage-exair-no-drip-atomizing-siphon\/\",\"url\":\"https:\/\/www.eputec.de\/fr\/buses-datomisation-exair\/buses-datomisation-sans-goutte\/buses-de-soufflage-exair-no-drip-atomizing-siphon\/\",\"name\":\"Buses d'atomisation aliment\u00e9es par siphon | EPUTEC\",\"isPartOf\":{\"@id\":\"https:\/\/www.eputec.de\/fr\/#website\"},\"primaryImageOfPage\":{\"@id\":\"https:\/\/www.eputec.de\/fr\/buses-datomisation-exair\/buses-datomisation-sans-goutte\/buses-de-soufflage-exair-no-drip-atomizing-siphon\/#primaryimage\"},\"image\":{\"@id\":\"https:\/\/www.eputec.de\/fr\/buses-datomisation-exair\/buses-datomisation-sans-goutte\/buses-de-soufflage-exair-no-drip-atomizing-siphon\/#primaryimage\"},\"thumbnailUrl\":\"https:\/\/www.eputec.de\/wp-content\/uploads\/2016\/11\/Siphongespeiste-Rundduese.jpg\",\"datePublished\":\"2023-03-30T11:41:41+00:00\",\"dateModified\":\"2024-01-05T08:21:32+00:00\",\"description\":\"Buses d'atomisation sans goutte aliment\u00e9es par siphon Exair pour le rev\u00eatement \u00e9pais de surfaces, disponibles chez Eputec.\",\"breadcrumb\":{\"@id\":\"https:\/\/www.eputec.de\/fr\/buses-datomisation-exair\/buses-datomisation-sans-goutte\/buses-de-soufflage-exair-no-drip-atomizing-siphon\/#breadcrumb\"},\"inLanguage\":\"fr-FR\",\"potentialAction\":[{\"@type\":\"ReadAction\",\"target\":[\"https:\/\/www.eputec.de\/fr\/buses-datomisation-exair\/buses-datomisation-sans-goutte\/buses-de-soufflage-exair-no-drip-atomizing-siphon\/\"]}]},{\"@type\":\"ImageObject\",\"inLanguage\":\"fr-FR\",\"@id\":\"https:\/\/www.eputec.de\/fr\/buses-datomisation-exair\/buses-datomisation-sans-goutte\/buses-de-soufflage-exair-no-drip-atomizing-siphon\/#primaryimage\",\"url\":\"https:\/\/www.eputec.de\/wp-content\/uploads\/2016\/11\/Siphongespeiste-Rundduese.jpg\",\"contentUrl\":\"https:\/\/www.eputec.de\/wp-content\/uploads\/2016\/11\/Siphongespeiste-Rundduese.jpg\"},{\"@type\":\"BreadcrumbList\",\"@id\":\"https:\/\/www.eputec.de\/fr\/buses-datomisation-exair\/buses-datomisation-sans-goutte\/buses-de-soufflage-exair-no-drip-atomizing-siphon\/#breadcrumb\",\"itemListElement\":[{\"@type\":\"ListItem\",\"position\":1,\"name\":\"Home\",\"item\":\"https:\/\/www.eputec.de\/fr\/\"},{\"@type\":\"ListItem\",\"position\":2,\"name\":\"Buses d&apos;atomisation\",\"item\":\"https:\/\/www.eputec.de\/fr\/buses-datomisation-exair\/\"},{\"@type\":\"ListItem\",\"position\":3,\"name\":\"Sans goutte\",\"item\":\"https:\/\/www.eputec.de\/fr\/buses-datomisation-exair\/buses-datomisation-sans-goutte\/\"},{\"@type\":\"ListItem\",\"position\":4,\"name\":\"Aliment\u00e9es par siphon\"}]},{\"@type\":\"WebSite\",\"@id\":\"https:\/\/www.eputec.de\/fr\/#website\",\"url\":\"https:\/\/www.eputec.de\/fr\/\",\"name\":\"EPUTEC Drucklufttechnik\",\"description\":\"Buses \u00e0 air comprim\u00e9 et technologie d&#039;air comprim\u00e9 d&#039;EPUTEC\",\"potentialAction\":[{\"@type\":\"SearchAction\",\"target\":{\"@type\":\"EntryPoint\",\"urlTemplate\":\"https:\/\/www.eputec.de\/fr\/?s={search_term_string}\"},\"query-input\":{\"@type\":\"PropertyValueSpecification\",\"valueRequired\":true,\"valueName\":\"search_term_string\"}}],\"inLanguage\":\"fr-FR\"}]}<\/script>\n<!-- \/ Yoast SEO plugin. -->","yoast_head_json":{"title":"Buses d'atomisation aliment\u00e9es par siphon | EPUTEC","description":"Buses d'atomisation sans goutte aliment\u00e9es par siphon Exair pour le rev\u00eatement \u00e9pais de surfaces, disponibles chez Eputec.","robots":{"index":"index","follow":"follow","max-snippet":"max-snippet:-1","max-image-preview":"max-image-preview:large","max-video-preview":"max-video-preview:-1"},"canonical":"https:\/\/www.eputec.de\/fr\/buses-datomisation-exair\/buses-datomisation-sans-goutte\/buses-de-soufflage-exair-no-drip-atomizing-siphon\/","og_locale":"fr_FR","og_type":"article","og_title":"Buses d'atomisation aliment\u00e9es par siphon | EPUTEC","og_description":"Buses d'atomisation sans goutte aliment\u00e9es par siphon Exair pour le rev\u00eatement \u00e9pais de surfaces, disponibles chez Eputec.","og_url":"https:\/\/www.eputec.de\/fr\/buses-datomisation-exair\/buses-datomisation-sans-goutte\/buses-de-soufflage-exair-no-drip-atomizing-siphon\/","og_site_name":"EPUTEC Solutions professionnelles d\u2019air comprim\u00e9","article_publisher":"https:\/\/www.facebook.com\/eputec\/?ref=ts","article_modified_time":"2024-01-05T08:21:32+00:00","og_image":[{"url":"https:\/\/www.eputec.de\/wp-content\/uploads\/2016\/11\/Siphongespeiste-Rundduese.jpg","type":"","width":"","height":""}],"twitter_card":"summary_large_image","twitter_misc":{"Dur\u00e9e de lecture estim\u00e9e":"2 minutes"},"schema":{"@context":"https:\/\/schema.org","@graph":[{"@type":"WebPage","@id":"https:\/\/www.eputec.de\/fr\/buses-datomisation-exair\/buses-datomisation-sans-goutte\/buses-de-soufflage-exair-no-drip-atomizing-siphon\/","url":"https:\/\/www.eputec.de\/fr\/buses-datomisation-exair\/buses-datomisation-sans-goutte\/buses-de-soufflage-exair-no-drip-atomizing-siphon\/","name":"Buses d'atomisation aliment\u00e9es par siphon | EPUTEC","isPartOf":{"@id":"https:\/\/www.eputec.de\/fr\/#website"},"primaryImageOfPage":{"@id":"https:\/\/www.eputec.de\/fr\/buses-datomisation-exair\/buses-datomisation-sans-goutte\/buses-de-soufflage-exair-no-drip-atomizing-siphon\/#primaryimage"},"image":{"@id":"https:\/\/www.eputec.de\/fr\/buses-datomisation-exair\/buses-datomisation-sans-goutte\/buses-de-soufflage-exair-no-drip-atomizing-siphon\/#primaryimage"},"thumbnailUrl":"https:\/\/www.eputec.de\/wp-content\/uploads\/2016\/11\/Siphongespeiste-Rundduese.jpg","datePublished":"2023-03-30T11:41:41+00:00","dateModified":"2024-01-05T08:21:32+00:00","description":"Buses d'atomisation sans goutte aliment\u00e9es par siphon Exair pour le rev\u00eatement \u00e9pais de surfaces, disponibles chez Eputec.","breadcrumb":{"@id":"https:\/\/www.eputec.de\/fr\/buses-datomisation-exair\/buses-datomisation-sans-goutte\/buses-de-soufflage-exair-no-drip-atomizing-siphon\/#breadcrumb"},"inLanguage":"fr-FR","potentialAction":[{"@type":"ReadAction","target":["https:\/\/www.eputec.de\/fr\/buses-datomisation-exair\/buses-datomisation-sans-goutte\/buses-de-soufflage-exair-no-drip-atomizing-siphon\/"]}]},{"@type":"ImageObject","inLanguage":"fr-FR","@id":"https:\/\/www.eputec.de\/fr\/buses-datomisation-exair\/buses-datomisation-sans-goutte\/buses-de-soufflage-exair-no-drip-atomizing-siphon\/#primaryimage","url":"https:\/\/www.eputec.de\/wp-content\/uploads\/2016\/11\/Siphongespeiste-Rundduese.jpg","contentUrl":"https:\/\/www.eputec.de\/wp-content\/uploads\/2016\/11\/Siphongespeiste-Rundduese.jpg"},{"@type":"BreadcrumbList","@id":"https:\/\/www.eputec.de\/fr\/buses-datomisation-exair\/buses-datomisation-sans-goutte\/buses-de-soufflage-exair-no-drip-atomizing-siphon\/#breadcrumb","itemListElement":[{"@type":"ListItem","position":1,"name":"Home","item":"https:\/\/www.eputec.de\/fr\/"},{"@type":"ListItem","position":2,"name":"Buses d&apos;atomisation","item":"https:\/\/www.eputec.de\/fr\/buses-datomisation-exair\/"},{"@type":"ListItem","position":3,"name":"Sans goutte","item":"https:\/\/www.eputec.de\/fr\/buses-datomisation-exair\/buses-datomisation-sans-goutte\/"},{"@type":"ListItem","position":4,"name":"Aliment\u00e9es par siphon"}]},{"@type":"WebSite","@id":"https:\/\/www.eputec.de\/fr\/#website","url":"https:\/\/www.eputec.de\/fr\/","name":"EPUTEC Drucklufttechnik","description":"Buses \u00e0 air comprim\u00e9 et technologie d&#039;air comprim\u00e9 d&#039;EPUTEC","potentialAction":[{"@type":"SearchAction","target":{"@type":"EntryPoint","urlTemplate":"https:\/\/www.eputec.de\/fr\/?s={search_term_string}"},"query-input":{"@type":"PropertyValueSpecification","valueRequired":true,"valueName":"search_term_string"}}],"inLanguage":"fr-FR"}]}},"_links":{"self":[{"href":"https:\/\/www.eputec.de\/fr\/wp-json\/wp\/v2\/pages\/60224","targetHints":{"allow":["GET"]}}],"collection":[{"href":"https:\/\/www.eputec.de\/fr\/wp-json\/wp\/v2\/pages"}],"about":[{"href":"https:\/\/www.eputec.de\/fr\/wp-json\/wp\/v2\/types\/page"}],"author":[{"embeddable":true,"href":"https:\/\/www.eputec.de\/fr\/wp-json\/wp\/v2\/users\/1"}],"replies":[{"embeddable":true,"href":"https:\/\/www.eputec.de\/fr\/wp-json\/wp\/v2\/comments?post=60224"}],"version-history":[{"count":0,"href":"https:\/\/www.eputec.de\/fr\/wp-json\/wp\/v2\/pages\/60224\/revisions"}],"up":[{"embeddable":true,"href":"https:\/\/www.eputec.de\/fr\/wp-json\/wp\/v2\/pages\/60161"}],"wp:attachment":[{"href":"https:\/\/www.eputec.de\/fr\/wp-json\/wp\/v2\/media?parent=60224"}],"curies":[{"name":"wp","href":"https:\/\/api.w.org\/{rel}","templated":true}]}}