{"id":61123,"date":"2023-04-25T11:33:14","date_gmt":"2023-04-25T09:33:14","guid":{"rendered":"https:\/\/www.eputec.de\/accessoires-pour-dispositifs-de-protection\/"},"modified":"2025-08-11T16:03:37","modified_gmt":"2025-08-11T14:03:37","slug":"accessoires-pour-dispositifs-de-protection","status":"publish","type":"page","link":"https:\/\/www.eputec.de\/fr\/dispositifs-de-protection-pour-machines\/accessoires-pour-dispositifs-de-protection\/","title":{"rendered":"Accessoires pour dispositifs de protection"},"content":{"rendered":"<div class=\"fusion-fullwidth fullwidth-box fusion-builder-row-1 nonhundred-percent-fullwidth non-hundred-percent-height-scrolling\" style=\"--awb-background-position:left top;--awb-border-sizes-top:0px;--awb-border-sizes-bottom:0px;--awb-border-sizes-left:0px;--awb-border-sizes-right:0px;--awb-border-radius-top-left:0px;--awb-border-radius-top-right:0px;--awb-border-radius-bottom-right:0px;--awb-border-radius-bottom-left:0px;--awb-flex-wrap:wrap;\" ><div class=\"fusion-builder-row fusion-row\"><div class=\"fusion-layout-column fusion_builder_column fusion-builder-column-0 fusion_builder_column_1_1 1_1 fusion-one-full fusion-column-first fusion-column-last\" style=\"--awb-bg-size:cover;\"><div class=\"fusion-column-wrapper fusion-flex-column-wrapper-legacy\"><div class=\"fusion-text fusion-text-1\"><p>Vous avez besoin d&rsquo;informations suppl\u00e9mentaires ou souhaitez recevoir un devis\u00a0? Nos experts technico-commerciaux sont \u00e0 votre disposition\u00a0!<\/p>\n<\/div><div class=\"fusion-clearfix\"><\/div><\/div><\/div><div class=\"fusion-layout-column fusion_builder_column fusion-builder-column-1 fusion_builder_column_1_3 1_3 fusion-one-third fusion-column-first\" style=\"--awb-bg-size:cover;width:30.6666%; margin-right: 4%;\"><div class=\"fusion-column-wrapper fusion-flex-column-wrapper-legacy\"><div class=\"fusion-image-element in-legacy-container\" style=\"--awb-caption-title-font-family:var(--h2_typography-font-family);--awb-caption-title-font-weight:var(--h2_typography-font-weight);--awb-caption-title-font-style:var(--h2_typography-font-style);--awb-caption-title-size:var(--h2_typography-font-size);--awb-caption-title-transform:var(--h2_typography-text-transform);--awb-caption-title-line-height:var(--h2_typography-line-height);--awb-caption-title-letter-spacing:var(--h2_typography-letter-spacing);\"><span class=\" fusion-imageframe imageframe-none imageframe-1 hover-type-none\"><img decoding=\"async\" width=\"255\" height=\"350\" alt=\"Schutzschirm f\u00fcr Maschinen MSI mit magnetischer Befestigung 350 x 300 mm Schutzeinrichtungen Zubeh\u00f6r\" title=\"Schutzschirm f\u00fcr Maschinen MSI mit magnetischer Befestigung 350 x 300 mm\" src=\"https:\/\/www.eputec.de\/wp-content\/uploads\/2016\/10\/MSI_ml.jpg\" data-orig-src=\"https:\/\/www.eputec.de\/wp-content\/uploads\/2016\/10\/MSI_ml.jpg\" class=\"lazyload img-responsive wp-image-76379\" srcset=\"data:image\/svg+xml,%3Csvg%20xmlns%3D%27http%3A%2F%2Fwww.w3.org%2F2000%2Fsvg%27%20width%3D%27255%27%20height%3D%27350%27%20viewBox%3D%270%200%20255%20350%27%3E%3Crect%20width%3D%27255%27%20height%3D%27350%27%20fill-opacity%3D%220%22%2F%3E%3C%2Fsvg%3E\" data-srcset=\"https:\/\/www.eputec.de\/wp-content\/uploads\/2016\/10\/MSI_ml-200x275.jpg 200w, https:\/\/www.eputec.de\/wp-content\/uploads\/2016\/10\/MSI_ml.jpg 255w\" data-sizes=\"auto\" data-orig-sizes=\"(max-width: 800px) 100vw, 255px\" \/><\/span><\/div><div class=\"fusion-clearfix\"><\/div><\/div><\/div><div class=\"fusion-layout-column fusion_builder_column fusion-builder-column-2 fusion_builder_column_2_3 2_3 fusion-two-third fusion-column-last\" style=\"--awb-bg-size:cover;width:65.3333%;\"><div class=\"fusion-column-wrapper fusion-flex-column-wrapper-legacy\"><div class=\"fusion-text fusion-text-2\"><h3>\u00c9cran de protection pour machines MSI avec fixation magn\u00e9tique 350 x 300\u00a0mm<\/h3>\n<p>R\u00e9f\u00e9rence 4011125<\/p>\n<p>taille de l&rsquo;\u00e9cran en polycarbonate\u00a0: 350\u00a0mm * 300\u00a0mm<\/p>\n<ul type=\"disc\">\n<li>avec fixation magn\u00e9tique<\/li>\n<li>r\u00e9glable rapidement et de mani\u00e8re flexible gr\u00e2ce \u00e0 l&rsquo;articulation<\/li>\n<li>utilisable de mani\u00e8re universelle<\/li>\n<\/ul>\n<\/div><div class=\"fusion-clearfix\"><\/div><\/div><\/div><div class=\"fusion-layout-column fusion_builder_column fusion-builder-column-3 fusion_builder_column_1_1 1_1 fusion-one-full fusion-column-first fusion-column-last fusion-column-no-min-height\" style=\"--awb-bg-size:cover;--awb-margin-top:0px;--awb-margin-bottom:0px;\"><div class=\"fusion-column-wrapper fusion-flex-column-wrapper-legacy\"><div class=\"fusion-sep-clear\"><\/div><div class=\"fusion-separator fusion-full-width-sep\" style=\"margin-left: auto;margin-right: auto;margin-top:10px;margin-bottom:30px;width:100%;\"><div class=\"fusion-separator-border sep-single sep-solid\" style=\"--awb-height:20px;--awb-amount:20px;border-color:#eeeeee;border-top-width:1px;\"><\/div><\/div><div class=\"fusion-sep-clear\"><\/div><div class=\"fusion-clearfix\"><\/div><\/div><\/div><div class=\"fusion-layout-column fusion_builder_column fusion-builder-column-4 fusion_builder_column_1_3 1_3 fusion-one-third fusion-column-first\" style=\"--awb-bg-size:cover;width:30.6666%; margin-right: 4%;\"><div class=\"fusion-column-wrapper fusion-flex-column-wrapper-legacy\"><div class=\"fusion-image-element in-legacy-container\" style=\"--awb-caption-title-font-family:var(--h2_typography-font-family);--awb-caption-title-font-weight:var(--h2_typography-font-weight);--awb-caption-title-font-style:var(--h2_typography-font-style);--awb-caption-title-size:var(--h2_typography-font-size);--awb-caption-title-transform:var(--h2_typography-text-transform);--awb-caption-title-line-height:var(--h2_typography-line-height);--awb-caption-title-letter-spacing:var(--h2_typography-letter-spacing);\"><span class=\" fusion-imageframe imageframe-none imageframe-2 hover-type-none\"><img decoding=\"async\" width=\"173\" height=\"350\" alt=\"Schutzabdeckung LL flexibler Arm mit magnetischer Befestigung 215 x 300 mm Schutzeinrichtungen Zubeh\u00f6r\" title=\"Schutzabdeckung LL flexibler Arm mit magnetischer Befestigung 215 x 300 mm\" src=\"data:image\/svg+xml,%3Csvg%20xmlns%3D%27http%3A%2F%2Fwww.w3.org%2F2000%2Fsvg%27%20width%3D%27173%27%20height%3D%27350%27%20viewBox%3D%270%200%20173%20350%27%3E%3Crect%20width%3D%27173%27%20height%3D%27350%27%20fill-opacity%3D%220%22%2F%3E%3C%2Fsvg%3E\" data-orig-src=\"https:\/\/www.eputec.de\/wp-content\/uploads\/2016\/10\/LL_ml.jpg\" class=\"lazyload img-responsive wp-image-76384\"\/><\/span><\/div><div class=\"fusion-clearfix\"><\/div><\/div><\/div><div class=\"fusion-layout-column fusion_builder_column fusion-builder-column-5 fusion_builder_column_2_3 2_3 fusion-two-third fusion-column-last\" style=\"--awb-bg-size:cover;width:65.3333%;\"><div class=\"fusion-column-wrapper fusion-flex-column-wrapper-legacy\"><div class=\"fusion-text fusion-text-3\"><h3>Couverture de protection LL bras flexible avec fixation magn\u00e9tique 215 x 300\u00a0mm<\/h3>\n<p>R\u00e9f\u00e9rence 4011127<\/p>\n<p>taille de l&rsquo;\u00e9cran en polycarbonate\u00a0: 215\u00a0mm * 300\u00a0mm<\/p>\n<ul type=\"disc\">\n<li>bras \u00e0 positionnement flexible<\/li>\n<li>utilisable de mani\u00e8re universelle<\/li>\n<\/ul>\n<\/div><div class=\"fusion-clearfix\"><\/div><\/div><\/div><div class=\"fusion-layout-column fusion_builder_column fusion-builder-column-6 fusion_builder_column_1_1 1_1 fusion-one-full fusion-column-first fusion-column-last fusion-column-no-min-height\" style=\"--awb-bg-size:cover;--awb-margin-top:0px;--awb-margin-bottom:0px;\"><div class=\"fusion-column-wrapper fusion-flex-column-wrapper-legacy\"><div class=\"fusion-sep-clear\"><\/div><div class=\"fusion-separator fusion-full-width-sep\" style=\"margin-left: auto;margin-right: auto;margin-top:10px;margin-bottom:30px;width:100%;\"><div class=\"fusion-separator-border sep-single sep-solid\" style=\"--awb-height:20px;--awb-amount:20px;border-color:#eeeeee;border-top-width:1px;\"><\/div><\/div><div class=\"fusion-sep-clear\"><\/div><div class=\"fusion-clearfix\"><\/div><\/div><\/div><div class=\"fusion-layout-column fusion_builder_column fusion-builder-column-7 fusion_builder_column_1_3 1_3 fusion-one-third fusion-column-first\" style=\"--awb-bg-size:cover;width:30.6666%; margin-right: 4%;\"><div class=\"fusion-column-wrapper fusion-flex-column-wrapper-legacy\"><div class=\"fusion-image-element in-legacy-container\" style=\"--awb-caption-title-font-family:var(--h2_typography-font-family);--awb-caption-title-font-weight:var(--h2_typography-font-weight);--awb-caption-title-font-style:var(--h2_typography-font-style);--awb-caption-title-size:var(--h2_typography-font-size);--awb-caption-title-transform:var(--h2_typography-text-transform);--awb-caption-title-line-height:var(--h2_typography-line-height);--awb-caption-title-letter-spacing:var(--h2_typography-letter-spacing);\"><span class=\" fusion-imageframe imageframe-none imageframe-3 hover-type-none\"><img decoding=\"async\" width=\"162\" height=\"350\" alt=\"Schutzabdeckung RM flexibler Arm magnetische Befestigung 230 x 300 mm Schutzeinrichtungen Zubeh\u00f6r\" title=\"Schutzabdeckung RM flexibler Arm magnetische Befestigung 230 x 300 mm\" src=\"data:image\/svg+xml,%3Csvg%20xmlns%3D%27http%3A%2F%2Fwww.w3.org%2F2000%2Fsvg%27%20width%3D%27162%27%20height%3D%27350%27%20viewBox%3D%270%200%20162%20350%27%3E%3Crect%20width%3D%27162%27%20height%3D%27350%27%20fill-opacity%3D%220%22%2F%3E%3C%2Fsvg%3E\" data-orig-src=\"https:\/\/www.eputec.de\/wp-content\/uploads\/2016\/10\/RM_ml.jpg\" class=\"lazyload img-responsive wp-image-76389\"\/><\/span><\/div><div class=\"fusion-clearfix\"><\/div><\/div><\/div><div class=\"fusion-layout-column fusion_builder_column fusion-builder-column-8 fusion_builder_column_2_3 2_3 fusion-two-third fusion-column-last\" style=\"--awb-bg-size:cover;width:65.3333%;\"><div class=\"fusion-column-wrapper fusion-flex-column-wrapper-legacy\"><div class=\"fusion-text fusion-text-4\"><h3>Couverture de protection RM bras flexible fixation magn\u00e9tique 230 x 300\u00a0mm<\/h3>\n<p>R\u00e9f\u00e9rence 4011126<\/p>\n<p>taille de l&rsquo;\u00e9cran en polycarbonate\u00a0: 230\u00a0mm * 300\u00a0mm<\/p>\n<ul type=\"disc\">\n<li>bras \u00e0 positionnement flexible<\/li>\n<li>utilisable de mani\u00e8re universelle<\/li>\n<\/ul>\n<\/div><div class=\"fusion-clearfix\"><\/div><\/div><\/div><div class=\"fusion-layout-column fusion_builder_column fusion-builder-column-9 fusion_builder_column_1_1 1_1 fusion-one-full fusion-column-first fusion-column-last fusion-column-no-min-height\" style=\"--awb-bg-size:cover;--awb-margin-top:0px;--awb-margin-bottom:0px;\"><div class=\"fusion-column-wrapper fusion-flex-column-wrapper-legacy\"><div class=\"fusion-sep-clear\"><\/div><div class=\"fusion-separator fusion-full-width-sep\" style=\"margin-left: auto;margin-right: auto;margin-top:10px;margin-bottom:30px;width:100%;\"><div class=\"fusion-separator-border sep-single sep-solid\" style=\"--awb-height:20px;--awb-amount:20px;border-color:#eeeeee;border-top-width:1px;\"><\/div><\/div><div class=\"fusion-sep-clear\"><\/div><div class=\"fusion-clearfix\"><\/div><\/div><\/div><div class=\"fusion-layout-column fusion_builder_column fusion-builder-column-10 fusion_builder_column_1_3 1_3 fusion-one-third fusion-column-first\" style=\"--awb-bg-size:cover;width:30.6666%; margin-right: 4%;\"><div class=\"fusion-column-wrapper fusion-flex-column-wrapper-legacy\"><div class=\"fusion-image-element in-legacy-container\" style=\"--awb-caption-title-font-family:var(--h2_typography-font-family);--awb-caption-title-font-weight:var(--h2_typography-font-weight);--awb-caption-title-font-style:var(--h2_typography-font-style);--awb-caption-title-size:var(--h2_typography-font-size);--awb-caption-title-transform:var(--h2_typography-text-transform);--awb-caption-title-line-height:var(--h2_typography-line-height);--awb-caption-title-letter-spacing:var(--h2_typography-letter-spacing);\"><span class=\" fusion-imageframe imageframe-none imageframe-4 hover-type-none\"><img decoding=\"async\" src=\"data:image\/gif;base64,R0lGODlhAQABAAAAACH5BAEKAAEALAAAAAABAAEAAAICTAEAOw==\" data-orig-src=\"https:\/\/www.eputec.de\/wp-content\/uploads\/2019\/10\/Not-Aus-Drucktaster-mit-Wiederanlaufschutz_EPUTEC.jpg\" alt class=\"lazyload img-responsive\"\/><\/span><\/div><div class=\"fusion-clearfix\"><\/div><\/div><\/div><div class=\"fusion-layout-column fusion_builder_column fusion-builder-column-11 fusion_builder_column_2_3 2_3 fusion-two-third fusion-column-last\" style=\"--awb-bg-size:cover;width:65.3333%;\"><div class=\"fusion-column-wrapper fusion-flex-column-wrapper-legacy\"><div class=\"fusion-text fusion-text-5\"><h3>Interrupteur \u00e0 pression d&rsquo;arr\u00eat d&rsquo;urgence avec protection contre le red\u00e9marrage jusqu&rsquo;\u00e0 une puissance de machine de 2,2\u00a0kW\/7,5\u00a0kW\/18\u00a0kW<\/h3>\n<p>R\u00e9f\u00e9rence 4011122 &#8211; 4011124<\/p>\n<p>R\u00e9initialisation automatique par bouton-poussoir ou bouton d&rsquo;arr\u00eat d&rsquo;urgence et coupure de surcharge par moteur triphas\u00e9 Marche\/Arr\u00eat<\/p>\n<p>La mise en marche et l&rsquo;arr\u00eat d\u00e9lib\u00e9r\u00e9s sans red\u00e9marrage automatique sont assur\u00e9s par tous les boutons-poussoirs d&rsquo;arr\u00eat d&rsquo;urgence. La LED int\u00e9gr\u00e9e indique si l&rsquo;interrupteur d&rsquo;arr\u00eat d&rsquo;urgence et donc la machine sont sous tension.<\/p>\n<p>Vous pouvez int\u00e9grer l&rsquo;arr\u00eat d&rsquo;urgence et le d\u00e9marrage\/arr\u00eat dans le circuit d&rsquo;arr\u00eat de la machine existant ou m\u00eame le rendre possible.<\/p>\n<\/div><div class=\"fusion-clearfix\"><\/div><\/div><\/div><div class=\"fusion-layout-column fusion_builder_column fusion-builder-column-12 fusion_builder_column_1_1 1_1 fusion-one-full fusion-column-first fusion-column-last fusion-column-no-min-height\" style=\"--awb-bg-size:cover;--awb-margin-top:0px;--awb-margin-bottom:0px;\"><div class=\"fusion-column-wrapper fusion-flex-column-wrapper-legacy\"><div class=\"fusion-text fusion-text-6\"><p><strong>Choisissez parmi trois boutons-poussoirs d&rsquo;arr\u00eat d&rsquo;urgence diff\u00e9rents, y compris la d\u00e9claration de conformit\u00e9 CE\u00a0:<\/strong><\/p>\n<ul type=\"disc\">\n<li>Bouton d&rsquo;arr\u00eat d&rsquo;urgence, adapt\u00e9 \u00e0 une charge jusqu&rsquo;\u00e0 2,2\u00a0kW triphas\u00e9 ou 5,5\u00a0A monophas\u00e9<br \/>\n<em>(dimensions\u00a0: l 170\u00a0mm x L 118\u00a0mm x h 82\u00a0mm)<\/em><\/li>\n<li>Interrupteur d&rsquo;arr\u00eat d&rsquo;urgence avec bo\u00eetier de distribution, adapt\u00e9 \u00e0 une charge jusqu&rsquo;\u00e0 7,5\u00a0kW, 16,5\u00a0A, 40\u00a0V triphas\u00e9<br \/>\n<em>(L 170 x l 118 x H 82\u00a0mm (bouton-poussoir) L 200 x l 150 x H 150\u00a0mm (bo\u00eetier de commande))<\/em><\/li>\n<li>Interrupteur d&rsquo;arr\u00eat d&rsquo;urgence avec bo\u00eetier de distribution, adapt\u00e9 \u00e0 une charge jusqu&rsquo;\u00e0 18\u00a0kW, triphas\u00e9 et 38\u00a0A<br \/>\n<em>(L 170 x l 118 x H 82\u00a0mm (bouton-poussoir) L 200 x l 150 x H 150\u00a0mm (bo\u00eetier de commande))<\/em><\/li>\n<\/ul>\n<\/div><div class=\"fusion-clearfix\"><\/div><\/div><\/div><\/div><\/div>\n","protected":false},"excerpt":{"rendered":"","protected":false},"author":1,"featured_media":76379,"parent":61145,"menu_order":0,"comment_status":"closed","ping_status":"closed","template":"","meta":{"footnotes":""},"class_list":["post-61123","page","type-page","status-publish","has-post-thumbnail","hentry"],"yoast_head":"<!-- This site is optimized with the Yoast SEO plugin v27.2 - https:\/\/yoast.com\/product\/yoast-seo-wordpress\/ -->\n<title>Accessoires pour dispositifs de protection | EPUTEC<\/title>\n<meta name=\"description\" content=\"Accessoires pour dispositifs de protection professionnel pour machines, disponible chez Eputec Drucklufttechnik.\" \/>\n<meta name=\"robots\" content=\"index, follow, max-snippet:-1, max-image-preview:large, max-video-preview:-1\" \/>\n<link rel=\"canonical\" href=\"https:\/\/www.eputec.de\/fr\/dispositifs-de-protection-pour-machines\/accessoires-pour-dispositifs-de-protection\/\" \/>\n<meta property=\"og:locale\" content=\"fr_FR\" \/>\n<meta property=\"og:type\" content=\"article\" \/>\n<meta property=\"og:title\" content=\"Accessoires pour dispositifs de protection | EPUTEC\" \/>\n<meta property=\"og:description\" content=\"Accessoires pour dispositifs de protection professionnel pour machines, disponible chez Eputec Drucklufttechnik.\" \/>\n<meta property=\"og:url\" content=\"https:\/\/www.eputec.de\/fr\/dispositifs-de-protection-pour-machines\/accessoires-pour-dispositifs-de-protection\/\" \/>\n<meta property=\"og:site_name\" content=\"EPUTEC Solutions professionnelles d\u2019air comprim\u00e9\" \/>\n<meta property=\"article:publisher\" content=\"https:\/\/www.facebook.com\/eputec\/?ref=ts\" \/>\n<meta property=\"article:modified_time\" content=\"2025-08-11T14:03:37+00:00\" \/>\n<meta property=\"og:image\" content=\"https:\/\/www.eputec.de\/wp-content\/uploads\/2016\/10\/MSI_ml.jpg\" \/>\n\t<meta property=\"og:image:width\" content=\"255\" \/>\n\t<meta property=\"og:image:height\" content=\"350\" \/>\n\t<meta property=\"og:image:type\" content=\"image\/jpeg\" \/>\n<meta name=\"twitter:card\" content=\"summary_large_image\" \/>\n<meta name=\"twitter:label1\" content=\"Dur\u00e9e de lecture estim\u00e9e\" \/>\n\t<meta name=\"twitter:data1\" content=\"3 minutes\" \/>\n<script type=\"application\/ld+json\" class=\"yoast-schema-graph\">{\"@context\":\"https:\/\/schema.org\",\"@graph\":[{\"@type\":\"WebPage\",\"@id\":\"https:\/\/www.eputec.de\/fr\/dispositifs-de-protection-pour-machines\/accessoires-pour-dispositifs-de-protection\/\",\"url\":\"https:\/\/www.eputec.de\/fr\/dispositifs-de-protection-pour-machines\/accessoires-pour-dispositifs-de-protection\/\",\"name\":\"Accessoires pour dispositifs de protection | EPUTEC\",\"isPartOf\":{\"@id\":\"https:\/\/www.eputec.de\/fr\/#website\"},\"primaryImageOfPage\":{\"@id\":\"https:\/\/www.eputec.de\/fr\/dispositifs-de-protection-pour-machines\/accessoires-pour-dispositifs-de-protection\/#primaryimage\"},\"image\":{\"@id\":\"https:\/\/www.eputec.de\/fr\/dispositifs-de-protection-pour-machines\/accessoires-pour-dispositifs-de-protection\/#primaryimage\"},\"thumbnailUrl\":\"https:\/\/www.eputec.de\/wp-content\/uploads\/2016\/10\/MSI_ml.jpg\",\"datePublished\":\"2023-04-25T09:33:14+00:00\",\"dateModified\":\"2025-08-11T14:03:37+00:00\",\"description\":\"Accessoires pour dispositifs de protection professionnel pour machines, disponible chez Eputec Drucklufttechnik.\",\"breadcrumb\":{\"@id\":\"https:\/\/www.eputec.de\/fr\/dispositifs-de-protection-pour-machines\/accessoires-pour-dispositifs-de-protection\/#breadcrumb\"},\"inLanguage\":\"fr-FR\",\"potentialAction\":[{\"@type\":\"ReadAction\",\"target\":[\"https:\/\/www.eputec.de\/fr\/dispositifs-de-protection-pour-machines\/accessoires-pour-dispositifs-de-protection\/\"]}]},{\"@type\":\"ImageObject\",\"inLanguage\":\"fr-FR\",\"@id\":\"https:\/\/www.eputec.de\/fr\/dispositifs-de-protection-pour-machines\/accessoires-pour-dispositifs-de-protection\/#primaryimage\",\"url\":\"https:\/\/www.eputec.de\/wp-content\/uploads\/2016\/10\/MSI_ml.jpg\",\"contentUrl\":\"https:\/\/www.eputec.de\/wp-content\/uploads\/2016\/10\/MSI_ml.jpg\",\"width\":255,\"height\":350},{\"@type\":\"BreadcrumbList\",\"@id\":\"https:\/\/www.eputec.de\/fr\/dispositifs-de-protection-pour-machines\/accessoires-pour-dispositifs-de-protection\/#breadcrumb\",\"itemListElement\":[{\"@type\":\"ListItem\",\"position\":1,\"name\":\"Home\",\"item\":\"https:\/\/www.eputec.de\/fr\/\"},{\"@type\":\"ListItem\",\"position\":2,\"name\":\"Dispositifs de protection pour machines\",\"item\":\"https:\/\/www.eputec.de\/fr\/dispositifs-de-protection-pour-machines\/\"},{\"@type\":\"ListItem\",\"position\":3,\"name\":\"Accessoires\"}]},{\"@type\":\"WebSite\",\"@id\":\"https:\/\/www.eputec.de\/fr\/#website\",\"url\":\"https:\/\/www.eputec.de\/fr\/\",\"name\":\"EPUTEC Drucklufttechnik\",\"description\":\"Buses \u00e0 air comprim\u00e9 et technologie d&#039;air comprim\u00e9 d&#039;EPUTEC\",\"potentialAction\":[{\"@type\":\"SearchAction\",\"target\":{\"@type\":\"EntryPoint\",\"urlTemplate\":\"https:\/\/www.eputec.de\/fr\/?s={search_term_string}\"},\"query-input\":{\"@type\":\"PropertyValueSpecification\",\"valueRequired\":true,\"valueName\":\"search_term_string\"}}],\"inLanguage\":\"fr-FR\"}]}<\/script>\n<!-- \/ Yoast SEO plugin. -->","yoast_head_json":{"title":"Accessoires pour dispositifs de protection | EPUTEC","description":"Accessoires pour dispositifs de protection professionnel pour machines, disponible chez Eputec Drucklufttechnik.","robots":{"index":"index","follow":"follow","max-snippet":"max-snippet:-1","max-image-preview":"max-image-preview:large","max-video-preview":"max-video-preview:-1"},"canonical":"https:\/\/www.eputec.de\/fr\/dispositifs-de-protection-pour-machines\/accessoires-pour-dispositifs-de-protection\/","og_locale":"fr_FR","og_type":"article","og_title":"Accessoires pour dispositifs de protection | EPUTEC","og_description":"Accessoires pour dispositifs de protection professionnel pour machines, disponible chez Eputec Drucklufttechnik.","og_url":"https:\/\/www.eputec.de\/fr\/dispositifs-de-protection-pour-machines\/accessoires-pour-dispositifs-de-protection\/","og_site_name":"EPUTEC Solutions professionnelles d\u2019air comprim\u00e9","article_publisher":"https:\/\/www.facebook.com\/eputec\/?ref=ts","article_modified_time":"2025-08-11T14:03:37+00:00","og_image":[{"width":255,"height":350,"url":"https:\/\/www.eputec.de\/wp-content\/uploads\/2016\/10\/MSI_ml.jpg","type":"image\/jpeg"}],"twitter_card":"summary_large_image","twitter_misc":{"Dur\u00e9e de lecture estim\u00e9e":"3 minutes"},"schema":{"@context":"https:\/\/schema.org","@graph":[{"@type":"WebPage","@id":"https:\/\/www.eputec.de\/fr\/dispositifs-de-protection-pour-machines\/accessoires-pour-dispositifs-de-protection\/","url":"https:\/\/www.eputec.de\/fr\/dispositifs-de-protection-pour-machines\/accessoires-pour-dispositifs-de-protection\/","name":"Accessoires pour dispositifs de protection | EPUTEC","isPartOf":{"@id":"https:\/\/www.eputec.de\/fr\/#website"},"primaryImageOfPage":{"@id":"https:\/\/www.eputec.de\/fr\/dispositifs-de-protection-pour-machines\/accessoires-pour-dispositifs-de-protection\/#primaryimage"},"image":{"@id":"https:\/\/www.eputec.de\/fr\/dispositifs-de-protection-pour-machines\/accessoires-pour-dispositifs-de-protection\/#primaryimage"},"thumbnailUrl":"https:\/\/www.eputec.de\/wp-content\/uploads\/2016\/10\/MSI_ml.jpg","datePublished":"2023-04-25T09:33:14+00:00","dateModified":"2025-08-11T14:03:37+00:00","description":"Accessoires pour dispositifs de protection professionnel pour machines, disponible chez Eputec Drucklufttechnik.","breadcrumb":{"@id":"https:\/\/www.eputec.de\/fr\/dispositifs-de-protection-pour-machines\/accessoires-pour-dispositifs-de-protection\/#breadcrumb"},"inLanguage":"fr-FR","potentialAction":[{"@type":"ReadAction","target":["https:\/\/www.eputec.de\/fr\/dispositifs-de-protection-pour-machines\/accessoires-pour-dispositifs-de-protection\/"]}]},{"@type":"ImageObject","inLanguage":"fr-FR","@id":"https:\/\/www.eputec.de\/fr\/dispositifs-de-protection-pour-machines\/accessoires-pour-dispositifs-de-protection\/#primaryimage","url":"https:\/\/www.eputec.de\/wp-content\/uploads\/2016\/10\/MSI_ml.jpg","contentUrl":"https:\/\/www.eputec.de\/wp-content\/uploads\/2016\/10\/MSI_ml.jpg","width":255,"height":350},{"@type":"BreadcrumbList","@id":"https:\/\/www.eputec.de\/fr\/dispositifs-de-protection-pour-machines\/accessoires-pour-dispositifs-de-protection\/#breadcrumb","itemListElement":[{"@type":"ListItem","position":1,"name":"Home","item":"https:\/\/www.eputec.de\/fr\/"},{"@type":"ListItem","position":2,"name":"Dispositifs de protection pour machines","item":"https:\/\/www.eputec.de\/fr\/dispositifs-de-protection-pour-machines\/"},{"@type":"ListItem","position":3,"name":"Accessoires"}]},{"@type":"WebSite","@id":"https:\/\/www.eputec.de\/fr\/#website","url":"https:\/\/www.eputec.de\/fr\/","name":"EPUTEC Drucklufttechnik","description":"Buses \u00e0 air comprim\u00e9 et technologie d&#039;air comprim\u00e9 d&#039;EPUTEC","potentialAction":[{"@type":"SearchAction","target":{"@type":"EntryPoint","urlTemplate":"https:\/\/www.eputec.de\/fr\/?s={search_term_string}"},"query-input":{"@type":"PropertyValueSpecification","valueRequired":true,"valueName":"search_term_string"}}],"inLanguage":"fr-FR"}]}},"_links":{"self":[{"href":"https:\/\/www.eputec.de\/fr\/wp-json\/wp\/v2\/pages\/61123","targetHints":{"allow":["GET"]}}],"collection":[{"href":"https:\/\/www.eputec.de\/fr\/wp-json\/wp\/v2\/pages"}],"about":[{"href":"https:\/\/www.eputec.de\/fr\/wp-json\/wp\/v2\/types\/page"}],"author":[{"embeddable":true,"href":"https:\/\/www.eputec.de\/fr\/wp-json\/wp\/v2\/users\/1"}],"replies":[{"embeddable":true,"href":"https:\/\/www.eputec.de\/fr\/wp-json\/wp\/v2\/comments?post=61123"}],"version-history":[{"count":0,"href":"https:\/\/www.eputec.de\/fr\/wp-json\/wp\/v2\/pages\/61123\/revisions"}],"up":[{"embeddable":true,"href":"https:\/\/www.eputec.de\/fr\/wp-json\/wp\/v2\/pages\/61145"}],"wp:featuredmedia":[{"embeddable":true,"href":"https:\/\/www.eputec.de\/fr\/wp-json\/wp\/v2\/media\/76379"}],"wp:attachment":[{"href":"https:\/\/www.eputec.de\/fr\/wp-json\/wp\/v2\/media?parent=61123"}],"curies":[{"name":"wp","href":"https:\/\/api.w.org\/{rel}","templated":true}]}}