{"id":32928,"date":"2014-11-19T15:14:03","date_gmt":"2014-11-19T15:14:03","guid":{"rendered":"https:\/\/www.eputec.de\/druckluft-duesen\/"},"modified":"2023-06-01T15:59:51","modified_gmt":"2023-06-01T13:59:51","slug":"druckluft-duesen","status":"publish","type":"page","link":"https:\/\/www.eputec.de\/tr\/","title":{"rendered":"Bize Ula\u015f\u03b9n"},"content":{"rendered":"<div class=\"fusion-fullwidth fullwidth-box fusion-builder-row-1 hundred-percent-fullwidth non-hundred-percent-height-scrolling\" style=\"--awb-background-position:left top;--awb-border-sizes-top:0px;--awb-border-sizes-bottom:0px;--awb-border-sizes-left:0px;--awb-border-sizes-right:0px;--awb-border-radius-top-left:0px;--awb-border-radius-top-right:0px;--awb-border-radius-bottom-right:0px;--awb-border-radius-bottom-left:0px;--awb-padding-top:0px;--awb-padding-right:0px;--awb-padding-bottom:0px;--awb-padding-left:0px;--awb-margin-top:20px;--awb-flex-wrap:wrap;\" ><div class=\"fusion-builder-row fusion-row\"><div class=\"fusion-layout-column fusion_builder_column fusion-builder-column-0 fusion_builder_column_1_1 1_1 fusion-one-full fusion-column-first fusion-column-last\" style=\"--awb-bg-size:cover;--awb-margin-top:0px;--awb-margin-bottom:0px;\"><div class=\"fusion-column-wrapper fusion-column-has-shadow fusion-flex-column-wrapper-legacy\"><div class=\"fusion-column-content-centered\"><div class=\"fusion-column-content\"><div class=\"fusion-text fusion-text-1\"><p>Size bas\u03b9n\u00e7l\u03b9 hava tasarrufunda, g\u00fcr\u00fclt\u00fc seviyesinin \u00f6nemli bir \u00f6l\u00e7\u00fcde d\u00fc\u015f\u00fc\u015f\u00fcnde ve ayn\u03b9 zamanda \u00fcretim s\u00fcrecinizi resmi dairelerin g\u00fcvenlik y\u00f6nergelerine uygun bir \u015fekilde h\u03b9zland\u03b9rman\u03b9za yard\u03b9mc\u03b9 olaca\u011f\u03b9z.<\/p>\n<p><strong>Bize ula\u015f\u03b9n \u2013 sizinle birlikte \u00fcretim uygulamalar\u03b9n\u03b9z i\u00e7in \u00e7\u00f6z\u00fcmler bulal\u03b9m:<\/strong><\/p>\n<\/div><\/div><\/div><div class=\"fusion-clearfix\"><\/div><\/div><\/div><div class=\"fusion-layout-column fusion_builder_column fusion-builder-column-1 fusion_builder_column_2_5 2_5 fusion-two-fifth fusion-column-first\" style=\"--awb-bg-size:cover;--awb-margin-top:0px;--awb-margin-bottom:0px;\"><div class=\"fusion-column-wrapper fusion-column-has-shadow fusion-flex-column-wrapper-legacy\"><div class=\"fusion-column-content-centered\"><div class=\"fusion-column-content\"><div class=\"fusion-image-element in-legacy-container\" style=\"--awb-bottom-shadow-color:rgba(123,131,139,0.4);--awb-caption-title-font-family:var(--h2_typography-font-family);--awb-caption-title-font-weight:var(--h2_typography-font-weight);--awb-caption-title-font-style:var(--h2_typography-font-style);--awb-caption-title-size:var(--h2_typography-font-size);--awb-caption-title-transform:var(--h2_typography-text-transform);--awb-caption-title-line-height:var(--h2_typography-line-height);--awb-caption-title-letter-spacing:var(--h2_typography-letter-spacing);\"><div class=\"awb-image-frame awb-image-frame-1 awb-bottomshadow\" style=\"max-width:139px;display:inline-block;\"><span class=\" fusion-imageframe imageframe-bottomshadow imageframe-1 hover-type-none\"><img decoding=\"async\" width=\"141\" height=\"211\" alt=\"Bilgihan Yilmaz\" title=\"EPUTEC-Team_Bilgihan_Yilmaz_Webseite\" src=\"https:\/\/www.eputec.de\/wp-content\/uploads\/2023\/06\/EPUTEC-Team_Bilgihan_Yilmaz_Webseite.jpg\" class=\"img-responsive wp-image-61821\"\/><\/span><svg xmlns=\"http:\/\/www.w3.org\/2000\/svg\" version=\"1.1\" width=\"100%\" viewBox=\"0 0 600 28\" preserveAspectRatio=\"none\"><g clip-path=\"url(#a)\"><mask id=\"b\" style=\"mask-type:luminance\" maskUnits=\"userSpaceOnUse\" x=\"0\" y=\"0\" width=\"600\" height=\"28\"><path d=\"M0 0h600v28H0V0Z\" fill=\"#fff\"\/><\/mask><g filter=\"url(#c)\" mask=\"url(#b)\"><path d=\"M16.439-18.667h567.123v30.8S438.961-8.4 300-8.4C161.04-8.4 16.438 12.133 16.438 12.133v-30.8Z\" fill=\"#000\"\/><\/g><\/g><defs><clipPath id=\"a\"><path fill=\"#fff\" d=\"M0 0h600v28H0z\"\/><\/clipPath><filter id=\"c\" x=\"5.438\" y=\"-29.667\" width=\"589.123\" height=\"52.8\" filterUnits=\"userSpaceOnUse\" color-interpolation-filters=\"sRGB\"><feFlood flood-opacity=\"0\" result=\"BackgroundImageFix\"\/><feBlend in=\"SourceGraphic\" in2=\"BackgroundImageFix\" result=\"shape\"\/><feGaussianBlur stdDeviation=\"5.5\" result=\"effect1_foregroundBlur_3983_183\"\/><\/filter><\/defs><\/svg><\/div><\/div><div class=\"fusion-text fusion-text-2\"><p><strong>Bilgihan Y\u03b9lmaz<\/strong><\/p>\n<p>tel. +49 81 91 \/ 91 51 19-30<br \/>\n<a href=\"ma&#105;&#108;&#116;&#x6f;&#x3a;&#x62;&#x69;&#x6c;gi&#104;&#97;&#110;&#x2e;&#x79;&#x69;&#x6c;&#x6d;az&#64;&#101;&#112;&#x75;&#x74;&#x65;&#x63;&#x2e;de\">&#x62;&#x69;&#108;g&#x69;&#x68;&#97;&#110;&#46;&#x79;&#x69;&#108;&#109;a&#x7a;&#x40;&#101;pu&#x74;&#x65;&#99;&#46;&#x64;&#x65;<\/a><\/p>\n<\/div><\/div><\/div><div class=\"fusion-clearfix\"><\/div><\/div><\/div><div class=\"fusion-layout-column fusion_builder_column fusion-builder-column-2 fusion_builder_column_3_5 3_5 fusion-three-fifth fusion-column-last\" style=\"--awb-bg-size:cover;--awb-margin-top:0px;--awb-margin-bottom:0px;\"><div class=\"fusion-column-wrapper fusion-column-has-shadow fusion-flex-column-wrapper-legacy\"><div class=\"fusion-column-content-centered\"><div class=\"fusion-column-content\"><\/div><\/div><div class=\"fusion-clearfix\"><\/div><\/div><\/div><div class=\"fusion-layout-column fusion_builder_column fusion-builder-column-3 fusion_builder_column_1_1 1_1 fusion-one-full fusion-column-first fusion-column-last\" style=\"--awb-bg-size:cover;--awb-margin-top:10px;--awb-margin-bottom:0px;\"><div class=\"fusion-column-wrapper fusion-column-has-shadow fusion-flex-column-wrapper-legacy\"><div class=\"fusion-column-content-centered\"><div class=\"fusion-column-content\"><div class=\"fusion-text fusion-text-3\"><p><strong>Sizin i\u00e7in memnuniyetle yapacaklar\u03b9m\u03b9z:<\/strong><\/p>\n<ul>\n<li>planlama, proje a\u015famas\u03b9 ve bas\u03b9n\u00e7l\u03b9 hava sistemlerinizin montaj\u03b9<\/li>\n<li>test edebilmek i\u00e7in kiralayabilece\u011finiz \u00fcr\u00fcnlerimiz<\/li>\n<li>talepleriniz i\u00e7in \u00f6zel tasarlanm\u03b9\u015f \u00fcr\u00fcnlerimiz<\/li>\n<li>g\u00fcvenlik ko\u015fullar\u03b9 ve \u00fcretim ko\u015fullar\u03b9n\u03b9z i\u00e7in \u00f6zel c\u00f6z\u00fcmler<\/li>\n<\/ul>\n<\/div><\/div><\/div><div class=\"fusion-clearfix\"><\/div><\/div><\/div><\/div><\/div>\n","protected":false},"excerpt":{"rendered":"","protected":false},"author":1,"featured_media":32930,"parent":0,"menu_order":0,"comment_status":"closed","ping_status":"closed","template":"","meta":{"footnotes":""},"class_list":["post-32928","page","type-page","status-publish","has-post-thumbnail","hentry"],"yoast_head":"<!-- This site is optimized with the Yoast SEO plugin v27.2 - https:\/\/yoast.com\/product\/yoast-seo-wordpress\/ -->\n<title>Druckluftd\u00fcsen | EPUTEC Drucklufttechnik Kontakt auf T\u00fcrkisch<\/title>\n<meta name=\"description\" content=\"Druckluft D\u00fcsen &amp; Drucklufttechnik von EPUTEC. Hochwertige Druckluftd\u00fcsen wie Ringd\u00fcse oder Wirbelrohre - Beratung auf T\u00fcrkisch.\" \/>\n<meta name=\"robots\" content=\"index, follow, max-snippet:-1, max-image-preview:large, max-video-preview:-1\" \/>\n<link rel=\"canonical\" href=\"https:\/\/www.eputec.de\/tr\/\" \/>\n<meta property=\"og:locale\" content=\"tr_TR\" \/>\n<meta property=\"og:type\" content=\"article\" \/>\n<meta property=\"og:title\" content=\"Druckluftd\u00fcsen | EPUTEC Drucklufttechnik Kontakt auf T\u00fcrkisch\" \/>\n<meta property=\"og:description\" content=\"Druckluft D\u00fcsen &amp; Drucklufttechnik von EPUTEC. Hochwertige Druckluftd\u00fcsen wie Ringd\u00fcse oder Wirbelrohre - Beratung auf T\u00fcrkisch.\" \/>\n<meta property=\"og:url\" content=\"https:\/\/www.eputec.de\/tr\/\" \/>\n<meta property=\"og:site_name\" content=\"EPUTEC Drucklufttechnik\" \/>\n<meta property=\"article:publisher\" content=\"https:\/\/www.facebook.com\/eputec\/?ref=ts\" \/>\n<meta property=\"article:modified_time\" content=\"2023-06-01T13:59:51+00:00\" \/>\n<meta property=\"og:image\" content=\"https:\/\/www.eputec.de\/wp-content\/uploads\/2018\/06\/EPUTEC_Logo_nur-e_wei\u00dfer-Rand_klein.jpg\" \/>\n\t<meta property=\"og:image:width\" content=\"400\" \/>\n\t<meta property=\"og:image:height\" content=\"349\" \/>\n\t<meta property=\"og:image:type\" content=\"image\/jpeg\" \/>\n<meta name=\"twitter:card\" content=\"summary_large_image\" \/>\n<meta name=\"twitter:label1\" content=\"Est. reading time\" \/>\n\t<meta name=\"twitter:data1\" content=\"3 minutes\" \/>\n<script type=\"application\/ld+json\" class=\"yoast-schema-graph\">{\"@context\":\"https:\/\/schema.org\",\"@graph\":[{\"@type\":\"WebPage\",\"@id\":\"https:\/\/www.eputec.de\/tr\/\",\"url\":\"https:\/\/www.eputec.de\/tr\/\",\"name\":\"Druckluftd\u00fcsen | EPUTEC Drucklufttechnik Kontakt auf T\u00fcrkisch\",\"isPartOf\":{\"@id\":\"https:\/\/www.eputec.de\/tr\/#website\"},\"primaryImageOfPage\":{\"@id\":\"https:\/\/www.eputec.de\/tr\/#primaryimage\"},\"image\":{\"@id\":\"https:\/\/www.eputec.de\/tr\/#primaryimage\"},\"thumbnailUrl\":\"https:\/\/www.eputec.de\/wp-content\/uploads\/2018\/06\/EPUTEC_Logo_nur-e_wei\u00dfer-Rand_klein.jpg\",\"datePublished\":\"2014-11-19T15:14:03+00:00\",\"dateModified\":\"2023-06-01T13:59:51+00:00\",\"description\":\"Druckluft D\u00fcsen & Drucklufttechnik von EPUTEC. Hochwertige Druckluftd\u00fcsen wie Ringd\u00fcse oder Wirbelrohre - Beratung auf T\u00fcrkisch.\",\"breadcrumb\":{\"@id\":\"https:\/\/www.eputec.de\/tr\/#breadcrumb\"},\"inLanguage\":\"tr\",\"potentialAction\":[{\"@type\":\"ReadAction\",\"target\":[\"https:\/\/www.eputec.de\/tr\/\"]}]},{\"@type\":\"ImageObject\",\"inLanguage\":\"tr\",\"@id\":\"https:\/\/www.eputec.de\/tr\/#primaryimage\",\"url\":\"https:\/\/www.eputec.de\/wp-content\/uploads\/2018\/06\/EPUTEC_Logo_nur-e_wei\u00dfer-Rand_klein.jpg\",\"contentUrl\":\"https:\/\/www.eputec.de\/wp-content\/uploads\/2018\/06\/EPUTEC_Logo_nur-e_wei\u00dfer-Rand_klein.jpg\",\"width\":400,\"height\":349,\"caption\":\"EPUTEC Drucklufttechnik GmbH\"},{\"@type\":\"BreadcrumbList\",\"@id\":\"https:\/\/www.eputec.de\/tr\/#breadcrumb\",\"itemListElement\":[{\"@type\":\"ListItem\",\"position\":1,\"name\":\"Home\",\"item\":\"https:\/\/www.eputec.de\/tr\/\"},{\"@type\":\"ListItem\",\"position\":2,\"name\":\"Bize Ula\u015f\u03b9n\"}]},{\"@type\":\"WebSite\",\"@id\":\"https:\/\/www.eputec.de\/tr\/#website\",\"url\":\"https:\/\/www.eputec.de\/tr\/\",\"name\":\"EPUTEC Drucklufttechnik\",\"description\":\"Druckluft D\u00fcsen und Drucklufttechnik von EPUTEC\",\"potentialAction\":[{\"@type\":\"SearchAction\",\"target\":{\"@type\":\"EntryPoint\",\"urlTemplate\":\"https:\/\/www.eputec.de\/tr\/?s={search_term_string}\"},\"query-input\":{\"@type\":\"PropertyValueSpecification\",\"valueRequired\":true,\"valueName\":\"search_term_string\"}}],\"inLanguage\":\"tr\"}]}<\/script>\n<!-- \/ Yoast SEO plugin. -->","yoast_head_json":{"title":"Druckluftd\u00fcsen | EPUTEC Drucklufttechnik Kontakt auf T\u00fcrkisch","description":"Druckluft D\u00fcsen & Drucklufttechnik von EPUTEC. Hochwertige Druckluftd\u00fcsen wie Ringd\u00fcse oder Wirbelrohre - Beratung auf T\u00fcrkisch.","robots":{"index":"index","follow":"follow","max-snippet":"max-snippet:-1","max-image-preview":"max-image-preview:large","max-video-preview":"max-video-preview:-1"},"canonical":"https:\/\/www.eputec.de\/tr\/","og_locale":"tr_TR","og_type":"article","og_title":"Druckluftd\u00fcsen | EPUTEC Drucklufttechnik Kontakt auf T\u00fcrkisch","og_description":"Druckluft D\u00fcsen & Drucklufttechnik von EPUTEC. Hochwertige Druckluftd\u00fcsen wie Ringd\u00fcse oder Wirbelrohre - Beratung auf T\u00fcrkisch.","og_url":"https:\/\/www.eputec.de\/tr\/","og_site_name":"EPUTEC Drucklufttechnik","article_publisher":"https:\/\/www.facebook.com\/eputec\/?ref=ts","article_modified_time":"2023-06-01T13:59:51+00:00","og_image":[{"width":400,"height":349,"url":"https:\/\/www.eputec.de\/wp-content\/uploads\/2018\/06\/EPUTEC_Logo_nur-e_wei\u00dfer-Rand_klein.jpg","type":"image\/jpeg"}],"twitter_card":"summary_large_image","twitter_misc":{"Est. reading time":"3 minutes"},"schema":{"@context":"https:\/\/schema.org","@graph":[{"@type":"WebPage","@id":"https:\/\/www.eputec.de\/tr\/","url":"https:\/\/www.eputec.de\/tr\/","name":"Druckluftd\u00fcsen | EPUTEC Drucklufttechnik Kontakt auf T\u00fcrkisch","isPartOf":{"@id":"https:\/\/www.eputec.de\/tr\/#website"},"primaryImageOfPage":{"@id":"https:\/\/www.eputec.de\/tr\/#primaryimage"},"image":{"@id":"https:\/\/www.eputec.de\/tr\/#primaryimage"},"thumbnailUrl":"https:\/\/www.eputec.de\/wp-content\/uploads\/2018\/06\/EPUTEC_Logo_nur-e_wei\u00dfer-Rand_klein.jpg","datePublished":"2014-11-19T15:14:03+00:00","dateModified":"2023-06-01T13:59:51+00:00","description":"Druckluft D\u00fcsen & Drucklufttechnik von EPUTEC. Hochwertige Druckluftd\u00fcsen wie Ringd\u00fcse oder Wirbelrohre - Beratung auf T\u00fcrkisch.","breadcrumb":{"@id":"https:\/\/www.eputec.de\/tr\/#breadcrumb"},"inLanguage":"tr","potentialAction":[{"@type":"ReadAction","target":["https:\/\/www.eputec.de\/tr\/"]}]},{"@type":"ImageObject","inLanguage":"tr","@id":"https:\/\/www.eputec.de\/tr\/#primaryimage","url":"https:\/\/www.eputec.de\/wp-content\/uploads\/2018\/06\/EPUTEC_Logo_nur-e_wei\u00dfer-Rand_klein.jpg","contentUrl":"https:\/\/www.eputec.de\/wp-content\/uploads\/2018\/06\/EPUTEC_Logo_nur-e_wei\u00dfer-Rand_klein.jpg","width":400,"height":349,"caption":"EPUTEC Drucklufttechnik GmbH"},{"@type":"BreadcrumbList","@id":"https:\/\/www.eputec.de\/tr\/#breadcrumb","itemListElement":[{"@type":"ListItem","position":1,"name":"Home","item":"https:\/\/www.eputec.de\/tr\/"},{"@type":"ListItem","position":2,"name":"Bize Ula\u015f\u03b9n"}]},{"@type":"WebSite","@id":"https:\/\/www.eputec.de\/tr\/#website","url":"https:\/\/www.eputec.de\/tr\/","name":"EPUTEC Drucklufttechnik","description":"Druckluft D\u00fcsen und Drucklufttechnik von EPUTEC","potentialAction":[{"@type":"SearchAction","target":{"@type":"EntryPoint","urlTemplate":"https:\/\/www.eputec.de\/tr\/?s={search_term_string}"},"query-input":{"@type":"PropertyValueSpecification","valueRequired":true,"valueName":"search_term_string"}}],"inLanguage":"tr"}]}},"_links":{"self":[{"href":"https:\/\/www.eputec.de\/tr\/wp-json\/wp\/v2\/pages\/32928","targetHints":{"allow":["GET"]}}],"collection":[{"href":"https:\/\/www.eputec.de\/tr\/wp-json\/wp\/v2\/pages"}],"about":[{"href":"https:\/\/www.eputec.de\/tr\/wp-json\/wp\/v2\/types\/page"}],"author":[{"embeddable":true,"href":"https:\/\/www.eputec.de\/tr\/wp-json\/wp\/v2\/users\/1"}],"replies":[{"embeddable":true,"href":"https:\/\/www.eputec.de\/tr\/wp-json\/wp\/v2\/comments?post=32928"}],"version-history":[{"count":0,"href":"https:\/\/www.eputec.de\/tr\/wp-json\/wp\/v2\/pages\/32928\/revisions"}],"wp:featuredmedia":[{"embeddable":true,"href":"https:\/\/www.eputec.de\/tr\/wp-json\/wp\/v2\/media\/32930"}],"wp:attachment":[{"href":"https:\/\/www.eputec.de\/tr\/wp-json\/wp\/v2\/media?parent=32928"}],"curies":[{"name":"wp","href":"https:\/\/api.w.org\/{rel}","templated":true}]}}